{"id":751,"date":"2023-11-20T10:45:09","date_gmt":"2023-11-20T09:45:09","guid":{"rendered":"https:\/\/new.taeeuropa.eu\/?page_id=751"},"modified":"2025-12-29T17:59:27","modified_gmt":"2025-12-29T16:59:27","slug":"nuestros-valores","status":"publish","type":"page","link":"https:\/\/www.taeeuropa.eu\/ca\/nosotros\/nuestros-valores\/","title":{"rendered":"Els nostres valors"},"content":{"rendered":"<div data-elementor-type=\"wp-page\" data-elementor-id=\"751\" class=\"elementor elementor-751\">\n\t\t\t\t<div class=\"elementor-element elementor-element-6ac92397 e-con-full e-flex e-con e-parent\" data-id=\"6ac92397\" data-element_type=\"container\" data-e-type=\"container\" data-settings=\"{&quot;background_background&quot;:&quot;classic&quot;,&quot;animation&quot;:&quot;none&quot;}\">\n\t\t\t\t<div class=\"elementor-element elementor-element-5a3215 elementor-invisible elementor-widget elementor-widget-heading\" data-id=\"5a3215\" data-element_type=\"widget\" data-e-type=\"widget\" data-settings=\"{&quot;_animation&quot;:&quot;zoomIn&quot;}\" data-widget_type=\"heading.default\">\n\t\t\t\t<div class=\"elementor-widget-container\">\n\t\t\t\t\t<h1 class=\"elementor-heading-title elementor-size-small\">Els nostres valors<\/h1>\t\t\t\t<\/div>\n\t\t\t\t<\/div>\n\t\t\t\t<\/div>\n\t\t<div class=\"elementor-element elementor-element-7bdb93cd e-con-full e-flex e-con e-parent\" data-id=\"7bdb93cd\" data-element_type=\"container\" data-e-type=\"container\" data-settings=\"{&quot;background_background&quot;:&quot;classic&quot;}\">\n\t\t<div class=\"elementor-element elementor-element-5a2c9f3 e-flex e-con-boxed e-con e-child\" data-id=\"5a2c9f3\" data-element_type=\"container\" data-e-type=\"container\">\n\t\t\t\t\t<div class=\"e-con-inner\">\n\t\t\t\t<div class=\"elementor-element elementor-element-46dbc2d1 elementor-widget-tablet__width-initial elementor-widget-mobile__width-initial elementor-widget__width-initial elementor-position-top elementor-widget elementor-widget-image-box\" data-id=\"46dbc2d1\" data-element_type=\"widget\" data-e-type=\"widget\" data-widget_type=\"image-box.default\">\n\t\t\t\t<div class=\"elementor-widget-container\">\n\t\t\t\t\t<div class=\"elementor-image-box-wrapper\"><figure class=\"elementor-image-box-img\"><img fetchpriority=\"high\" decoding=\"async\" width=\"1362\" height=\"1344\" src=\"https:\/\/www.taeeuropa.eu\/wp-content\/uploads\/ICONOS55-14-14.png\" class=\"elementor-animation-grow attachment-full size-full wp-image-1634\" alt=\"\" srcset=\"https:\/\/www.taeeuropa.eu\/wp-content\/uploads\/ICONOS55-14-14.png 1362w, https:\/\/www.taeeuropa.eu\/wp-content\/uploads\/ICONOS55-14-14-100x100.png 100w, https:\/\/www.taeeuropa.eu\/wp-content\/uploads\/ICONOS55-14-14-600x592.png 600w, https:\/\/www.taeeuropa.eu\/wp-content\/uploads\/ICONOS55-14-14-300x296.png 300w, https:\/\/www.taeeuropa.eu\/wp-content\/uploads\/ICONOS55-14-14-1024x1010.png 1024w, https:\/\/www.taeeuropa.eu\/wp-content\/uploads\/ICONOS55-14-14-768x758.png 768w\" sizes=\"(max-width: 1362px) 100vw, 1362px\" \/><\/figure><div class=\"elementor-image-box-content\"><h4 class=\"elementor-image-box-title\">Especialitzaci\u00f3<\/h4><\/div><\/div>\t\t\t\t<\/div>\n\t\t\t\t<\/div>\n\t\t\t\t<div class=\"elementor-element elementor-element-5899c297 elementor-widget-tablet__width-initial elementor-widget-mobile__width-initial elementor-widget__width-initial elementor-position-top elementor-widget elementor-widget-image-box\" data-id=\"5899c297\" data-element_type=\"widget\" data-e-type=\"widget\" data-widget_type=\"image-box.default\">\n\t\t\t\t<div class=\"elementor-widget-container\">\n\t\t\t\t\t<div class=\"elementor-image-box-wrapper\"><figure class=\"elementor-image-box-img\"><img decoding=\"async\" width=\"1362\" height=\"1344\" src=\"https:\/\/www.taeeuropa.eu\/wp-content\/uploads\/ICONOS7-14-14.png\" class=\"elementor-animation-grow attachment-full size-full wp-image-1635\" alt=\"\" srcset=\"https:\/\/www.taeeuropa.eu\/wp-content\/uploads\/ICONOS7-14-14.png 1362w, https:\/\/www.taeeuropa.eu\/wp-content\/uploads\/ICONOS7-14-14-100x100.png 100w, https:\/\/www.taeeuropa.eu\/wp-content\/uploads\/ICONOS7-14-14-600x592.png 600w, https:\/\/www.taeeuropa.eu\/wp-content\/uploads\/ICONOS7-14-14-300x296.png 300w, https:\/\/www.taeeuropa.eu\/wp-content\/uploads\/ICONOS7-14-14-1024x1010.png 1024w, https:\/\/www.taeeuropa.eu\/wp-content\/uploads\/ICONOS7-14-14-768x758.png 768w\" sizes=\"(max-width: 1362px) 100vw, 1362px\" \/><\/figure><div class=\"elementor-image-box-content\"><h4 class=\"elementor-image-box-title\">Experi\u00e8ncia<\/h4><\/div><\/div>\t\t\t\t<\/div>\n\t\t\t\t<\/div>\n\t\t\t\t<div class=\"elementor-element elementor-element-5b9ec1f1 elementor-widget-tablet__width-initial elementor-widget-mobile__width-initial elementor-widget__width-initial elementor-position-top elementor-widget elementor-widget-image-box\" data-id=\"5b9ec1f1\" data-element_type=\"widget\" data-e-type=\"widget\" data-widget_type=\"image-box.default\">\n\t\t\t\t<div class=\"elementor-widget-container\">\n\t\t\t\t\t<div class=\"elementor-image-box-wrapper\"><figure class=\"elementor-image-box-img\"><img decoding=\"async\" width=\"1362\" height=\"1344\" src=\"https:\/\/www.taeeuropa.eu\/wp-content\/uploads\/ICONOS-14-14-14.png\" class=\"elementor-animation-grow attachment-full size-full wp-image-1636\" alt=\"\" srcset=\"https:\/\/www.taeeuropa.eu\/wp-content\/uploads\/ICONOS-14-14-14.png 1362w, https:\/\/www.taeeuropa.eu\/wp-content\/uploads\/ICONOS-14-14-14-100x100.png 100w, https:\/\/www.taeeuropa.eu\/wp-content\/uploads\/ICONOS-14-14-14-600x592.png 600w, https:\/\/www.taeeuropa.eu\/wp-content\/uploads\/ICONOS-14-14-14-300x296.png 300w, https:\/\/www.taeeuropa.eu\/wp-content\/uploads\/ICONOS-14-14-14-1024x1010.png 1024w, https:\/\/www.taeeuropa.eu\/wp-content\/uploads\/ICONOS-14-14-14-768x758.png 768w\" sizes=\"(max-width: 1362px) 100vw, 1362px\" \/><\/figure><div class=\"elementor-image-box-content\"><h4 class=\"elementor-image-box-title\">Transpar\u00e8ncia<\/h4><\/div><\/div>\t\t\t\t<\/div>\n\t\t\t\t<\/div>\n\t\t\t\t<div class=\"elementor-element elementor-element-4226b85f elementor-widget-tablet__width-initial elementor-widget-mobile__width-initial elementor-widget__width-initial elementor-position-top elementor-widget elementor-widget-image-box\" data-id=\"4226b85f\" data-element_type=\"widget\" data-e-type=\"widget\" data-widget_type=\"image-box.default\">\n\t\t\t\t<div class=\"elementor-widget-container\">\n\t\t\t\t\t<div class=\"elementor-image-box-wrapper\"><figure class=\"elementor-image-box-img\"><img loading=\"lazy\" decoding=\"async\" width=\"1362\" height=\"1344\" src=\"https:\/\/www.taeeuropa.eu\/wp-content\/uploads\/ICONOS2-14-14.png\" class=\"elementor-animation-grow attachment-full size-full wp-image-1637\" alt=\"\" srcset=\"https:\/\/www.taeeuropa.eu\/wp-content\/uploads\/ICONOS2-14-14.png 1362w, https:\/\/www.taeeuropa.eu\/wp-content\/uploads\/ICONOS2-14-14-100x100.png 100w, https:\/\/www.taeeuropa.eu\/wp-content\/uploads\/ICONOS2-14-14-600x592.png 600w, https:\/\/www.taeeuropa.eu\/wp-content\/uploads\/ICONOS2-14-14-300x296.png 300w, https:\/\/www.taeeuropa.eu\/wp-content\/uploads\/ICONOS2-14-14-1024x1010.png 1024w, https:\/\/www.taeeuropa.eu\/wp-content\/uploads\/ICONOS2-14-14-768x758.png 768w\" sizes=\"(max-width: 1362px) 100vw, 1362px\" \/><\/figure><div class=\"elementor-image-box-content\"><h4 class=\"elementor-image-box-title\">Proximitat<\/h4><\/div><\/div>\t\t\t\t<\/div>\n\t\t\t\t<\/div>\n\t\t\t\t<div class=\"elementor-element elementor-element-61edc79b elementor-widget-tablet__width-initial elementor-widget-mobile__width-initial elementor-widget__width-initial elementor-position-top elementor-widget elementor-widget-image-box\" data-id=\"61edc79b\" data-element_type=\"widget\" data-e-type=\"widget\" data-widget_type=\"image-box.default\">\n\t\t\t\t<div class=\"elementor-widget-container\">\n\t\t\t\t\t<div class=\"elementor-image-box-wrapper\"><figure class=\"elementor-image-box-img\"><img loading=\"lazy\" decoding=\"async\" width=\"1362\" height=\"1344\" src=\"https:\/\/www.taeeuropa.eu\/wp-content\/uploads\/ICONOS3-14-14.png\" class=\"elementor-animation-grow attachment-full size-full wp-image-1638\" alt=\"\" srcset=\"https:\/\/www.taeeuropa.eu\/wp-content\/uploads\/ICONOS3-14-14.png 1362w, https:\/\/www.taeeuropa.eu\/wp-content\/uploads\/ICONOS3-14-14-100x100.png 100w, https:\/\/www.taeeuropa.eu\/wp-content\/uploads\/ICONOS3-14-14-600x592.png 600w, https:\/\/www.taeeuropa.eu\/wp-content\/uploads\/ICONOS3-14-14-300x296.png 300w, https:\/\/www.taeeuropa.eu\/wp-content\/uploads\/ICONOS3-14-14-1024x1010.png 1024w, https:\/\/www.taeeuropa.eu\/wp-content\/uploads\/ICONOS3-14-14-768x758.png 768w, https:\/\/www.taeeuropa.eu\/wp-content\/uploads\/elementor\/thumbs\/ICONOS3-14-14-qhtr5pnlqmvlhxns69l0qokige92ryl8z8s82snozu.png 1w, https:\/\/www.taeeuropa.eu\/wp-content\/uploads\/elementor\/thumbs\/ICONOS3-14-14-qhtr5pnlr2nym454bge4rfyhv63e5vmemymoc7k9lg.png 2w, https:\/\/www.taeeuropa.eu\/wp-content\/uploads\/elementor\/thumbs\/ICONOS3-14-14-qhtr5pnlry8ouh3slu0csyqgops0xpopyebkv1deso.png 4w, https:\/\/www.taeeuropa.eu\/wp-content\/uploads\/elementor\/thumbs\/ICONOS3-14-14-qhtr5pnlu56ifdihbs1wwrodqkzlvaui8zju63w9sq.png 9w, https:\/\/www.taeeuropa.eu\/wp-content\/uploads\/elementor\/thumbs\/ICONOS3-14-14-qhtr5pnlyyuipct6wuy554y793934e78hvut1nukeg.png 20w, https:\/\/www.taeeuropa.eu\/wp-content\/uploads\/elementor\/thumbs\/ICONOS3-14-14-qhtr5pnmc4hg6r9b8j7hrylpkaikpx5y9f8cw2zqes.png 50w, https:\/\/www.taeeuropa.eu\/wp-content\/uploads\/elementor\/thumbs\/ICONOS3-14-14-qhtr5pnmkw8qicw24bdq76ddrrcwg9t3fs5e4d36f0.png 70w\" sizes=\"(max-width: 1362px) 100vw, 1362px\" \/><\/figure><div class=\"elementor-image-box-content\"><h4 class=\"elementor-image-box-title\">Confidencialitat <\/h4><\/div><\/div>\t\t\t\t<\/div>\n\t\t\t\t<\/div>\n\t\t\t\t\t<\/div>\n\t\t\t\t<\/div>\n\t\t\t\t<\/div>\n\t\t<div class=\"elementor-element elementor-element-54a37b24 e-con-full e-flex e-con e-parent\" data-id=\"54a37b24\" data-element_type=\"container\" data-e-type=\"container\">\n\t\t\t\t<div class=\"elementor-element elementor-element-3e088b40 elementor-widget elementor-widget-text-editor\" data-id=\"3e088b40\" data-element_type=\"widget\" data-e-type=\"widget\" data-widget_type=\"text-editor.default\">\n\t\t\t\t<div class=\"elementor-widget-container\">\n\t\t\t\t\t\t\t\t\t<p class=\"translation-block\">La nostra <strong>experi\u00e8ncia<\/strong> ens ha ensenyat que en les fusions i adquisicions \u00e9s vital no descuidar cap detall. En TAE Europa, valorem un tracte personal i <strong>pr\u00f2xim<\/strong> en cada operaci\u00f3, adaptant-nos a les necessitats espec\u00edfiques dels nostres clients.<\/p><p class=\"translation-block\">L'honestedat i la <strong>transpar\u00e8ncia<\/strong> s\u00f3n principis fonamentals en la nostra filosofia i ens comprometem a mantenir la m\u00e0xima <strong>confidencialitat <\/strong>en totes les etapes del proc\u00e9s.<\/p><p class=\"translation-block\">Aix\u00ed mateix, comptem amb col\u00b7laboradors altament <strong>especialitzats<\/strong> en la ind\u00fastria de l'alimentaci\u00f3, begudes i agricultura, els qui aporten un profund coneixement del sector.<\/p>\t\t\t\t\t\t\t\t<\/div>\n\t\t\t\t<\/div>\n\t\t\t\t<\/div>\n\t\t\t\t<\/div>","protected":false},"excerpt":{"rendered":"<p>Nuestros valores Especializaci\u00f3n Experiencia Transparencia Cercan\u00eda Confidencialidad Nuestra experiencia nos ha ense\u00f1ado que en las fusiones y adquisiciones es vital no descuidar ning\u00fan detalle. En TAE Europa, valoramos un trato personal y cercano en cada operaci\u00f3n,\u00a0adapt\u00e1ndonos a las necesidades espec\u00edficas de nuestros clientes. La honestidad y la transparencia son principios fundamentales en nuestra filosof\u00eda y&hellip;&nbsp;<a href=\"https:\/\/www.taeeuropa.eu\/ca\/nosotros\/nuestros-valores\/\" rel=\"bookmark\">Llegiu m\u00e9s &raquo;<span class=\"screen-reader-text\">Els nostres valors<\/span><\/a><\/p>","protected":false},"author":3,"featured_media":548,"parent":476,"menu_order":0,"comment_status":"closed","ping_status":"closed","template":"","meta":{"om_disable_all_campaigns":false,"_monsterinsights_skip_tracking":false,"_monsterinsights_sitenote_active":false,"_monsterinsights_sitenote_note":"","_monsterinsights_sitenote_category":0,"neve_meta_sidebar":"","neve_meta_container":"","neve_meta_enable_content_width":"","neve_meta_content_width":0,"neve_meta_title_alignment":"","neve_meta_author_avatar":"","neve_post_elements_order":"","neve_meta_disable_header":"","neve_meta_disable_footer":"","neve_meta_disable_title":"","footnotes":""},"class_list":["post-751","page","type-page","status-publish","has-post-thumbnail","hentry"],"yoast_head":"<!-- This site is optimized with the Yoast SEO plugin v27.4 - https:\/\/yoast.com\/product\/yoast-seo-wordpress\/ -->\n<title>TAE Europa | Nuestros valores<\/title>\n<meta name=\"description\" content=\"En TAE Europa, nuestros valores incluyen un trato personal y cercano. La honestidad y transparencia son fundamentales en cada operaci\u00f3n.\" \/>\n<meta name=\"robots\" content=\"index, follow, max-snippet:-1, max-image-preview:large, max-video-preview:-1\" \/>\n<link rel=\"canonical\" href=\"https:\/\/www.taeeuropa.eu\/ca\/nosotros\/nuestros-valores\/\" \/>\n<meta property=\"og:locale\" content=\"ca_ES\" \/>\n<meta property=\"og:type\" content=\"article\" \/>\n<meta property=\"og:title\" content=\"TAE Europa | Nuestros valores\" \/>\n<meta property=\"og:description\" content=\"En TAE Europa, nuestros valores incluyen un trato personal y cercano. La honestidad y transparencia son fundamentales en cada operaci\u00f3n.\" \/>\n<meta property=\"og:url\" content=\"https:\/\/www.taeeuropa.eu\/ca\/nosotros\/nuestros-valores\/\" \/>\n<meta property=\"og:site_name\" content=\"TAE Europa\" \/>\n<meta property=\"article:modified_time\" content=\"2025-12-29T16:59:27+00:00\" \/>\n<meta property=\"og:image\" content=\"https:\/\/www.taeeuropa.eu\/wp-content\/uploads\/Logo-fondo-blanco.jpg\" \/>\n\t<meta property=\"og:image:width\" content=\"460\" \/>\n\t<meta property=\"og:image:height\" content=\"460\" \/>\n\t<meta property=\"og:image:type\" content=\"image\/jpeg\" \/>\n<meta name=\"twitter:card\" content=\"summary_large_image\" \/>\n<meta name=\"twitter:label1\" content=\"Temps estimat de lectura\" \/>\n\t<meta name=\"twitter:data1\" content=\"2 minuts\" \/>\n<script type=\"application\/ld+json\" class=\"yoast-schema-graph\">{\"@context\":\"https:\\\/\\\/schema.org\",\"@graph\":[{\"@type\":\"WebPage\",\"@id\":\"https:\\\/\\\/www.taeeuropa.eu\\\/nosotros\\\/nuestros-valores\\\/\",\"url\":\"https:\\\/\\\/www.taeeuropa.eu\\\/nosotros\\\/nuestros-valores\\\/\",\"name\":\"TAE Europa | Nuestros valores\",\"isPartOf\":{\"@id\":\"https:\\\/\\\/www.taeeuropa.eu\\\/#website\"},\"primaryImageOfPage\":{\"@id\":\"https:\\\/\\\/www.taeeuropa.eu\\\/nosotros\\\/nuestros-valores\\\/#primaryimage\"},\"image\":{\"@id\":\"https:\\\/\\\/www.taeeuropa.eu\\\/nosotros\\\/nuestros-valores\\\/#primaryimage\"},\"thumbnailUrl\":\"https:\\\/\\\/www.taeeuropa.eu\\\/wp-content\\\/uploads\\\/Logo-fondo-blanco.jpg\",\"datePublished\":\"2023-11-20T09:45:09+00:00\",\"dateModified\":\"2025-12-29T16:59:27+00:00\",\"description\":\"En TAE Europa, nuestros valores incluyen un trato personal y cercano. La honestidad y transparencia son fundamentales en cada operaci\u00f3n.\",\"breadcrumb\":{\"@id\":\"https:\\\/\\\/www.taeeuropa.eu\\\/nosotros\\\/nuestros-valores\\\/#breadcrumb\"},\"inLanguage\":\"ca\",\"potentialAction\":[{\"@type\":\"ReadAction\",\"target\":[\"https:\\\/\\\/www.taeeuropa.eu\\\/nosotros\\\/nuestros-valores\\\/\"]}]},{\"@type\":\"ImageObject\",\"inLanguage\":\"ca\",\"@id\":\"https:\\\/\\\/www.taeeuropa.eu\\\/nosotros\\\/nuestros-valores\\\/#primaryimage\",\"url\":\"https:\\\/\\\/www.taeeuropa.eu\\\/wp-content\\\/uploads\\\/Logo-fondo-blanco.jpg\",\"contentUrl\":\"https:\\\/\\\/www.taeeuropa.eu\\\/wp-content\\\/uploads\\\/Logo-fondo-blanco.jpg\",\"width\":460,\"height\":460,\"caption\":\"Logo de TAE Europa, empresa de M&A especializada en el sector agroalimentario\"},{\"@type\":\"BreadcrumbList\",\"@id\":\"https:\\\/\\\/www.taeeuropa.eu\\\/nosotros\\\/nuestros-valores\\\/#breadcrumb\",\"itemListElement\":[{\"@type\":\"ListItem\",\"position\":1,\"name\":\"Portada\",\"item\":\"https:\\\/\\\/www.taeeuropa.eu\\\/\"},{\"@type\":\"ListItem\",\"position\":2,\"name\":\"Nosotros\",\"item\":\"https:\\\/\\\/www.taeeuropa.eu\\\/nosotros\\\/\"},{\"@type\":\"ListItem\",\"position\":3,\"name\":\"Nuestros valores\"}]},{\"@type\":\"WebSite\",\"@id\":\"https:\\\/\\\/www.taeeuropa.eu\\\/#website\",\"url\":\"https:\\\/\\\/www.taeeuropa.eu\\\/\",\"name\":\"TAE Europa\",\"description\":\"Fusiones y Adquisiciones | Sector agroalimentario\",\"publisher\":{\"@id\":\"https:\\\/\\\/www.taeeuropa.eu\\\/#organization\"},\"potentialAction\":[{\"@type\":\"SearchAction\",\"target\":{\"@type\":\"EntryPoint\",\"urlTemplate\":\"https:\\\/\\\/www.taeeuropa.eu\\\/?s={search_term_string}\"},\"query-input\":{\"@type\":\"PropertyValueSpecification\",\"valueRequired\":true,\"valueName\":\"search_term_string\"}}],\"inLanguage\":\"ca\"},{\"@type\":\"Organization\",\"@id\":\"https:\\\/\\\/www.taeeuropa.eu\\\/#organization\",\"name\":\"TAE Europa\",\"url\":\"https:\\\/\\\/www.taeeuropa.eu\\\/\",\"logo\":{\"@type\":\"ImageObject\",\"inLanguage\":\"ca\",\"@id\":\"https:\\\/\\\/www.taeeuropa.eu\\\/#\\\/schema\\\/logo\\\/image\\\/\",\"url\":\"https:\\\/\\\/www.taeeuropa.eu\\\/wp-content\\\/uploads\\\/Logo-fondo-blanco-1.jpg\",\"contentUrl\":\"https:\\\/\\\/www.taeeuropa.eu\\\/wp-content\\\/uploads\\\/Logo-fondo-blanco-1.jpg\",\"width\":460,\"height\":460,\"caption\":\"TAE Europa\"},\"image\":{\"@id\":\"https:\\\/\\\/www.taeeuropa.eu\\\/#\\\/schema\\\/logo\\\/image\\\/\"},\"sameAs\":[\"https:\\\/\\\/www.linkedin.com\\\/company\\\/taeeuropa\\\/\"]}]}<\/script>\n<!-- \/ Yoast SEO plugin. -->","yoast_head_json":{"title":"TAE Europa | Nuestros valores","description":"En TAE Europa, nuestros valores incluyen un trato personal y cercano. La honestidad y transparencia son fundamentales en cada operaci\u00f3n.","robots":{"index":"index","follow":"follow","max-snippet":"max-snippet:-1","max-image-preview":"max-image-preview:large","max-video-preview":"max-video-preview:-1"},"canonical":"https:\/\/www.taeeuropa.eu\/ca\/nosotros\/nuestros-valores\/","og_locale":"ca_ES","og_type":"article","og_title":"TAE Europa | Nuestros valores","og_description":"En TAE Europa, nuestros valores incluyen un trato personal y cercano. La honestidad y transparencia son fundamentales en cada operaci\u00f3n.","og_url":"https:\/\/www.taeeuropa.eu\/ca\/nosotros\/nuestros-valores\/","og_site_name":"TAE Europa","article_modified_time":"2025-12-29T16:59:27+00:00","og_image":[{"width":460,"height":460,"url":"https:\/\/www.taeeuropa.eu\/wp-content\/uploads\/Logo-fondo-blanco.jpg","type":"image\/jpeg"}],"twitter_card":"summary_large_image","twitter_misc":{"Temps estimat de lectura":"2 minuts"},"schema":{"@context":"https:\/\/schema.org","@graph":[{"@type":"WebPage","@id":"https:\/\/www.taeeuropa.eu\/nosotros\/nuestros-valores\/","url":"https:\/\/www.taeeuropa.eu\/nosotros\/nuestros-valores\/","name":"TAE Europa | Nuestros valores","isPartOf":{"@id":"https:\/\/www.taeeuropa.eu\/#website"},"primaryImageOfPage":{"@id":"https:\/\/www.taeeuropa.eu\/nosotros\/nuestros-valores\/#primaryimage"},"image":{"@id":"https:\/\/www.taeeuropa.eu\/nosotros\/nuestros-valores\/#primaryimage"},"thumbnailUrl":"https:\/\/www.taeeuropa.eu\/wp-content\/uploads\/Logo-fondo-blanco.jpg","datePublished":"2023-11-20T09:45:09+00:00","dateModified":"2025-12-29T16:59:27+00:00","description":"En TAE Europa, nuestros valores incluyen un trato personal y cercano. La honestidad y transparencia son fundamentales en cada operaci\u00f3n.","breadcrumb":{"@id":"https:\/\/www.taeeuropa.eu\/nosotros\/nuestros-valores\/#breadcrumb"},"inLanguage":"ca","potentialAction":[{"@type":"ReadAction","target":["https:\/\/www.taeeuropa.eu\/nosotros\/nuestros-valores\/"]}]},{"@type":"ImageObject","inLanguage":"ca","@id":"https:\/\/www.taeeuropa.eu\/nosotros\/nuestros-valores\/#primaryimage","url":"https:\/\/www.taeeuropa.eu\/wp-content\/uploads\/Logo-fondo-blanco.jpg","contentUrl":"https:\/\/www.taeeuropa.eu\/wp-content\/uploads\/Logo-fondo-blanco.jpg","width":460,"height":460,"caption":"Logo de TAE Europa, empresa de M&A especializada en el sector agroalimentario"},{"@type":"BreadcrumbList","@id":"https:\/\/www.taeeuropa.eu\/nosotros\/nuestros-valores\/#breadcrumb","itemListElement":[{"@type":"ListItem","position":1,"name":"Portada","item":"https:\/\/www.taeeuropa.eu\/"},{"@type":"ListItem","position":2,"name":"Nosotros","item":"https:\/\/www.taeeuropa.eu\/nosotros\/"},{"@type":"ListItem","position":3,"name":"Nuestros valores"}]},{"@type":"WebSite","@id":"https:\/\/www.taeeuropa.eu\/#website","url":"https:\/\/www.taeeuropa.eu\/","name":"TAE Europa","description":"Fusiones y Adquisiciones | Sector agroalimentario","publisher":{"@id":"https:\/\/www.taeeuropa.eu\/#organization"},"potentialAction":[{"@type":"SearchAction","target":{"@type":"EntryPoint","urlTemplate":"https:\/\/www.taeeuropa.eu\/?s={search_term_string}"},"query-input":{"@type":"PropertyValueSpecification","valueRequired":true,"valueName":"search_term_string"}}],"inLanguage":"ca"},{"@type":"Organization","@id":"https:\/\/www.taeeuropa.eu\/#organization","name":"TAE Europa","url":"https:\/\/www.taeeuropa.eu\/","logo":{"@type":"ImageObject","inLanguage":"ca","@id":"https:\/\/www.taeeuropa.eu\/#\/schema\/logo\/image\/","url":"https:\/\/www.taeeuropa.eu\/wp-content\/uploads\/Logo-fondo-blanco-1.jpg","contentUrl":"https:\/\/www.taeeuropa.eu\/wp-content\/uploads\/Logo-fondo-blanco-1.jpg","width":460,"height":460,"caption":"TAE Europa"},"image":{"@id":"https:\/\/www.taeeuropa.eu\/#\/schema\/logo\/image\/"},"sameAs":["https:\/\/www.linkedin.com\/company\/taeeuropa\/"]}]}},"_links":{"self":[{"href":"https:\/\/www.taeeuropa.eu\/ca\/wp-json\/wp\/v2\/pages\/751","targetHints":{"allow":["GET"]}}],"collection":[{"href":"https:\/\/www.taeeuropa.eu\/ca\/wp-json\/wp\/v2\/pages"}],"about":[{"href":"https:\/\/www.taeeuropa.eu\/ca\/wp-json\/wp\/v2\/types\/page"}],"author":[{"embeddable":true,"href":"https:\/\/www.taeeuropa.eu\/ca\/wp-json\/wp\/v2\/users\/3"}],"replies":[{"embeddable":true,"href":"https:\/\/www.taeeuropa.eu\/ca\/wp-json\/wp\/v2\/comments?post=751"}],"version-history":[{"count":124,"href":"https:\/\/www.taeeuropa.eu\/ca\/wp-json\/wp\/v2\/pages\/751\/revisions"}],"predecessor-version":[{"id":9996,"href":"https:\/\/www.taeeuropa.eu\/ca\/wp-json\/wp\/v2\/pages\/751\/revisions\/9996"}],"up":[{"embeddable":true,"href":"https:\/\/www.taeeuropa.eu\/ca\/wp-json\/wp\/v2\/pages\/476"}],"wp:featuredmedia":[{"embeddable":true,"href":"https:\/\/www.taeeuropa.eu\/ca\/wp-json\/wp\/v2\/media\/548"}],"wp:attachment":[{"href":"https:\/\/www.taeeuropa.eu\/ca\/wp-json\/wp\/v2\/media?parent=751"}],"curies":[{"name":"wp","href":"https:\/\/api.w.org\/{rel}","templated":true}]}}