{"id":776,"date":"2023-11-20T10:55:30","date_gmt":"2023-11-20T09:55:30","guid":{"rendered":"https:\/\/new.taeeuropa.eu\/?page_id=776"},"modified":"2024-03-12T18:33:59","modified_gmt":"2024-03-12T17:33:59","slug":"bodegas","status":"publish","type":"page","link":"https:\/\/www.taeeuropa.eu\/ca\/empresas-en-venta\/bodegas\/","title":{"rendered":"Bodegues"},"content":{"rendered":"<div data-elementor-type=\"wp-page\" data-elementor-id=\"776\" class=\"elementor elementor-776\">\n\t\t\t\t<div class=\"elementor-element elementor-element-712d8ef2 e-con-full e-flex e-con e-parent\" data-id=\"712d8ef2\" data-element_type=\"container\" data-e-type=\"container\" data-settings=\"{&quot;background_background&quot;:&quot;classic&quot;,&quot;animation&quot;:&quot;none&quot;}\">\n\t\t\t\t<div class=\"elementor-element elementor-element-68719f9a elementor-invisible elementor-widget elementor-widget-heading\" data-id=\"68719f9a\" data-element_type=\"widget\" data-e-type=\"widget\" data-settings=\"{&quot;_animation&quot;:&quot;zoomIn&quot;}\" data-widget_type=\"heading.default\">\n\t\t\t\t<div class=\"elementor-widget-container\">\n\t\t\t\t\t<h1 class=\"elementor-heading-title elementor-size-small\">Bodegues en venda<\/h1>\t\t\t\t<\/div>\n\t\t\t\t<\/div>\n\t\t\t\t<\/div>\n\t\t<div class=\"elementor-element elementor-element-4ed87849 e-con-full e-flex e-con e-parent\" data-id=\"4ed87849\" data-element_type=\"container\" data-e-type=\"container\" data-settings=\"{&quot;background_background&quot;:&quot;classic&quot;}\">\n\t\t\t\t<div class=\"elementor-element elementor-element-1176445f elementor-widget-mobile__width-initial elementor-widget__width-initial elementor-widget elementor-widget-heading\" data-id=\"1176445f\" data-element_type=\"widget\" data-e-type=\"widget\" data-widget_type=\"heading.default\">\n\t\t\t\t<div class=\"elementor-widget-container\">\n\t\t\t\t\t<h2 class=\"elementor-heading-title elementor-size-small\">Conscients de la singularitat del mercat del vi.<\/h2>\t\t\t\t<\/div>\n\t\t\t\t<\/div>\n\t\t\t\t<\/div>\n\t\t<div class=\"elementor-element elementor-element-7379eac9 e-con-full e-flex e-con e-parent\" data-id=\"7379eac9\" data-element_type=\"container\" data-e-type=\"container\">\n\t\t\t\t<div class=\"elementor-element elementor-element-5c65d800 elementor-widget elementor-widget-text-editor\" data-id=\"5c65d800\" data-element_type=\"widget\" data-e-type=\"widget\" data-widget_type=\"text-editor.default\">\n\t\t\t\t<div class=\"elementor-widget-container\">\n\t\t\t\t\t\t\t\t\t<p style=\"text-align: center;\">Explora el nostre portafoli de cellers, amb la confian\u00e7a de comptar amb l'assessorament d'experts. Entenem les peculiaritats del mercat del vi i som aqu\u00ed, per a guiar-te en cada elecci\u00f3.<\/p>\t\t\t\t\t\t\t\t<\/div>\n\t\t\t\t<\/div>\n\t\t\t\t<\/div>\n\t\t<div class=\"elementor-element elementor-element-2d4f01ba e-con-full e-flex e-con e-parent\" data-id=\"2d4f01ba\" data-element_type=\"container\" data-e-type=\"container\">\n\t\t\t\t<div class=\"elementor-element elementor-element-72b75722 elementor-widget elementor-widget-text-editor\" data-id=\"72b75722\" data-element_type=\"widget\" data-e-type=\"widget\" data-widget_type=\"text-editor.default\">\n\t\t\t\t<div class=\"elementor-widget-container\">\n\t\t\t\t\t\t\t\t\t<p style=\"text-align: center;\"><div class=\"woocommerce columns-4\"><ul class=\"products columns-4\">\n<li class=\"product type-product post-7782 status-publish first instock product_cat-bodegas has-post-thumbnail shipping-taxable product-type-simple\">\n\t<div class=\"nv-card-content-wrapper\"><a href=\"https:\/\/www.taeeuropa.eu\/ca\/producte\/bodega-argentina\/\" class=\"woocommerce-LoopProduct-link woocommerce-loop-product__link\"><div class=\"sp-product-image\"><div class=\"img-wrap\"><img fetchpriority=\"high\" decoding=\"async\" width=\"300\" height=\"300\" src=\"https:\/\/www.taeeuropa.eu\/wp-content\/uploads\/crotta-300x300.jpg\" class=\"attachment-woocommerce_thumbnail size-woocommerce_thumbnail\" alt=\"Imagen de una bodega familiar en venta en Mendoza, Argentina, con 250 hect\u00e1reas de vi\u00f1edos, buena accesibilidad y variedad de uvas.\" srcset=\"https:\/\/www.taeeuropa.eu\/wp-content\/uploads\/crotta-300x300.jpg 300w, https:\/\/www.taeeuropa.eu\/wp-content\/uploads\/crotta-150x150.jpg 150w, https:\/\/www.taeeuropa.eu\/wp-content\/uploads\/crotta-100x100.jpg 100w\" sizes=\"(max-width: 300px) 100vw, 300px\" \/><\/div><\/div><h2 class=\"woocommerce-loop-product__title\">Argentina<\/h2>\n<\/a><a href=\"https:\/\/www.taeeuropa.eu\/ca\/producte\/bodega-argentina\/\" aria-describedby=\"woocommerce_loop_add_to_cart_link_describedby_7782\" data-quantity=\"1\" class=\"button product_type_simple\" data-product_id=\"7782\" data-product_sku=\"\" aria-label=\"M\u00e9s informaci\u00f3 sobre \u201cArgentina\u201d\" rel=\"nofollow\" data-success_message=\"\" data-no-translation=\"\" data-trp-gettext=\"\" data-no-translation-aria-label=\"\">Llegeix m\u00e9s<\/a>\t<span id=\"woocommerce_loop_add_to_cart_link_describedby_7782\" class=\"screen-reader-text\">\n\t\t\t<\/span>\n<\/div><\/li>\n<li class=\"product type-product post-8013 status-publish instock product_cat-bodegas has-post-thumbnail shipping-taxable product-type-simple\">\n\t<div class=\"nv-card-content-wrapper\"><a href=\"https:\/\/www.taeeuropa.eu\/ca\/producte\/bodega-rioja\/\" class=\"woocommerce-LoopProduct-link woocommerce-loop-product__link\"><div class=\"sp-product-image\"><div class=\"img-wrap\"><img decoding=\"async\" width=\"300\" height=\"300\" src=\"https:\/\/www.taeeuropa.eu\/wp-content\/uploads\/manos-sosteniendo-cortando-uva-planta_1150-42503-300x300.jpg\" class=\"attachment-woocommerce_thumbnail size-woocommerce_thumbnail\" alt=\"Imagen de una bodega en venta, rodeada de vi\u00f1edos y paisaje rural, ideal para inversi\u00f3n vin\u00edcola.\" srcset=\"https:\/\/www.taeeuropa.eu\/wp-content\/uploads\/manos-sosteniendo-cortando-uva-planta_1150-42503-300x300.jpg 300w, https:\/\/www.taeeuropa.eu\/wp-content\/uploads\/manos-sosteniendo-cortando-uva-planta_1150-42503-150x150.jpg 150w, https:\/\/www.taeeuropa.eu\/wp-content\/uploads\/manos-sosteniendo-cortando-uva-planta_1150-42503-100x100.jpg 100w\" sizes=\"(max-width: 300px) 100vw, 300px\" \/><\/div><\/div><h2 class=\"woocommerce-loop-product__title\">Celler Rioja<\/h2>\n<\/a><a href=\"https:\/\/www.taeeuropa.eu\/ca\/producte\/bodega-rioja\/\" aria-describedby=\"woocommerce_loop_add_to_cart_link_describedby_8013\" data-quantity=\"1\" class=\"button product_type_simple\" data-product_id=\"8013\" data-product_sku=\"\" aria-label=\"M\u00e9s informaci\u00f3 sobre \u201cBodega Rioja\u201d\" rel=\"nofollow\" data-success_message=\"\" data-no-translation=\"\" data-trp-gettext=\"\" data-no-translation-aria-label=\"\">Llegeix m\u00e9s<\/a>\t<span id=\"woocommerce_loop_add_to_cart_link_describedby_8013\" class=\"screen-reader-text\">\n\t\t\t<\/span>\n<\/div><\/li>\n<li class=\"product type-product post-8011 status-publish instock product_cat-bodegas has-post-thumbnail shipping-taxable product-type-simple\">\n\t<div class=\"nv-card-content-wrapper\"><a href=\"https:\/\/www.taeeuropa.eu\/ca\/producte\/la-rioja\/\" class=\"woocommerce-LoopProduct-link woocommerce-loop-product__link\"><div class=\"sp-product-image\"><div class=\"img-wrap\"><img decoding=\"async\" width=\"300\" height=\"300\" src=\"https:\/\/www.taeeuropa.eu\/wp-content\/uploads\/barriles-bodega_1398-4745-300x300.jpg\" class=\"attachment-woocommerce_thumbnail size-woocommerce_thumbnail\" alt=\"Bodega en venta en Rioja, rodeada de vi\u00f1edos, que sigue m\u00e9todos tradicionales bordeleses para cultivar, seleccionar y envejecer vinos.\" srcset=\"https:\/\/www.taeeuropa.eu\/wp-content\/uploads\/barriles-bodega_1398-4745-300x300.jpg 300w, https:\/\/www.taeeuropa.eu\/wp-content\/uploads\/barriles-bodega_1398-4745-150x150.jpg 150w, https:\/\/www.taeeuropa.eu\/wp-content\/uploads\/barriles-bodega_1398-4745-100x100.jpg 100w\" sizes=\"(max-width: 300px) 100vw, 300px\" \/><\/div><\/div><h2 class=\"woocommerce-loop-product__title\">La Rioja<\/h2>\n<\/a><a href=\"https:\/\/www.taeeuropa.eu\/ca\/producte\/la-rioja\/\" aria-describedby=\"woocommerce_loop_add_to_cart_link_describedby_8011\" data-quantity=\"1\" class=\"button product_type_simple\" data-product_id=\"8011\" data-product_sku=\"\" aria-label=\"M\u00e9s informaci\u00f3 sobre \u201cLa Rioja\u201d\" rel=\"nofollow\" data-success_message=\"\" data-no-translation=\"\" data-trp-gettext=\"\" data-no-translation-aria-label=\"\">Llegeix m\u00e9s<\/a>\t<span id=\"woocommerce_loop_add_to_cart_link_describedby_8011\" class=\"screen-reader-text\">\n\t\t\t<\/span>\n<\/div><\/li>\n<li class=\"product type-product post-8015 status-publish last instock product_cat-bodegas has-post-thumbnail shipping-taxable product-type-simple\">\n\t<div class=\"nv-card-content-wrapper\"><a href=\"https:\/\/www.taeeuropa.eu\/ca\/producte\/bodega-rioja-alavesa\/\" class=\"woocommerce-LoopProduct-link woocommerce-loop-product__link\"><div class=\"sp-product-image\"><div class=\"img-wrap\"><img loading=\"lazy\" decoding=\"async\" width=\"300\" height=\"300\" src=\"https:\/\/www.taeeuropa.eu\/wp-content\/uploads\/vista-frontal-botellas-vino-copa-vino-superficie-oscura_140725-68575-300x300.jpg\" class=\"attachment-woocommerce_thumbnail size-woocommerce_thumbnail\" alt=\"Bodega en venta en la Rioja Alavesa, con instalaciones para producci\u00f3n y almacenamiento de vino. Ideal para inversores.\" srcset=\"https:\/\/www.taeeuropa.eu\/wp-content\/uploads\/vista-frontal-botellas-vino-copa-vino-superficie-oscura_140725-68575-300x300.jpg 300w, https:\/\/www.taeeuropa.eu\/wp-content\/uploads\/vista-frontal-botellas-vino-copa-vino-superficie-oscura_140725-68575-150x150.jpg 150w, https:\/\/www.taeeuropa.eu\/wp-content\/uploads\/vista-frontal-botellas-vino-copa-vino-superficie-oscura_140725-68575-100x100.jpg 100w\" sizes=\"(max-width: 300px) 100vw, 300px\" \/><\/div><\/div><h2 class=\"woocommerce-loop-product__title\">Rioja Alabesa<\/h2>\n<\/a><a href=\"https:\/\/www.taeeuropa.eu\/ca\/producte\/bodega-rioja-alavesa\/\" aria-describedby=\"woocommerce_loop_add_to_cart_link_describedby_8015\" data-quantity=\"1\" class=\"button product_type_simple\" data-product_id=\"8015\" data-product_sku=\"\" aria-label=\"M\u00e9s informaci\u00f3 sobre \u201cRioja Alavesa\u201d\" rel=\"nofollow\" data-success_message=\"\" data-no-translation=\"\" data-trp-gettext=\"\" data-no-translation-aria-label=\"\">Llegeix m\u00e9s<\/a>\t<span id=\"woocommerce_loop_add_to_cart_link_describedby_8015\" class=\"screen-reader-text\">\n\t\t\t<\/span>\n<\/div><\/li>\n<li class=\"product type-product post-5391 status-publish first instock product_cat-bodegas has-post-thumbnail shipping-taxable product-type-simple\">\n\t<div class=\"nv-card-content-wrapper\"><a href=\"https:\/\/www.taeeuropa.eu\/ca\/producte\/bodega-de-tarragona\/\" class=\"woocommerce-LoopProduct-link woocommerce-loop-product__link\"><div class=\"sp-product-image\"><div class=\"img-wrap\"><img loading=\"lazy\" decoding=\"async\" width=\"300\" height=\"300\" src=\"https:\/\/www.taeeuropa.eu\/wp-content\/uploads\/vista-lateral-vino-tinto-uva-piedra-negra-horizontal-300x300.jpg\" class=\"attachment-woocommerce_thumbnail size-woocommerce_thumbnail\" alt=\"Imagen de bodega en venta, de car\u00e1cter familiar que produce vino tinto de la provincia de Tarragona.\" srcset=\"https:\/\/www.taeeuropa.eu\/wp-content\/uploads\/vista-lateral-vino-tinto-uva-piedra-negra-horizontal-300x300.jpg 300w, https:\/\/www.taeeuropa.eu\/wp-content\/uploads\/vista-lateral-vino-tinto-uva-piedra-negra-horizontal-150x150.jpg 150w, https:\/\/www.taeeuropa.eu\/wp-content\/uploads\/vista-lateral-vino-tinto-uva-piedra-negra-horizontal-100x100.jpg 100w\" sizes=\"(max-width: 300px) 100vw, 300px\" \/><\/div><\/div><h2 class=\"woocommerce-loop-product__title\">Celler de Tarragona<\/h2>\n<\/a><a href=\"https:\/\/www.taeeuropa.eu\/ca\/producte\/bodega-de-tarragona\/\" aria-describedby=\"woocommerce_loop_add_to_cart_link_describedby_5391\" data-quantity=\"1\" class=\"button product_type_simple\" data-product_id=\"5391\" data-product_sku=\"\" aria-label=\"M\u00e9s informaci\u00f3 sobre \u201cBodega de Tarragona\u201d\" rel=\"nofollow\" data-success_message=\"\" data-no-translation=\"\" data-trp-gettext=\"\" data-no-translation-aria-label=\"\">Llegeix m\u00e9s<\/a>\t<span id=\"woocommerce_loop_add_to_cart_link_describedby_5391\" class=\"screen-reader-text\">\n\t\t\t<\/span>\n<\/div><\/li>\n<\/ul>\n<\/div><\/p>\t\t\t\t\t\t\t\t<\/div>\n\t\t\t\t<\/div>\n\t\t\t\t<\/div>\n\t\t\t\t<\/div>","protected":false},"excerpt":{"rendered":"<p>Bodegas en venta Conscientes de la singularidad del mercado del vino. Explora nuestro portafolio de bodegas, con la confianza de contar con el asesoramiento de expertos. Entendemos las peculiaridades del mercado del vino y estamos aqu\u00ed, para guiarte en cada elecci\u00f3n.<\/p>","protected":false},"author":3,"featured_media":548,"parent":539,"menu_order":0,"comment_status":"closed","ping_status":"closed","template":"","meta":{"om_disable_all_campaigns":false,"_monsterinsights_skip_tracking":false,"_monsterinsights_sitenote_active":false,"_monsterinsights_sitenote_note":"","_monsterinsights_sitenote_category":0,"neve_meta_sidebar":"","neve_meta_container":"","neve_meta_enable_content_width":"","neve_meta_content_width":0,"neve_meta_title_alignment":"","neve_meta_author_avatar":"","neve_post_elements_order":"","neve_meta_disable_header":"","neve_meta_disable_footer":"","neve_meta_disable_title":"","footnotes":""},"class_list":["post-776","page","type-page","status-publish","has-post-thumbnail","hentry"],"yoast_head":"<!-- This site is optimized with the Yoast SEO plugin v27.5 - https:\/\/yoast.com\/product\/yoast-seo-wordpress\/ -->\n<title>TAE Europa | Bodegas<\/title>\n<meta name=\"description\" content=\"Explora nuestro portafolio de bodegas, Entendemos las peculiaridades del mercado del vino y estamos para guiarte en cada elecci\u00f3n.\" \/>\n<meta name=\"robots\" content=\"index, follow, max-snippet:-1, max-image-preview:large, max-video-preview:-1\" \/>\n<link rel=\"canonical\" href=\"https:\/\/www.taeeuropa.eu\/ca\/empresas-en-venta\/bodegas\/\" \/>\n<meta property=\"og:locale\" content=\"ca_ES\" \/>\n<meta property=\"og:type\" content=\"article\" \/>\n<meta property=\"og:title\" content=\"TAE Europa | Bodegas\" \/>\n<meta property=\"og:description\" content=\"Explora nuestro portafolio de bodegas, Entendemos las peculiaridades del mercado del vino y estamos para guiarte en cada elecci\u00f3n.\" \/>\n<meta property=\"og:url\" content=\"https:\/\/www.taeeuropa.eu\/ca\/empresas-en-venta\/bodegas\/\" \/>\n<meta property=\"og:site_name\" content=\"TAE Europa\" \/>\n<meta property=\"article:modified_time\" content=\"2024-03-12T17:33:59+00:00\" \/>\n<meta property=\"og:image\" content=\"https:\/\/www.taeeuropa.eu\/wp-content\/uploads\/Logo-fondo-blanco.jpg\" \/>\n\t<meta property=\"og:image:width\" content=\"460\" \/>\n\t<meta property=\"og:image:height\" content=\"460\" \/>\n\t<meta property=\"og:image:type\" content=\"image\/jpeg\" \/>\n<meta name=\"twitter:card\" content=\"summary_large_image\" \/>\n<meta name=\"twitter:label1\" content=\"Temps estimat de lectura\" \/>\n\t<meta name=\"twitter:data1\" content=\"1 minut\" \/>\n<script type=\"application\/ld+json\" class=\"yoast-schema-graph\">{\"@context\":\"https:\\\/\\\/schema.org\",\"@graph\":[{\"@type\":\"WebPage\",\"@id\":\"https:\\\/\\\/www.taeeuropa.eu\\\/empresas-en-venta\\\/bodegas\\\/\",\"url\":\"https:\\\/\\\/www.taeeuropa.eu\\\/empresas-en-venta\\\/bodegas\\\/\",\"name\":\"TAE Europa | Bodegas\",\"isPartOf\":{\"@id\":\"https:\\\/\\\/www.taeeuropa.eu\\\/#website\"},\"primaryImageOfPage\":{\"@id\":\"https:\\\/\\\/www.taeeuropa.eu\\\/empresas-en-venta\\\/bodegas\\\/#primaryimage\"},\"image\":{\"@id\":\"https:\\\/\\\/www.taeeuropa.eu\\\/empresas-en-venta\\\/bodegas\\\/#primaryimage\"},\"thumbnailUrl\":\"https:\\\/\\\/www.taeeuropa.eu\\\/wp-content\\\/uploads\\\/Logo-fondo-blanco.jpg\",\"datePublished\":\"2023-11-20T09:55:30+00:00\",\"dateModified\":\"2024-03-12T17:33:59+00:00\",\"description\":\"Explora nuestro portafolio de bodegas, Entendemos las peculiaridades del mercado del vino y estamos para guiarte en cada elecci\u00f3n.\",\"breadcrumb\":{\"@id\":\"https:\\\/\\\/www.taeeuropa.eu\\\/empresas-en-venta\\\/bodegas\\\/#breadcrumb\"},\"inLanguage\":\"ca\",\"potentialAction\":[{\"@type\":\"ReadAction\",\"target\":[\"https:\\\/\\\/www.taeeuropa.eu\\\/empresas-en-venta\\\/bodegas\\\/\"]}]},{\"@type\":\"ImageObject\",\"inLanguage\":\"ca\",\"@id\":\"https:\\\/\\\/www.taeeuropa.eu\\\/empresas-en-venta\\\/bodegas\\\/#primaryimage\",\"url\":\"https:\\\/\\\/www.taeeuropa.eu\\\/wp-content\\\/uploads\\\/Logo-fondo-blanco.jpg\",\"contentUrl\":\"https:\\\/\\\/www.taeeuropa.eu\\\/wp-content\\\/uploads\\\/Logo-fondo-blanco.jpg\",\"width\":460,\"height\":460,\"caption\":\"Logo de TAE Europa, empresa de M&A especializada en el sector agroalimentario\"},{\"@type\":\"BreadcrumbList\",\"@id\":\"https:\\\/\\\/www.taeeuropa.eu\\\/empresas-en-venta\\\/bodegas\\\/#breadcrumb\",\"itemListElement\":[{\"@type\":\"ListItem\",\"position\":1,\"name\":\"Portada\",\"item\":\"https:\\\/\\\/www.taeeuropa.eu\\\/\"},{\"@type\":\"ListItem\",\"position\":2,\"name\":\"Empresas en venta\",\"item\":\"https:\\\/\\\/www.taeeuropa.eu\\\/empresas-en-venta\\\/\"},{\"@type\":\"ListItem\",\"position\":3,\"name\":\"Bodegas\"}]},{\"@type\":\"WebSite\",\"@id\":\"https:\\\/\\\/www.taeeuropa.eu\\\/#website\",\"url\":\"https:\\\/\\\/www.taeeuropa.eu\\\/\",\"name\":\"TAE Europa\",\"description\":\"Fusiones y Adquisiciones | Sector agroalimentario\",\"publisher\":{\"@id\":\"https:\\\/\\\/www.taeeuropa.eu\\\/#organization\"},\"potentialAction\":[{\"@type\":\"SearchAction\",\"target\":{\"@type\":\"EntryPoint\",\"urlTemplate\":\"https:\\\/\\\/www.taeeuropa.eu\\\/?s={search_term_string}\"},\"query-input\":{\"@type\":\"PropertyValueSpecification\",\"valueRequired\":true,\"valueName\":\"search_term_string\"}}],\"inLanguage\":\"ca\"},{\"@type\":\"Organization\",\"@id\":\"https:\\\/\\\/www.taeeuropa.eu\\\/#organization\",\"name\":\"TAE Europa\",\"url\":\"https:\\\/\\\/www.taeeuropa.eu\\\/\",\"logo\":{\"@type\":\"ImageObject\",\"inLanguage\":\"ca\",\"@id\":\"https:\\\/\\\/www.taeeuropa.eu\\\/#\\\/schema\\\/logo\\\/image\\\/\",\"url\":\"https:\\\/\\\/www.taeeuropa.eu\\\/wp-content\\\/uploads\\\/Logo-fondo-blanco-1.jpg\",\"contentUrl\":\"https:\\\/\\\/www.taeeuropa.eu\\\/wp-content\\\/uploads\\\/Logo-fondo-blanco-1.jpg\",\"width\":460,\"height\":460,\"caption\":\"TAE Europa\"},\"image\":{\"@id\":\"https:\\\/\\\/www.taeeuropa.eu\\\/#\\\/schema\\\/logo\\\/image\\\/\"},\"sameAs\":[\"https:\\\/\\\/www.linkedin.com\\\/company\\\/taeeuropa\\\/\"]}]}<\/script>\n<!-- \/ Yoast SEO plugin. -->","yoast_head_json":{"title":"TAE Europa | Bodegas","description":"Explora nuestro portafolio de bodegas, Entendemos las peculiaridades del mercado del vino y estamos para guiarte en cada elecci\u00f3n.","robots":{"index":"index","follow":"follow","max-snippet":"max-snippet:-1","max-image-preview":"max-image-preview:large","max-video-preview":"max-video-preview:-1"},"canonical":"https:\/\/www.taeeuropa.eu\/ca\/empresas-en-venta\/bodegas\/","og_locale":"ca_ES","og_type":"article","og_title":"TAE Europa | Bodegas","og_description":"Explora nuestro portafolio de bodegas, Entendemos las peculiaridades del mercado del vino y estamos para guiarte en cada elecci\u00f3n.","og_url":"https:\/\/www.taeeuropa.eu\/ca\/empresas-en-venta\/bodegas\/","og_site_name":"TAE Europa","article_modified_time":"2024-03-12T17:33:59+00:00","og_image":[{"width":460,"height":460,"url":"https:\/\/www.taeeuropa.eu\/wp-content\/uploads\/Logo-fondo-blanco.jpg","type":"image\/jpeg"}],"twitter_card":"summary_large_image","twitter_misc":{"Temps estimat de lectura":"1 minut"},"schema":{"@context":"https:\/\/schema.org","@graph":[{"@type":"WebPage","@id":"https:\/\/www.taeeuropa.eu\/empresas-en-venta\/bodegas\/","url":"https:\/\/www.taeeuropa.eu\/empresas-en-venta\/bodegas\/","name":"TAE Europa | Bodegas","isPartOf":{"@id":"https:\/\/www.taeeuropa.eu\/#website"},"primaryImageOfPage":{"@id":"https:\/\/www.taeeuropa.eu\/empresas-en-venta\/bodegas\/#primaryimage"},"image":{"@id":"https:\/\/www.taeeuropa.eu\/empresas-en-venta\/bodegas\/#primaryimage"},"thumbnailUrl":"https:\/\/www.taeeuropa.eu\/wp-content\/uploads\/Logo-fondo-blanco.jpg","datePublished":"2023-11-20T09:55:30+00:00","dateModified":"2024-03-12T17:33:59+00:00","description":"Explora nuestro portafolio de bodegas, Entendemos las peculiaridades del mercado del vino y estamos para guiarte en cada elecci\u00f3n.","breadcrumb":{"@id":"https:\/\/www.taeeuropa.eu\/empresas-en-venta\/bodegas\/#breadcrumb"},"inLanguage":"ca","potentialAction":[{"@type":"ReadAction","target":["https:\/\/www.taeeuropa.eu\/empresas-en-venta\/bodegas\/"]}]},{"@type":"ImageObject","inLanguage":"ca","@id":"https:\/\/www.taeeuropa.eu\/empresas-en-venta\/bodegas\/#primaryimage","url":"https:\/\/www.taeeuropa.eu\/wp-content\/uploads\/Logo-fondo-blanco.jpg","contentUrl":"https:\/\/www.taeeuropa.eu\/wp-content\/uploads\/Logo-fondo-blanco.jpg","width":460,"height":460,"caption":"Logo de TAE Europa, empresa de M&A especializada en el sector agroalimentario"},{"@type":"BreadcrumbList","@id":"https:\/\/www.taeeuropa.eu\/empresas-en-venta\/bodegas\/#breadcrumb","itemListElement":[{"@type":"ListItem","position":1,"name":"Portada","item":"https:\/\/www.taeeuropa.eu\/"},{"@type":"ListItem","position":2,"name":"Empresas en venta","item":"https:\/\/www.taeeuropa.eu\/empresas-en-venta\/"},{"@type":"ListItem","position":3,"name":"Bodegas"}]},{"@type":"WebSite","@id":"https:\/\/www.taeeuropa.eu\/#website","url":"https:\/\/www.taeeuropa.eu\/","name":"TAE Europa","description":"Fusiones y Adquisiciones | Sector agroalimentario","publisher":{"@id":"https:\/\/www.taeeuropa.eu\/#organization"},"potentialAction":[{"@type":"SearchAction","target":{"@type":"EntryPoint","urlTemplate":"https:\/\/www.taeeuropa.eu\/?s={search_term_string}"},"query-input":{"@type":"PropertyValueSpecification","valueRequired":true,"valueName":"search_term_string"}}],"inLanguage":"ca"},{"@type":"Organization","@id":"https:\/\/www.taeeuropa.eu\/#organization","name":"TAE Europa","url":"https:\/\/www.taeeuropa.eu\/","logo":{"@type":"ImageObject","inLanguage":"ca","@id":"https:\/\/www.taeeuropa.eu\/#\/schema\/logo\/image\/","url":"https:\/\/www.taeeuropa.eu\/wp-content\/uploads\/Logo-fondo-blanco-1.jpg","contentUrl":"https:\/\/www.taeeuropa.eu\/wp-content\/uploads\/Logo-fondo-blanco-1.jpg","width":460,"height":460,"caption":"TAE Europa"},"image":{"@id":"https:\/\/www.taeeuropa.eu\/#\/schema\/logo\/image\/"},"sameAs":["https:\/\/www.linkedin.com\/company\/taeeuropa\/"]}]}},"_links":{"self":[{"href":"https:\/\/www.taeeuropa.eu\/ca\/wp-json\/wp\/v2\/pages\/776","targetHints":{"allow":["GET"]}}],"collection":[{"href":"https:\/\/www.taeeuropa.eu\/ca\/wp-json\/wp\/v2\/pages"}],"about":[{"href":"https:\/\/www.taeeuropa.eu\/ca\/wp-json\/wp\/v2\/types\/page"}],"author":[{"embeddable":true,"href":"https:\/\/www.taeeuropa.eu\/ca\/wp-json\/wp\/v2\/users\/3"}],"replies":[{"embeddable":true,"href":"https:\/\/www.taeeuropa.eu\/ca\/wp-json\/wp\/v2\/comments?post=776"}],"version-history":[{"count":154,"href":"https:\/\/www.taeeuropa.eu\/ca\/wp-json\/wp\/v2\/pages\/776\/revisions"}],"predecessor-version":[{"id":7492,"href":"https:\/\/www.taeeuropa.eu\/ca\/wp-json\/wp\/v2\/pages\/776\/revisions\/7492"}],"up":[{"embeddable":true,"href":"https:\/\/www.taeeuropa.eu\/ca\/wp-json\/wp\/v2\/pages\/539"}],"wp:featuredmedia":[{"embeddable":true,"href":"https:\/\/www.taeeuropa.eu\/ca\/wp-json\/wp\/v2\/media\/548"}],"wp:attachment":[{"href":"https:\/\/www.taeeuropa.eu\/ca\/wp-json\/wp\/v2\/media?parent=776"}],"curies":[{"name":"wp","href":"https:\/\/api.w.org\/{rel}","templated":true}]}}