{"id":8589,"date":"2025-01-31T11:05:44","date_gmt":"2025-01-31T10:05:44","guid":{"rendered":"https:\/\/www.taeeuropa.eu\/?page_id=8589"},"modified":"2025-05-09T17:50:24","modified_gmt":"2025-05-09T15:50:24","slug":"trading-brokerage","status":"publish","type":"page","link":"https:\/\/www.taeeuropa.eu\/ca\/otros-servicios\/trading-brokerage\/","title":{"rendered":"Negociaci\u00f3 i intermediaci\u00f3"},"content":{"rendered":"<div data-elementor-type=\"wp-page\" data-elementor-id=\"8589\" class=\"elementor elementor-8589\">\n\t\t\t\t<div class=\"elementor-element elementor-element-1b5207a0 e-con-full e-flex e-con e-parent\" data-id=\"1b5207a0\" data-element_type=\"container\" data-e-type=\"container\" data-settings=\"{&quot;background_background&quot;:&quot;classic&quot;,&quot;animation&quot;:&quot;none&quot;}\">\n\t\t\t\t<div class=\"elementor-element elementor-element-7acdd758 elementor-invisible elementor-widget elementor-widget-heading\" data-id=\"7acdd758\" data-element_type=\"widget\" data-e-type=\"widget\" data-settings=\"{&quot;_animation&quot;:&quot;zoomIn&quot;}\" data-widget_type=\"heading.default\">\n\t\t\t\t<div class=\"elementor-widget-container\">\n\t\t\t\t\t<h1 class=\"elementor-heading-title elementor-size-small\">Negociaci\u00f3 i intermediaci\u00f3<\/h1>\t\t\t\t<\/div>\n\t\t\t\t<\/div>\n\t\t\t\t<\/div>\n\t\t<div class=\"elementor-element elementor-element-ee8cc12 e-flex e-con-boxed e-con e-parent\" data-id=\"ee8cc12\" data-element_type=\"container\" data-e-type=\"container\">\n\t\t\t\t\t<div class=\"e-con-inner\">\n\t\t<div class=\"elementor-element elementor-element-129e1f2 e-con-full e-flex e-con e-child\" data-id=\"129e1f2\" data-element_type=\"container\" data-e-type=\"container\">\n\t\t\t\t<\/div>\n\t\t<div class=\"elementor-element elementor-element-51046f5 e-con-full e-flex e-con e-child\" data-id=\"51046f5\" data-element_type=\"container\" data-e-type=\"container\" data-settings=\"{&quot;background_background&quot;:&quot;classic&quot;}\">\n\t\t\t\t<div class=\"elementor-element elementor-element-eddbeb6 elementor-widget elementor-widget-image\" data-id=\"eddbeb6\" data-element_type=\"widget\" data-e-type=\"widget\" data-widget_type=\"image.default\">\n\t\t\t\t<div class=\"elementor-widget-container\">\n\t\t\t\t\t\t\t\t\t\t\t\t\t\t\t<img fetchpriority=\"high\" decoding=\"async\" width=\"768\" height=\"316\" src=\"https:\/\/www.taeeuropa.eu\/wp-content\/uploads\/Sin-titulo-2_Mesa-de-trabajo-1-768x316.jpg\" class=\"attachment-medium_large size-medium_large wp-image-8596\" alt=\"Logo Tae Europa trading and brokerage compraventa.\" srcset=\"https:\/\/www.taeeuropa.eu\/wp-content\/uploads\/Sin-titulo-2_Mesa-de-trabajo-1-768x316.jpg 768w, https:\/\/www.taeeuropa.eu\/wp-content\/uploads\/Sin-titulo-2_Mesa-de-trabajo-1-300x123.jpg 300w, https:\/\/www.taeeuropa.eu\/wp-content\/uploads\/Sin-titulo-2_Mesa-de-trabajo-1-1024x422.jpg 1024w, https:\/\/www.taeeuropa.eu\/wp-content\/uploads\/Sin-titulo-2_Mesa-de-trabajo-1-18x7.jpg 18w, https:\/\/www.taeeuropa.eu\/wp-content\/uploads\/Sin-titulo-2_Mesa-de-trabajo-1-600x247.jpg 600w, https:\/\/www.taeeuropa.eu\/wp-content\/uploads\/Sin-titulo-2_Mesa-de-trabajo-1.jpg 1047w\" sizes=\"(max-width: 768px) 100vw, 768px\" \/>\t\t\t\t\t\t\t\t\t\t\t\t\t\t\t<\/div>\n\t\t\t\t<\/div>\n\t\t\t\t<\/div>\n\t\t<div class=\"elementor-element elementor-element-e34bb54 e-con-full e-flex e-con e-child\" data-id=\"e34bb54\" data-element_type=\"container\" data-e-type=\"container\">\n\t\t\t\t<\/div>\n\t\t\t\t\t<\/div>\n\t\t\t\t<\/div>\n\t\t<div class=\"elementor-element elementor-element-367fb62 e-flex e-con-boxed e-con e-parent\" data-id=\"367fb62\" data-element_type=\"container\" data-e-type=\"container\" data-settings=\"{&quot;background_background&quot;:&quot;classic&quot;}\">\n\t\t\t\t\t<div class=\"e-con-inner\">\n\t\t<div class=\"elementor-element elementor-element-27908f80 e-con-full e-flex e-con e-child\" data-id=\"27908f80\" data-element_type=\"container\" data-e-type=\"container\">\n\t\t\t\t<div class=\"elementor-element elementor-element-346779c2 elementor-widget__width-initial elementor-widget-tablet__width-initial e-transform elementor-invisible elementor-widget elementor-widget-heading\" data-id=\"346779c2\" data-element_type=\"widget\" data-e-type=\"widget\" data-settings=\"{&quot;_animation&quot;:&quot;fadeInDown&quot;,&quot;_transform_scale_effect_hover&quot;:{&quot;unit&quot;:&quot;px&quot;,&quot;size&quot;:&quot;&quot;,&quot;sizes&quot;:[]},&quot;_transform_scale_effect_hover_tablet&quot;:{&quot;unit&quot;:&quot;px&quot;,&quot;size&quot;:&quot;&quot;,&quot;sizes&quot;:[]},&quot;_transform_scale_effect_hover_mobile&quot;:{&quot;unit&quot;:&quot;px&quot;,&quot;size&quot;:&quot;&quot;,&quot;sizes&quot;:[]}}\" data-widget_type=\"heading.default\">\n\t\t\t\t<div class=\"elementor-widget-container\">\n\t\t\t\t\t<h2 class=\"elementor-heading-title elementor-size-default\"><a href=\"https:\/\/www.taeeurope.eu\/our-story\/quienes-somos\/\">Connectem a prove\u00efdors i compradors del sector agroalimentari de tot el m\u00f3n. <\/a><\/h2>\t\t\t\t<\/div>\n\t\t\t\t<\/div>\n\t\t\t\t<div class=\"elementor-element elementor-element-62e76274 elementor-widget__width-initial elementor-widget-tablet__width-initial elementor-widget elementor-widget-text-editor\" data-id=\"62e76274\" data-element_type=\"widget\" data-e-type=\"widget\" data-widget_type=\"text-editor.default\">\n\t\t\t\t<div class=\"elementor-widget-container\">\n\t\t\t\t\t\t\t\t\t<p>Garantim productes de primera qualitat, condicions competitives i una log\u00edstica fluida. Amb una s\u00f2lida xarxa de contactes en el sector agroalimentari global i un domini destacat del mercat europeu, oferim solucions \u00e0gils i personalitzades per a un entorn cada vegada m\u00e9s din\u00e0mic.<\/p>\t\t\t\t\t\t\t\t<\/div>\n\t\t\t\t<\/div>\n\t\t\t\t<\/div>\n\t\t<div class=\"elementor-element elementor-element-7590539a e-con-full e-flex e-con e-child\" data-id=\"7590539a\" data-element_type=\"container\" data-e-type=\"container\" data-settings=\"{&quot;background_background&quot;:&quot;classic&quot;}\">\n\t\t\t\t<\/div>\n\t\t\t\t\t<\/div>\n\t\t\t\t<\/div>\n\t\t<div class=\"elementor-element elementor-element-39e9fdba e-con-full e-flex e-con e-parent\" data-id=\"39e9fdba\" data-element_type=\"container\" data-e-type=\"container\" data-settings=\"{&quot;background_background&quot;:&quot;gradient&quot;,&quot;shape_divider_top&quot;:&quot;opacity-fan&quot;}\">\n\t\t\t\t<div class=\"elementor-shape elementor-shape-top\" aria-hidden=\"true\" data-negative=\"false\">\n\t\t\t<svg xmlns=\"http:\/\/www.w3.org\/2000\/svg\" viewbox=\"0 0 283.5 19.6\" preserveaspectratio=\"none\">\n\t<path class=\"elementor-shape-fill\" style=\"opacity:0.33\" d=\"M0 0L0 18.8 141.8 4.1 283.5 18.8 283.5 0z\"\/>\n\t<path class=\"elementor-shape-fill\" style=\"opacity:0.33\" d=\"M0 0L0 12.6 141.8 4 283.5 12.6 283.5 0z\"\/>\n\t<path class=\"elementor-shape-fill\" style=\"opacity:0.33\" d=\"M0 0L0 6.4 141.8 4 283.5 6.4 283.5 0z\"\/>\n\t<path class=\"elementor-shape-fill\" d=\"M0 0L0 1.2 141.8 4 283.5 1.2 283.5 0z\"\/>\n<\/svg>\t\t<\/div>\n\t\t<div class=\"elementor-element elementor-element-6353f696 e-con-full e-flex e-con e-child\" data-id=\"6353f696\" data-element_type=\"container\" data-e-type=\"container\">\n\t\t\t\t<div class=\"elementor-element elementor-element-6ba799f elementor-widget-tablet__width-initial elementor-widget-mobile__width-inherit elementor-widget__width-initial e-transform e-transform e-transform elementor-position-top elementor-invisible elementor-widget elementor-widget-image-box\" data-id=\"6ba799f\" data-element_type=\"widget\" data-e-type=\"widget\" data-settings=\"{&quot;_animation&quot;:&quot;zoomIn&quot;,&quot;_transform_scaleX_effect&quot;:{&quot;unit&quot;:&quot;px&quot;,&quot;size&quot;:&quot;&quot;,&quot;sizes&quot;:[]},&quot;_transform_scaleX_effect_tablet&quot;:{&quot;unit&quot;:&quot;px&quot;,&quot;size&quot;:&quot;&quot;,&quot;sizes&quot;:[]},&quot;_transform_scaleX_effect_mobile&quot;:{&quot;unit&quot;:&quot;px&quot;,&quot;size&quot;:&quot;&quot;,&quot;sizes&quot;:[]},&quot;_transform_scaleY_effect&quot;:{&quot;unit&quot;:&quot;px&quot;,&quot;size&quot;:&quot;&quot;,&quot;sizes&quot;:[]},&quot;_transform_scaleY_effect_tablet&quot;:{&quot;unit&quot;:&quot;px&quot;,&quot;size&quot;:&quot;&quot;,&quot;sizes&quot;:[]},&quot;_transform_scaleY_effect_mobile&quot;:{&quot;unit&quot;:&quot;px&quot;,&quot;size&quot;:&quot;&quot;,&quot;sizes&quot;:[]},&quot;_transform_translateX_effect_hover&quot;:{&quot;unit&quot;:&quot;px&quot;,&quot;size&quot;:&quot;&quot;,&quot;sizes&quot;:[]},&quot;_transform_translateX_effect_hover_tablet&quot;:{&quot;unit&quot;:&quot;px&quot;,&quot;size&quot;:&quot;&quot;,&quot;sizes&quot;:[]},&quot;_transform_translateX_effect_hover_mobile&quot;:{&quot;unit&quot;:&quot;px&quot;,&quot;size&quot;:&quot;&quot;,&quot;sizes&quot;:[]},&quot;_transform_translateY_effect_hover&quot;:{&quot;unit&quot;:&quot;px&quot;,&quot;size&quot;:&quot;&quot;,&quot;sizes&quot;:[]},&quot;_transform_translateY_effect_hover_tablet&quot;:{&quot;unit&quot;:&quot;px&quot;,&quot;size&quot;:&quot;&quot;,&quot;sizes&quot;:[]},&quot;_transform_translateY_effect_hover_mobile&quot;:{&quot;unit&quot;:&quot;px&quot;,&quot;size&quot;:&quot;&quot;,&quot;sizes&quot;:[]},&quot;_transform_scaleX_effect_hover&quot;:{&quot;unit&quot;:&quot;px&quot;,&quot;size&quot;:&quot;&quot;,&quot;sizes&quot;:[]},&quot;_transform_scaleX_effect_hover_tablet&quot;:{&quot;unit&quot;:&quot;px&quot;,&quot;size&quot;:&quot;&quot;,&quot;sizes&quot;:[]},&quot;_transform_scaleX_effect_hover_mobile&quot;:{&quot;unit&quot;:&quot;px&quot;,&quot;size&quot;:&quot;&quot;,&quot;sizes&quot;:[]},&quot;_transform_scaleY_effect_hover&quot;:{&quot;unit&quot;:&quot;px&quot;,&quot;size&quot;:&quot;&quot;,&quot;sizes&quot;:[]},&quot;_transform_scaleY_effect_hover_tablet&quot;:{&quot;unit&quot;:&quot;px&quot;,&quot;size&quot;:&quot;&quot;,&quot;sizes&quot;:[]},&quot;_transform_scaleY_effect_hover_mobile&quot;:{&quot;unit&quot;:&quot;px&quot;,&quot;size&quot;:&quot;&quot;,&quot;sizes&quot;:[]}}\" data-widget_type=\"image-box.default\">\n\t\t\t\t<div class=\"elementor-widget-container\">\n\t\t\t\t\t<div class=\"elementor-image-box-wrapper\"><figure class=\"elementor-image-box-img\"><img decoding=\"async\" width=\"500\" height=\"320\" src=\"https:\/\/www.taeeuropa.eu\/wp-content\/uploads\/Sin-titulo-3_Mesa-de-trabajo-1-copia.jpg\" class=\"attachment-large size-large wp-image-8668\" alt=\"Imagen representaci\u00f3n del modelo de trading de TAE Europa, con facturaci\u00f3n, consolidaci\u00f3n y reventa directa al comprador.\" srcset=\"https:\/\/www.taeeuropa.eu\/wp-content\/uploads\/Sin-titulo-3_Mesa-de-trabajo-1-copia.jpg 500w, https:\/\/www.taeeuropa.eu\/wp-content\/uploads\/Sin-titulo-3_Mesa-de-trabajo-1-copia-300x192.jpg 300w, https:\/\/www.taeeuropa.eu\/wp-content\/uploads\/Sin-titulo-3_Mesa-de-trabajo-1-copia-18x12.jpg 18w\" sizes=\"(max-width: 500px) 100vw, 500px\" \/><\/figure><div class=\"elementor-image-box-content\"><p class=\"elementor-image-box-description\">TAE Europa actua com a soci actiu. El comprador compra directament a TAE, que factura, consolida i rev\u00e9n al comprador.<\/p><\/div><\/div>\t\t\t\t<\/div>\n\t\t\t\t<\/div>\n\t\t\t\t<div class=\"elementor-element elementor-element-28939111 elementor-widget-tablet__width-initial elementor-widget-mobile__width-inherit elementor-widget__width-initial e-transform elementor-position-top elementor-invisible elementor-widget elementor-widget-image-box\" data-id=\"28939111\" data-element_type=\"widget\" data-e-type=\"widget\" data-settings=\"{&quot;_animation&quot;:&quot;zoomIn&quot;,&quot;_transform_scaleX_effect_hover&quot;:{&quot;unit&quot;:&quot;px&quot;,&quot;size&quot;:&quot;&quot;,&quot;sizes&quot;:[]},&quot;_transform_scaleX_effect_hover_tablet&quot;:{&quot;unit&quot;:&quot;px&quot;,&quot;size&quot;:&quot;&quot;,&quot;sizes&quot;:[]},&quot;_transform_scaleX_effect_hover_mobile&quot;:{&quot;unit&quot;:&quot;px&quot;,&quot;size&quot;:&quot;&quot;,&quot;sizes&quot;:[]},&quot;_transform_scaleY_effect_hover&quot;:{&quot;unit&quot;:&quot;px&quot;,&quot;size&quot;:&quot;&quot;,&quot;sizes&quot;:[]},&quot;_transform_scaleY_effect_hover_tablet&quot;:{&quot;unit&quot;:&quot;px&quot;,&quot;size&quot;:&quot;&quot;,&quot;sizes&quot;:[]},&quot;_transform_scaleY_effect_hover_mobile&quot;:{&quot;unit&quot;:&quot;px&quot;,&quot;size&quot;:&quot;&quot;,&quot;sizes&quot;:[]}}\" data-widget_type=\"image-box.default\">\n\t\t\t\t<div class=\"elementor-widget-container\">\n\t\t\t\t\t<div class=\"elementor-image-box-wrapper\"><figure class=\"elementor-image-box-img\"><img decoding=\"async\" width=\"500\" height=\"320\" src=\"https:\/\/www.taeeuropa.eu\/wp-content\/uploads\/Sin-titulo-3_Mesa-de-trabajo-1.jpg\" class=\"attachment-large size-large wp-image-8669\" alt=\"Ilustraci\u00f3n de brokerage en TAE Europa, mostrando supervisi\u00f3n de transacciones y trazabilidad entre proveedores y compradores.\" srcset=\"https:\/\/www.taeeuropa.eu\/wp-content\/uploads\/Sin-titulo-3_Mesa-de-trabajo-1.jpg 500w, https:\/\/www.taeeuropa.eu\/wp-content\/uploads\/Sin-titulo-3_Mesa-de-trabajo-1-300x192.jpg 300w, https:\/\/www.taeeuropa.eu\/wp-content\/uploads\/Sin-titulo-3_Mesa-de-trabajo-1-18x12.jpg 18w\" sizes=\"(max-width: 500px) 100vw, 500px\" \/><\/figure><div class=\"elementor-image-box-content\"><p class=\"elementor-image-box-description\">TAE Europa exerceix un paper passiu, limitant-se a supervisar la transacci\u00f3 i garantir la tra\u00e7abilitat de l'operaci\u00f3. Els prove\u00efdors facturen directament al comprador.<\/p><\/div><\/div>\t\t\t\t<\/div>\n\t\t\t\t<\/div>\n\t\t\t\t<\/div>\n\t\t\t\t<div class=\"elementor-element elementor-element-23b71680 elementor-align-center elementor-widget__width-inherit elementor-invisible elementor-widget elementor-widget-button\" data-id=\"23b71680\" data-element_type=\"widget\" data-e-type=\"widget\" data-settings=\"{&quot;_animation&quot;:&quot;fadeInDown&quot;}\" data-widget_type=\"button.default\">\n\t\t\t\t<div class=\"elementor-widget-container\">\n\t\t\t\t\t\t\t\t\t<div class=\"elementor-button-wrapper\">\n\t\t\t\t\t<a class=\"elementor-button elementor-button-link elementor-size-sm\" href=\"https:\/\/www.taeeuropa.eu\/ca\/contacto\/\">\n\t\t\t\t\t\t<span class=\"elementor-button-content-wrapper\">\n\t\t\t\t\t\t\t\t\t<span class=\"elementor-button-text\">Contacta'ns<\/span>\n\t\t\t\t\t<\/span>\n\t\t\t\t\t<\/a>\n\t\t\t\t<\/div>\n\t\t\t\t\t\t\t\t<\/div>\n\t\t\t\t<\/div>\n\t\t\t\t<\/div>\n\t\t\t\t<\/div>","protected":false},"excerpt":{"rendered":"<p>Trading &#038; Brokerage Conectamos a proveedores y compradores del sector agroalimentario de todo el mundo. Garantizamos productos de primera calidad, condiciones competitivas y una log\u00edstica fluida. Con una s\u00f3lida red de contactos en el sector agroalimentario global y un dominio destacado del mercado europeo, ofrecemos soluciones \u00e1giles y personalizadas para un entorno cada vez m\u00e1s&hellip;&nbsp;<a href=\"https:\/\/www.taeeuropa.eu\/ca\/otros-servicios\/trading-brokerage\/\" rel=\"bookmark\">Llegiu m\u00e9s &raquo;<span class=\"screen-reader-text\">Negociaci\u00f3 i intermediaci\u00f3<\/span><\/a><\/p>","protected":false},"author":3,"featured_media":0,"parent":8425,"menu_order":0,"comment_status":"closed","ping_status":"closed","template":"","meta":{"om_disable_all_campaigns":false,"_monsterinsights_skip_tracking":false,"_monsterinsights_sitenote_active":false,"_monsterinsights_sitenote_note":"","_monsterinsights_sitenote_category":0,"neve_meta_sidebar":"","neve_meta_container":"","neve_meta_enable_content_width":"","neve_meta_content_width":0,"neve_meta_title_alignment":"","neve_meta_author_avatar":"","neve_post_elements_order":"","neve_meta_disable_header":"","neve_meta_disable_footer":"","neve_meta_disable_title":"","footnotes":""},"class_list":["post-8589","page","type-page","status-publish","hentry"],"yoast_head":"<!-- This site is optimized with the Yoast SEO plugin v27.4 - https:\/\/yoast.com\/product\/yoast-seo-wordpress\/ -->\n<title>TAE Europa | Trading &amp; Brokerage<\/title>\n<meta name=\"description\" content=\"Conectamos a proveedores y compradores del sector agroalimentario de todo el mundo a trav\u00e9s de nuestro servicio de Trading &amp; Brokerage.\" \/>\n<meta name=\"robots\" content=\"index, follow, max-snippet:-1, max-image-preview:large, max-video-preview:-1\" \/>\n<link rel=\"canonical\" href=\"https:\/\/www.taeeuropa.eu\/ca\/otros-servicios\/trading-brokerage\/\" \/>\n<meta property=\"og:locale\" content=\"ca_ES\" \/>\n<meta property=\"og:type\" content=\"article\" \/>\n<meta property=\"og:title\" content=\"TAE Europa | Trading &amp; Brokerage\" \/>\n<meta property=\"og:description\" content=\"Conectamos a proveedores y compradores del sector agroalimentario de todo el mundo a trav\u00e9s de nuestro servicio de Trading &amp; Brokerage.\" \/>\n<meta property=\"og:url\" content=\"https:\/\/www.taeeuropa.eu\/ca\/otros-servicios\/trading-brokerage\/\" \/>\n<meta property=\"og:site_name\" content=\"TAE Europa\" \/>\n<meta property=\"article:modified_time\" content=\"2025-05-09T15:50:24+00:00\" \/>\n<meta property=\"og:image\" content=\"https:\/\/www.taeeuropa.eu\/wp-content\/uploads\/Sin-titulo-2_Mesa-de-trabajo-1-768x316.jpg\" \/>\n<meta name=\"twitter:card\" content=\"summary_large_image\" \/>\n<meta name=\"twitter:label1\" content=\"Temps estimat de lectura\" \/>\n\t<meta name=\"twitter:data1\" content=\"2 minuts\" \/>\n<script type=\"application\/ld+json\" class=\"yoast-schema-graph\">{\"@context\":\"https:\\\/\\\/schema.org\",\"@graph\":[{\"@type\":\"WebPage\",\"@id\":\"https:\\\/\\\/www.taeeuropa.eu\\\/otros-servicios\\\/trading-brokerage\\\/\",\"url\":\"https:\\\/\\\/www.taeeuropa.eu\\\/otros-servicios\\\/trading-brokerage\\\/\",\"name\":\"TAE Europa | Trading & Brokerage\",\"isPartOf\":{\"@id\":\"https:\\\/\\\/www.taeeuropa.eu\\\/#website\"},\"primaryImageOfPage\":{\"@id\":\"https:\\\/\\\/www.taeeuropa.eu\\\/otros-servicios\\\/trading-brokerage\\\/#primaryimage\"},\"image\":{\"@id\":\"https:\\\/\\\/www.taeeuropa.eu\\\/otros-servicios\\\/trading-brokerage\\\/#primaryimage\"},\"thumbnailUrl\":\"https:\\\/\\\/www.taeeuropa.eu\\\/wp-content\\\/uploads\\\/Sin-titulo-2_Mesa-de-trabajo-1-768x316.jpg\",\"datePublished\":\"2025-01-31T10:05:44+00:00\",\"dateModified\":\"2025-05-09T15:50:24+00:00\",\"description\":\"Conectamos a proveedores y compradores del sector agroalimentario de todo el mundo a trav\u00e9s de nuestro servicio de Trading & Brokerage.\",\"breadcrumb\":{\"@id\":\"https:\\\/\\\/www.taeeuropa.eu\\\/otros-servicios\\\/trading-brokerage\\\/#breadcrumb\"},\"inLanguage\":\"ca\",\"potentialAction\":[{\"@type\":\"ReadAction\",\"target\":[\"https:\\\/\\\/www.taeeuropa.eu\\\/otros-servicios\\\/trading-brokerage\\\/\"]}]},{\"@type\":\"ImageObject\",\"inLanguage\":\"ca\",\"@id\":\"https:\\\/\\\/www.taeeuropa.eu\\\/otros-servicios\\\/trading-brokerage\\\/#primaryimage\",\"url\":\"https:\\\/\\\/www.taeeuropa.eu\\\/wp-content\\\/uploads\\\/Sin-titulo-2_Mesa-de-trabajo-1-768x316.jpg\",\"contentUrl\":\"https:\\\/\\\/www.taeeuropa.eu\\\/wp-content\\\/uploads\\\/Sin-titulo-2_Mesa-de-trabajo-1-768x316.jpg\"},{\"@type\":\"BreadcrumbList\",\"@id\":\"https:\\\/\\\/www.taeeuropa.eu\\\/otros-servicios\\\/trading-brokerage\\\/#breadcrumb\",\"itemListElement\":[{\"@type\":\"ListItem\",\"position\":1,\"name\":\"Portada\",\"item\":\"https:\\\/\\\/www.taeeuropa.eu\\\/\"},{\"@type\":\"ListItem\",\"position\":2,\"name\":\"Otros servicios\",\"item\":\"https:\\\/\\\/www.taeeuropa.eu\\\/otros-servicios\\\/\"},{\"@type\":\"ListItem\",\"position\":3,\"name\":\"Trading &#038; Brokerage\"}]},{\"@type\":\"WebSite\",\"@id\":\"https:\\\/\\\/www.taeeuropa.eu\\\/#website\",\"url\":\"https:\\\/\\\/www.taeeuropa.eu\\\/\",\"name\":\"TAE Europa\",\"description\":\"Fusiones y Adquisiciones | Sector agroalimentario\",\"publisher\":{\"@id\":\"https:\\\/\\\/www.taeeuropa.eu\\\/#organization\"},\"potentialAction\":[{\"@type\":\"SearchAction\",\"target\":{\"@type\":\"EntryPoint\",\"urlTemplate\":\"https:\\\/\\\/www.taeeuropa.eu\\\/?s={search_term_string}\"},\"query-input\":{\"@type\":\"PropertyValueSpecification\",\"valueRequired\":true,\"valueName\":\"search_term_string\"}}],\"inLanguage\":\"ca\"},{\"@type\":\"Organization\",\"@id\":\"https:\\\/\\\/www.taeeuropa.eu\\\/#organization\",\"name\":\"TAE Europa\",\"url\":\"https:\\\/\\\/www.taeeuropa.eu\\\/\",\"logo\":{\"@type\":\"ImageObject\",\"inLanguage\":\"ca\",\"@id\":\"https:\\\/\\\/www.taeeuropa.eu\\\/#\\\/schema\\\/logo\\\/image\\\/\",\"url\":\"https:\\\/\\\/www.taeeuropa.eu\\\/wp-content\\\/uploads\\\/Logo-fondo-blanco-1.jpg\",\"contentUrl\":\"https:\\\/\\\/www.taeeuropa.eu\\\/wp-content\\\/uploads\\\/Logo-fondo-blanco-1.jpg\",\"width\":460,\"height\":460,\"caption\":\"TAE Europa\"},\"image\":{\"@id\":\"https:\\\/\\\/www.taeeuropa.eu\\\/#\\\/schema\\\/logo\\\/image\\\/\"},\"sameAs\":[\"https:\\\/\\\/www.linkedin.com\\\/company\\\/taeeuropa\\\/\"]}]}<\/script>\n<!-- \/ Yoast SEO plugin. -->","yoast_head_json":{"title":"TAE Europa | Trading & Brokerage","description":"Conectamos a proveedores y compradores del sector agroalimentario de todo el mundo a trav\u00e9s de nuestro servicio de Trading & Brokerage.","robots":{"index":"index","follow":"follow","max-snippet":"max-snippet:-1","max-image-preview":"max-image-preview:large","max-video-preview":"max-video-preview:-1"},"canonical":"https:\/\/www.taeeuropa.eu\/ca\/otros-servicios\/trading-brokerage\/","og_locale":"ca_ES","og_type":"article","og_title":"TAE Europa | Trading & Brokerage","og_description":"Conectamos a proveedores y compradores del sector agroalimentario de todo el mundo a trav\u00e9s de nuestro servicio de Trading & Brokerage.","og_url":"https:\/\/www.taeeuropa.eu\/ca\/otros-servicios\/trading-brokerage\/","og_site_name":"TAE Europa","article_modified_time":"2025-05-09T15:50:24+00:00","og_image":[{"url":"https:\/\/www.taeeuropa.eu\/wp-content\/uploads\/Sin-titulo-2_Mesa-de-trabajo-1-768x316.jpg","type":"","width":"","height":""}],"twitter_card":"summary_large_image","twitter_misc":{"Temps estimat de lectura":"2 minuts"},"schema":{"@context":"https:\/\/schema.org","@graph":[{"@type":"WebPage","@id":"https:\/\/www.taeeuropa.eu\/otros-servicios\/trading-brokerage\/","url":"https:\/\/www.taeeuropa.eu\/otros-servicios\/trading-brokerage\/","name":"TAE Europa | Trading & Brokerage","isPartOf":{"@id":"https:\/\/www.taeeuropa.eu\/#website"},"primaryImageOfPage":{"@id":"https:\/\/www.taeeuropa.eu\/otros-servicios\/trading-brokerage\/#primaryimage"},"image":{"@id":"https:\/\/www.taeeuropa.eu\/otros-servicios\/trading-brokerage\/#primaryimage"},"thumbnailUrl":"https:\/\/www.taeeuropa.eu\/wp-content\/uploads\/Sin-titulo-2_Mesa-de-trabajo-1-768x316.jpg","datePublished":"2025-01-31T10:05:44+00:00","dateModified":"2025-05-09T15:50:24+00:00","description":"Conectamos a proveedores y compradores del sector agroalimentario de todo el mundo a trav\u00e9s de nuestro servicio de Trading & Brokerage.","breadcrumb":{"@id":"https:\/\/www.taeeuropa.eu\/otros-servicios\/trading-brokerage\/#breadcrumb"},"inLanguage":"ca","potentialAction":[{"@type":"ReadAction","target":["https:\/\/www.taeeuropa.eu\/otros-servicios\/trading-brokerage\/"]}]},{"@type":"ImageObject","inLanguage":"ca","@id":"https:\/\/www.taeeuropa.eu\/otros-servicios\/trading-brokerage\/#primaryimage","url":"https:\/\/www.taeeuropa.eu\/wp-content\/uploads\/Sin-titulo-2_Mesa-de-trabajo-1-768x316.jpg","contentUrl":"https:\/\/www.taeeuropa.eu\/wp-content\/uploads\/Sin-titulo-2_Mesa-de-trabajo-1-768x316.jpg"},{"@type":"BreadcrumbList","@id":"https:\/\/www.taeeuropa.eu\/otros-servicios\/trading-brokerage\/#breadcrumb","itemListElement":[{"@type":"ListItem","position":1,"name":"Portada","item":"https:\/\/www.taeeuropa.eu\/"},{"@type":"ListItem","position":2,"name":"Otros servicios","item":"https:\/\/www.taeeuropa.eu\/otros-servicios\/"},{"@type":"ListItem","position":3,"name":"Trading &#038; Brokerage"}]},{"@type":"WebSite","@id":"https:\/\/www.taeeuropa.eu\/#website","url":"https:\/\/www.taeeuropa.eu\/","name":"TAE Europa","description":"Fusiones y Adquisiciones | Sector agroalimentario","publisher":{"@id":"https:\/\/www.taeeuropa.eu\/#organization"},"potentialAction":[{"@type":"SearchAction","target":{"@type":"EntryPoint","urlTemplate":"https:\/\/www.taeeuropa.eu\/?s={search_term_string}"},"query-input":{"@type":"PropertyValueSpecification","valueRequired":true,"valueName":"search_term_string"}}],"inLanguage":"ca"},{"@type":"Organization","@id":"https:\/\/www.taeeuropa.eu\/#organization","name":"TAE Europa","url":"https:\/\/www.taeeuropa.eu\/","logo":{"@type":"ImageObject","inLanguage":"ca","@id":"https:\/\/www.taeeuropa.eu\/#\/schema\/logo\/image\/","url":"https:\/\/www.taeeuropa.eu\/wp-content\/uploads\/Logo-fondo-blanco-1.jpg","contentUrl":"https:\/\/www.taeeuropa.eu\/wp-content\/uploads\/Logo-fondo-blanco-1.jpg","width":460,"height":460,"caption":"TAE Europa"},"image":{"@id":"https:\/\/www.taeeuropa.eu\/#\/schema\/logo\/image\/"},"sameAs":["https:\/\/www.linkedin.com\/company\/taeeuropa\/"]}]}},"_links":{"self":[{"href":"https:\/\/www.taeeuropa.eu\/ca\/wp-json\/wp\/v2\/pages\/8589","targetHints":{"allow":["GET"]}}],"collection":[{"href":"https:\/\/www.taeeuropa.eu\/ca\/wp-json\/wp\/v2\/pages"}],"about":[{"href":"https:\/\/www.taeeuropa.eu\/ca\/wp-json\/wp\/v2\/types\/page"}],"author":[{"embeddable":true,"href":"https:\/\/www.taeeuropa.eu\/ca\/wp-json\/wp\/v2\/users\/3"}],"replies":[{"embeddable":true,"href":"https:\/\/www.taeeuropa.eu\/ca\/wp-json\/wp\/v2\/comments?post=8589"}],"version-history":[{"count":80,"href":"https:\/\/www.taeeuropa.eu\/ca\/wp-json\/wp\/v2\/pages\/8589\/revisions"}],"predecessor-version":[{"id":9322,"href":"https:\/\/www.taeeuropa.eu\/ca\/wp-json\/wp\/v2\/pages\/8589\/revisions\/9322"}],"up":[{"embeddable":true,"href":"https:\/\/www.taeeuropa.eu\/ca\/wp-json\/wp\/v2\/pages\/8425"}],"wp:attachment":[{"href":"https:\/\/www.taeeuropa.eu\/ca\/wp-json\/wp\/v2\/media?parent=8589"}],"curies":[{"name":"wp","href":"https:\/\/api.w.org\/{rel}","templated":true}]}}