{"id":4728,"date":"2024-02-12T10:27:56","date_gmt":"2024-02-12T09:27:56","guid":{"rendered":"https:\/\/new.taeeuropa.eu\/?post_type=product&#038;p=4728"},"modified":"2024-09-26T16:16:08","modified_gmt":"2024-09-26T14:16:08","slug":"fabricante-de-bolleria","status":"publish","type":"product","link":"https:\/\/www.taeeuropa.eu\/ca\/producte\/fabricante-de-bolleria\/","title":{"rendered":"Fabricant de brioixeria"},"content":{"rendered":"<p>&#8211; <span style=\"background-color: transparent; font-family: inherit; font-size: inherit; font-style: inherit; font-weight: inherit;\">Empresa amb llarga traject\u00f2ria, dedicada a l'elaboraci\u00f3 de productes de brioixeria. Disposa de marca pr\u00f2pia.<\/span><br \/>\n&#8211; <span style=\"background-color: transparent; font-family: inherit; font-size: inherit; font-style: inherit; font-weight: inherit;\">Posseeix un cat\u00e0leg amb m\u00e9s de 50 refer\u00e8ncies entre les quals destaquen les magdalenes, melindros, tulipas, muffins i pastes fullades.\u00a0\u00a0<\/span><\/p>","protected":false},"excerpt":{"rendered":"<p>&#8211; Empresa con larga trayectoria, dedicada a la elaboraci\u00f3n de productos de boller\u00eda.\u00a0Dispone de marca propia. &#8211; Posee un cat\u00e1logo con m\u00e1s de 50 referencias entre las que destacan las magdalenas, melindros, tulipas, muffins y hojaldres.\u00a0\u00a0<\/p>","protected":false},"featured_media":4729,"template":"","meta":{"om_disable_all_campaigns":false,"_monsterinsights_skip_tracking":false,"_monsterinsights_sitenote_active":false,"_monsterinsights_sitenote_note":"","_monsterinsights_sitenote_category":0,"neve_meta_sidebar":"","neve_meta_container":"","neve_meta_enable_content_width":"off","neve_meta_content_width":100,"neve_meta_title_alignment":"","neve_meta_author_avatar":"","neve_post_elements_order":"","neve_meta_disable_header":"","neve_meta_disable_footer":"","neve_meta_disable_title":""},"product_brand":[],"product_cat":[32,39,41,51],"product_tag":[],"class_list":{"0":"post-4728","1":"product","2":"type-product","3":"status-publish","4":"has-post-thumbnail","6":"product_cat-empresas-en-venta","7":"product_cat-entre-1-y-3-millones-de-euros","8":"product_cat-espana","9":"product_cat-pizza-pan-y-bolleria","11":"first","12":"instock","13":"shipping-taxable","14":"product-type-simple"},"yoast_head":"<!-- This site is optimized with the Yoast SEO plugin v27.4 - https:\/\/yoast.com\/product\/yoast-seo-wordpress\/ -->\n<title>Fabricante de boller\u00eda | TAE Europa<\/title>\n<meta name=\"description\" content=\"Empresa con larga trayectoria, dedicada a la elaboraci\u00f3n de productos de boller\u00eda.\u00a0Dispone de marca propia.\" \/>\n<meta name=\"robots\" content=\"index, follow, max-snippet:-1, max-image-preview:large, max-video-preview:-1\" \/>\n<link rel=\"canonical\" href=\"https:\/\/www.taeeuropa.eu\/ca\/producte\/fabricante-de-bolleria\/\" \/>\n<meta property=\"og:locale\" content=\"ca_ES\" \/>\n<meta property=\"og:type\" content=\"article\" \/>\n<meta property=\"og:title\" content=\"Fabricante de boller\u00eda | TAE Europa\" \/>\n<meta property=\"og:description\" content=\"Empresa con larga trayectoria, dedicada a la elaboraci\u00f3n de productos de boller\u00eda.\u00a0Dispone de marca propia.\" \/>\n<meta property=\"og:url\" content=\"https:\/\/www.taeeuropa.eu\/ca\/producte\/fabricante-de-bolleria\/\" \/>\n<meta property=\"og:site_name\" content=\"TAE Europa\" \/>\n<meta property=\"article:modified_time\" content=\"2024-09-26T14:16:08+00:00\" \/>\n<meta property=\"og:image\" content=\"https:\/\/www.taeeuropa.eu\/wp-content\/uploads\/arreglo-plano-deliciosos-muffins.jpg\" \/>\n\t<meta property=\"og:image:width\" content=\"1000\" \/>\n\t<meta property=\"og:image:height\" content=\"667\" \/>\n\t<meta property=\"og:image:type\" content=\"image\/jpeg\" \/>\n<meta name=\"twitter:card\" content=\"summary_large_image\" \/>\n<meta name=\"twitter:label1\" content=\"Temps estimat de lectura\" \/>\n\t<meta name=\"twitter:data1\" content=\"1 minut\" \/>\n<script type=\"application\/ld+json\" class=\"yoast-schema-graph\">{\"@context\":\"https:\\\/\\\/schema.org\",\"@graph\":[{\"@type\":\"WebPage\",\"@id\":\"https:\\\/\\\/www.taeeuropa.eu\\\/producto\\\/fabricante-de-bolleria\\\/\",\"url\":\"https:\\\/\\\/www.taeeuropa.eu\\\/producto\\\/fabricante-de-bolleria\\\/\",\"name\":\"Fabricante de boller\u00eda | TAE Europa\",\"isPartOf\":{\"@id\":\"https:\\\/\\\/www.taeeuropa.eu\\\/#website\"},\"primaryImageOfPage\":{\"@id\":\"https:\\\/\\\/www.taeeuropa.eu\\\/producto\\\/fabricante-de-bolleria\\\/#primaryimage\"},\"image\":{\"@id\":\"https:\\\/\\\/www.taeeuropa.eu\\\/producto\\\/fabricante-de-bolleria\\\/#primaryimage\"},\"thumbnailUrl\":\"https:\\\/\\\/www.taeeuropa.eu\\\/wp-content\\\/uploads\\\/arreglo-plano-deliciosos-muffins.jpg\",\"datePublished\":\"2024-02-12T09:27:56+00:00\",\"dateModified\":\"2024-09-26T14:16:08+00:00\",\"description\":\"Empresa con larga trayectoria, dedicada a la elaboraci\u00f3n de productos de boller\u00eda.\u00a0Dispone de marca propia.\",\"breadcrumb\":{\"@id\":\"https:\\\/\\\/www.taeeuropa.eu\\\/producto\\\/fabricante-de-bolleria\\\/#breadcrumb\"},\"inLanguage\":\"ca\",\"potentialAction\":[{\"@type\":\"ReadAction\",\"target\":[\"https:\\\/\\\/www.taeeuropa.eu\\\/producto\\\/fabricante-de-bolleria\\\/\"]}]},{\"@type\":\"ImageObject\",\"inLanguage\":\"ca\",\"@id\":\"https:\\\/\\\/www.taeeuropa.eu\\\/producto\\\/fabricante-de-bolleria\\\/#primaryimage\",\"url\":\"https:\\\/\\\/www.taeeuropa.eu\\\/wp-content\\\/uploads\\\/arreglo-plano-deliciosos-muffins.jpg\",\"contentUrl\":\"https:\\\/\\\/www.taeeuropa.eu\\\/wp-content\\\/uploads\\\/arreglo-plano-deliciosos-muffins.jpg\",\"width\":1000,\"height\":667,\"caption\":\"Imagen de una empresa en venta de productos de boller\u00eda, elaborados por una empresa con larga trayectoria y marca propia, mostrando su variedad y frescura.\"},{\"@type\":\"BreadcrumbList\",\"@id\":\"https:\\\/\\\/www.taeeuropa.eu\\\/producto\\\/fabricante-de-bolleria\\\/#breadcrumb\",\"itemListElement\":[{\"@type\":\"ListItem\",\"position\":1,\"name\":\"Portada\",\"item\":\"https:\\\/\\\/www.taeeuropa.eu\\\/\"},{\"@type\":\"ListItem\",\"position\":2,\"name\":\"Tienda\",\"item\":\"https:\\\/\\\/www.taeeuropa.eu\\\/pt\\\/tienda\\\/\"},{\"@type\":\"ListItem\",\"position\":3,\"name\":\"Fabricante de boller\u00eda\"}]},{\"@type\":\"WebSite\",\"@id\":\"https:\\\/\\\/www.taeeuropa.eu\\\/#website\",\"url\":\"https:\\\/\\\/www.taeeuropa.eu\\\/\",\"name\":\"TAE Europa\",\"description\":\"Fusiones y Adquisiciones | Sector agroalimentario\",\"publisher\":{\"@id\":\"https:\\\/\\\/www.taeeuropa.eu\\\/#organization\"},\"potentialAction\":[{\"@type\":\"SearchAction\",\"target\":{\"@type\":\"EntryPoint\",\"urlTemplate\":\"https:\\\/\\\/www.taeeuropa.eu\\\/?s={search_term_string}\"},\"query-input\":{\"@type\":\"PropertyValueSpecification\",\"valueRequired\":true,\"valueName\":\"search_term_string\"}}],\"inLanguage\":\"ca\"},{\"@type\":\"Organization\",\"@id\":\"https:\\\/\\\/www.taeeuropa.eu\\\/#organization\",\"name\":\"TAE Europa\",\"url\":\"https:\\\/\\\/www.taeeuropa.eu\\\/\",\"logo\":{\"@type\":\"ImageObject\",\"inLanguage\":\"ca\",\"@id\":\"https:\\\/\\\/www.taeeuropa.eu\\\/#\\\/schema\\\/logo\\\/image\\\/\",\"url\":\"https:\\\/\\\/www.taeeuropa.eu\\\/wp-content\\\/uploads\\\/Logo-fondo-blanco-1.jpg\",\"contentUrl\":\"https:\\\/\\\/www.taeeuropa.eu\\\/wp-content\\\/uploads\\\/Logo-fondo-blanco-1.jpg\",\"width\":460,\"height\":460,\"caption\":\"TAE Europa\"},\"image\":{\"@id\":\"https:\\\/\\\/www.taeeuropa.eu\\\/#\\\/schema\\\/logo\\\/image\\\/\"},\"sameAs\":[\"https:\\\/\\\/www.linkedin.com\\\/company\\\/taeeuropa\\\/\"]}]}<\/script>\n<!-- \/ Yoast SEO plugin. -->","yoast_head_json":{"title":"Fabricante de boller\u00eda | TAE Europa","description":"Empresa amb llarga traject\u00f2ria, dedicada a l'elaboraci\u00f3 de productes de brioixeria. Disposa de marca pr\u00f2pia.","robots":{"index":"index","follow":"follow","max-snippet":"max-snippet:-1","max-image-preview":"max-image-preview:large","max-video-preview":"max-video-preview:-1"},"canonical":"https:\/\/www.taeeuropa.eu\/ca\/producte\/fabricante-de-bolleria\/","og_locale":"ca_ES","og_type":"article","og_title":"Fabricante de boller\u00eda | TAE Europa","og_description":"Empresa con larga trayectoria, dedicada a la elaboraci\u00f3n de productos de boller\u00eda.\u00a0Dispone de marca propia.","og_url":"https:\/\/www.taeeuropa.eu\/ca\/producte\/fabricante-de-bolleria\/","og_site_name":"TAE Europa","article_modified_time":"2024-09-26T14:16:08+00:00","og_image":[{"width":1000,"height":667,"url":"https:\/\/www.taeeuropa.eu\/wp-content\/uploads\/arreglo-plano-deliciosos-muffins.jpg","type":"image\/jpeg"}],"twitter_card":"summary_large_image","twitter_misc":{"Temps estimat de lectura":"1 minut"},"schema":{"@context":"https:\/\/schema.org","@graph":[{"@type":"WebPage","@id":"https:\/\/www.taeeuropa.eu\/producto\/fabricante-de-bolleria\/","url":"https:\/\/www.taeeuropa.eu\/producto\/fabricante-de-bolleria\/","name":"Fabricante de boller\u00eda | TAE Europa","isPartOf":{"@id":"https:\/\/www.taeeuropa.eu\/#website"},"primaryImageOfPage":{"@id":"https:\/\/www.taeeuropa.eu\/producto\/fabricante-de-bolleria\/#primaryimage"},"image":{"@id":"https:\/\/www.taeeuropa.eu\/producto\/fabricante-de-bolleria\/#primaryimage"},"thumbnailUrl":"https:\/\/www.taeeuropa.eu\/wp-content\/uploads\/arreglo-plano-deliciosos-muffins.jpg","datePublished":"2024-02-12T09:27:56+00:00","dateModified":"2024-09-26T14:16:08+00:00","description":"Empresa amb llarga traject\u00f2ria, dedicada a l'elaboraci\u00f3 de productes de brioixeria. Disposa de marca pr\u00f2pia.","breadcrumb":{"@id":"https:\/\/www.taeeuropa.eu\/producto\/fabricante-de-bolleria\/#breadcrumb"},"inLanguage":"ca","potentialAction":[{"@type":"ReadAction","target":["https:\/\/www.taeeuropa.eu\/producto\/fabricante-de-bolleria\/"]}]},{"@type":"ImageObject","inLanguage":"ca","@id":"https:\/\/www.taeeuropa.eu\/producto\/fabricante-de-bolleria\/#primaryimage","url":"https:\/\/www.taeeuropa.eu\/wp-content\/uploads\/arreglo-plano-deliciosos-muffins.jpg","contentUrl":"https:\/\/www.taeeuropa.eu\/wp-content\/uploads\/arreglo-plano-deliciosos-muffins.jpg","width":1000,"height":667,"caption":"Imagen de una empresa en venta de productos de boller\u00eda, elaborados por una empresa con larga trayectoria y marca propia, mostrando su variedad y frescura."},{"@type":"BreadcrumbList","@id":"https:\/\/www.taeeuropa.eu\/producto\/fabricante-de-bolleria\/#breadcrumb","itemListElement":[{"@type":"ListItem","position":1,"name":"Portada","item":"https:\/\/www.taeeuropa.eu\/"},{"@type":"ListItem","position":2,"name":"Tienda","item":"https:\/\/www.taeeuropa.eu\/pt\/tienda\/"},{"@type":"ListItem","position":3,"name":"Fabricante de boller\u00eda"}]},{"@type":"WebSite","@id":"https:\/\/www.taeeuropa.eu\/#website","url":"https:\/\/www.taeeuropa.eu\/","name":"TAE Europa","description":"Fusiones y Adquisiciones | Sector agroalimentario","publisher":{"@id":"https:\/\/www.taeeuropa.eu\/#organization"},"potentialAction":[{"@type":"SearchAction","target":{"@type":"EntryPoint","urlTemplate":"https:\/\/www.taeeuropa.eu\/?s={search_term_string}"},"query-input":{"@type":"PropertyValueSpecification","valueRequired":true,"valueName":"search_term_string"}}],"inLanguage":"ca"},{"@type":"Organization","@id":"https:\/\/www.taeeuropa.eu\/#organization","name":"TAE Europa","url":"https:\/\/www.taeeuropa.eu\/","logo":{"@type":"ImageObject","inLanguage":"ca","@id":"https:\/\/www.taeeuropa.eu\/#\/schema\/logo\/image\/","url":"https:\/\/www.taeeuropa.eu\/wp-content\/uploads\/Logo-fondo-blanco-1.jpg","contentUrl":"https:\/\/www.taeeuropa.eu\/wp-content\/uploads\/Logo-fondo-blanco-1.jpg","width":460,"height":460,"caption":"TAE Europa"},"image":{"@id":"https:\/\/www.taeeuropa.eu\/#\/schema\/logo\/image\/"},"sameAs":["https:\/\/www.linkedin.com\/company\/taeeuropa\/"]}]}},"_links":{"self":[{"href":"https:\/\/www.taeeuropa.eu\/ca\/wp-json\/wp\/v2\/product\/4728","targetHints":{"allow":["GET"]}}],"collection":[{"href":"https:\/\/www.taeeuropa.eu\/ca\/wp-json\/wp\/v2\/product"}],"about":[{"href":"https:\/\/www.taeeuropa.eu\/ca\/wp-json\/wp\/v2\/types\/product"}],"wp:featuredmedia":[{"embeddable":true,"href":"https:\/\/www.taeeuropa.eu\/ca\/wp-json\/wp\/v2\/media\/4729"}],"wp:attachment":[{"href":"https:\/\/www.taeeuropa.eu\/ca\/wp-json\/wp\/v2\/media?parent=4728"}],"wp:term":[{"taxonomy":"product_brand","embeddable":true,"href":"https:\/\/www.taeeuropa.eu\/ca\/wp-json\/wp\/v2\/product_brand?post=4728"},{"taxonomy":"product_cat","embeddable":true,"href":"https:\/\/www.taeeuropa.eu\/ca\/wp-json\/wp\/v2\/product_cat?post=4728"},{"taxonomy":"product_tag","embeddable":true,"href":"https:\/\/www.taeeuropa.eu\/ca\/wp-json\/wp\/v2\/product_tag?post=4728"}],"curies":[{"name":"wp","href":"https:\/\/api.w.org\/{rel}","templated":true}]}}