{"id":4750,"date":"2024-02-12T11:41:22","date_gmt":"2024-02-12T10:41:22","guid":{"rendered":"https:\/\/new.taeeuropa.eu\/?post_type=product&#038;p=4750"},"modified":"2024-09-26T16:09:33","modified_gmt":"2024-09-26T14:09:33","slug":"fabricante-de-pimenton","status":"publish","type":"product","link":"https:\/\/www.taeeuropa.eu\/ca\/producte\/fabricante-de-pimenton\/","title":{"rendered":"Fabricant de Pebre roig"},"content":{"rendered":"<p>\u2013 Empresa familiar amb m\u00e9s de 20 anys d'hist\u00f2ria dedicada a l'elaboraci\u00f3 i comercialitzaci\u00f3 de pebre roig. Disposa de marca pr\u00f2pia reconeguda en el sector.<br \/>\n\u2013 Compta amb les principals certificacions del sector que avalen la qualitat i seguretat aliment\u00e0ria dels seus productes.<\/p>","protected":false},"excerpt":{"rendered":"<p>&#8211; Empresa familiar con m\u00e1s de 20 a\u00f1os de historia dedicada a la elaboraci\u00f3n y comercializaci\u00f3n de piment\u00f3n. Dispone de marca propia reconocida en el sector. &#8211; Cuenta con las principales certificaciones del sector que avalan la calidad y seguridad alimentaria\u00a0de sus productos.<\/p>","protected":false},"featured_media":4752,"template":"","meta":{"om_disable_all_campaigns":false,"_monsterinsights_skip_tracking":false,"_monsterinsights_sitenote_active":false,"_monsterinsights_sitenote_note":"","_monsterinsights_sitenote_category":0,"neve_meta_sidebar":"","neve_meta_container":"","neve_meta_enable_content_width":"off","neve_meta_content_width":100,"neve_meta_title_alignment":"","neve_meta_author_avatar":"","neve_post_elements_order":"","neve_meta_disable_header":"","neve_meta_disable_footer":"","neve_meta_disable_title":""},"product_brand":[],"product_cat":[32,44,41,60],"product_tag":[],"class_list":{"0":"post-4750","1":"product","2":"type-product","3":"status-publish","4":"has-post-thumbnail","6":"product_cat-empresas-en-venta","7":"product_cat-entre-5-y-10-millones-de-euros","8":"product_cat-espana","9":"product_cat-especias-y-condimentos","11":"first","12":"instock","13":"shipping-taxable","14":"product-type-simple"},"yoast_head":"<!-- This site is optimized with the Yoast SEO plugin v27.4 - https:\/\/yoast.com\/product\/yoast-seo-wordpress\/ -->\n<title>Fabricante de Piment\u00f3n | TAE Europa<\/title>\n<meta name=\"description\" content=\"Empresa familiar con m\u00e1s de 20 a\u00f1os de historia dedicada a la elaboraci\u00f3n y comercializaci\u00f3n de piment\u00f3n. Dispone de marca propia reconocida en el sector.\" \/>\n<meta name=\"robots\" content=\"index, follow, max-snippet:-1, max-image-preview:large, max-video-preview:-1\" \/>\n<link rel=\"canonical\" href=\"http:\/\/www.taeeuropa.eu\/ca\/product\/fabricante-de-pimenton\/\" \/>\n<meta property=\"og:locale\" content=\"ca_ES\" \/>\n<meta property=\"og:type\" content=\"article\" \/>\n<meta property=\"og:title\" content=\"Fabricante de Piment\u00f3n | TAE Europa\" \/>\n<meta property=\"og:description\" content=\"Empresa familiar con m\u00e1s de 20 a\u00f1os de historia dedicada a la elaboraci\u00f3n y comercializaci\u00f3n de piment\u00f3n. Dispone de marca propia reconocida en el sector.\" \/>\n<meta property=\"og:url\" content=\"http:\/\/www.taeeuropa.eu\/ca\/product\/fabricante-de-pimenton\/\" \/>\n<meta property=\"og:site_name\" content=\"TAE Europa\" \/>\n<meta property=\"article:modified_time\" content=\"2024-09-26T14:09:33+00:00\" \/>\n<meta property=\"og:image\" content=\"https:\/\/www.taeeuropa.eu\/wp-content\/uploads\/dale-sabor-tu-curry-condimentos-aromaticos-generados-ia-1.jpg\" \/>\n\t<meta property=\"og:image:width\" content=\"1000\" \/>\n\t<meta property=\"og:image:height\" content=\"668\" \/>\n\t<meta property=\"og:image:type\" content=\"image\/jpeg\" \/>\n<meta name=\"twitter:card\" content=\"summary_large_image\" \/>\n<meta name=\"twitter:label1\" content=\"Temps estimat de lectura\" \/>\n\t<meta name=\"twitter:data1\" content=\"1 minut\" \/>\n<script type=\"application\/ld+json\" class=\"yoast-schema-graph\">{\"@context\":\"https:\\\/\\\/schema.org\",\"@graph\":[{\"@type\":\"WebPage\",\"@id\":\"http:\\\/\\\/www.taeeuropa.eu\\\/en\\\/product\\\/fabricante-de-pimenton\\\/\",\"url\":\"http:\\\/\\\/www.taeeuropa.eu\\\/en\\\/product\\\/fabricante-de-pimenton\\\/\",\"name\":\"Fabricante de Piment\u00f3n | TAE Europa\",\"isPartOf\":{\"@id\":\"https:\\\/\\\/www.taeeuropa.eu\\\/#website\"},\"primaryImageOfPage\":{\"@id\":\"http:\\\/\\\/www.taeeuropa.eu\\\/en\\\/product\\\/fabricante-de-pimenton\\\/#primaryimage\"},\"image\":{\"@id\":\"http:\\\/\\\/www.taeeuropa.eu\\\/en\\\/product\\\/fabricante-de-pimenton\\\/#primaryimage\"},\"thumbnailUrl\":\"https:\\\/\\\/www.taeeuropa.eu\\\/wp-content\\\/uploads\\\/dale-sabor-tu-curry-condimentos-aromaticos-generados-ia-1.jpg\",\"datePublished\":\"2024-02-12T10:41:22+00:00\",\"dateModified\":\"2024-09-26T14:09:33+00:00\",\"description\":\"Empresa familiar con m\u00e1s de 20 a\u00f1os de historia dedicada a la elaboraci\u00f3n y comercializaci\u00f3n de piment\u00f3n. Dispone de marca propia reconocida en el sector.\",\"breadcrumb\":{\"@id\":\"http:\\\/\\\/www.taeeuropa.eu\\\/en\\\/product\\\/fabricante-de-pimenton\\\/#breadcrumb\"},\"inLanguage\":\"ca\",\"potentialAction\":[{\"@type\":\"ReadAction\",\"target\":[\"http:\\\/\\\/www.taeeuropa.eu\\\/en\\\/product\\\/fabricante-de-pimenton\\\/\"]}]},{\"@type\":\"ImageObject\",\"inLanguage\":\"ca\",\"@id\":\"http:\\\/\\\/www.taeeuropa.eu\\\/en\\\/product\\\/fabricante-de-pimenton\\\/#primaryimage\",\"url\":\"https:\\\/\\\/www.taeeuropa.eu\\\/wp-content\\\/uploads\\\/dale-sabor-tu-curry-condimentos-aromaticos-generados-ia-1.jpg\",\"contentUrl\":\"https:\\\/\\\/www.taeeuropa.eu\\\/wp-content\\\/uploads\\\/dale-sabor-tu-curry-condimentos-aromaticos-generados-ia-1.jpg\",\"width\":1000,\"height\":668,\"caption\":\"Imagen de empresa en venta de piment\u00f3n en diferentes presentaciones, elaborado y comercializado por una empresa familiar con m\u00e1s de 20 a\u00f1os de experiencia.\"},{\"@type\":\"BreadcrumbList\",\"@id\":\"http:\\\/\\\/www.taeeuropa.eu\\\/en\\\/product\\\/fabricante-de-pimenton\\\/#breadcrumb\",\"itemListElement\":[{\"@type\":\"ListItem\",\"position\":1,\"name\":\"Portada\",\"item\":\"https:\\\/\\\/www.taeeuropa.eu\\\/\"},{\"@type\":\"ListItem\",\"position\":2,\"name\":\"Tienda\",\"item\":\"https:\\\/\\\/www.taeeuropa.eu\\\/pt\\\/tienda\\\/\"},{\"@type\":\"ListItem\",\"position\":3,\"name\":\"Fabricante de Piment\u00f3n\"}]},{\"@type\":\"WebSite\",\"@id\":\"https:\\\/\\\/www.taeeuropa.eu\\\/#website\",\"url\":\"https:\\\/\\\/www.taeeuropa.eu\\\/\",\"name\":\"TAE Europa\",\"description\":\"Fusiones y Adquisiciones | Sector agroalimentario\",\"publisher\":{\"@id\":\"https:\\\/\\\/www.taeeuropa.eu\\\/#organization\"},\"potentialAction\":[{\"@type\":\"SearchAction\",\"target\":{\"@type\":\"EntryPoint\",\"urlTemplate\":\"https:\\\/\\\/www.taeeuropa.eu\\\/?s={search_term_string}\"},\"query-input\":{\"@type\":\"PropertyValueSpecification\",\"valueRequired\":true,\"valueName\":\"search_term_string\"}}],\"inLanguage\":\"ca\"},{\"@type\":\"Organization\",\"@id\":\"https:\\\/\\\/www.taeeuropa.eu\\\/#organization\",\"name\":\"TAE Europa\",\"url\":\"https:\\\/\\\/www.taeeuropa.eu\\\/\",\"logo\":{\"@type\":\"ImageObject\",\"inLanguage\":\"ca\",\"@id\":\"https:\\\/\\\/www.taeeuropa.eu\\\/#\\\/schema\\\/logo\\\/image\\\/\",\"url\":\"https:\\\/\\\/www.taeeuropa.eu\\\/wp-content\\\/uploads\\\/Logo-fondo-blanco-1.jpg\",\"contentUrl\":\"https:\\\/\\\/www.taeeuropa.eu\\\/wp-content\\\/uploads\\\/Logo-fondo-blanco-1.jpg\",\"width\":460,\"height\":460,\"caption\":\"TAE Europa\"},\"image\":{\"@id\":\"https:\\\/\\\/www.taeeuropa.eu\\\/#\\\/schema\\\/logo\\\/image\\\/\"},\"sameAs\":[\"https:\\\/\\\/www.linkedin.com\\\/company\\\/taeeuropa\\\/\"]}]}<\/script>\n<!-- \/ Yoast SEO plugin. -->","yoast_head_json":{"title":"Fabricante de Piment\u00f3n | TAE Europa","description":"Empresa familiar con m\u00e1s de 20 a\u00f1os de historia dedicada a la elaboraci\u00f3n y comercializaci\u00f3n de piment\u00f3n. Dispone de marca propia reconocida en el sector.","robots":{"index":"index","follow":"follow","max-snippet":"max-snippet:-1","max-image-preview":"max-image-preview:large","max-video-preview":"max-video-preview:-1"},"canonical":"http:\/\/www.taeeuropa.eu\/ca\/product\/fabricante-de-pimenton\/","og_locale":"ca_ES","og_type":"article","og_title":"Fabricante de Piment\u00f3n | TAE Europa","og_description":"Empresa familiar con m\u00e1s de 20 a\u00f1os de historia dedicada a la elaboraci\u00f3n y comercializaci\u00f3n de piment\u00f3n. Dispone de marca propia reconocida en el sector.","og_url":"http:\/\/www.taeeuropa.eu\/ca\/product\/fabricante-de-pimenton\/","og_site_name":"TAE Europa","article_modified_time":"2024-09-26T14:09:33+00:00","og_image":[{"width":1000,"height":668,"url":"https:\/\/www.taeeuropa.eu\/wp-content\/uploads\/dale-sabor-tu-curry-condimentos-aromaticos-generados-ia-1.jpg","type":"image\/jpeg"}],"twitter_card":"summary_large_image","twitter_misc":{"Temps estimat de lectura":"1 minut"},"schema":{"@context":"https:\/\/schema.org","@graph":[{"@type":"WebPage","@id":"http:\/\/www.taeeuropa.eu\/en\/product\/fabricante-de-pimenton\/","url":"http:\/\/www.taeeuropa.eu\/en\/product\/fabricante-de-pimenton\/","name":"Fabricante de Piment\u00f3n | TAE Europa","isPartOf":{"@id":"https:\/\/www.taeeuropa.eu\/#website"},"primaryImageOfPage":{"@id":"http:\/\/www.taeeuropa.eu\/en\/product\/fabricante-de-pimenton\/#primaryimage"},"image":{"@id":"http:\/\/www.taeeuropa.eu\/en\/product\/fabricante-de-pimenton\/#primaryimage"},"thumbnailUrl":"https:\/\/www.taeeuropa.eu\/wp-content\/uploads\/dale-sabor-tu-curry-condimentos-aromaticos-generados-ia-1.jpg","datePublished":"2024-02-12T10:41:22+00:00","dateModified":"2024-09-26T14:09:33+00:00","description":"Empresa familiar con m\u00e1s de 20 a\u00f1os de historia dedicada a la elaboraci\u00f3n y comercializaci\u00f3n de piment\u00f3n. Dispone de marca propia reconocida en el sector.","breadcrumb":{"@id":"http:\/\/www.taeeuropa.eu\/en\/product\/fabricante-de-pimenton\/#breadcrumb"},"inLanguage":"ca","potentialAction":[{"@type":"ReadAction","target":["http:\/\/www.taeeuropa.eu\/en\/product\/fabricante-de-pimenton\/"]}]},{"@type":"ImageObject","inLanguage":"ca","@id":"http:\/\/www.taeeuropa.eu\/en\/product\/fabricante-de-pimenton\/#primaryimage","url":"https:\/\/www.taeeuropa.eu\/wp-content\/uploads\/dale-sabor-tu-curry-condimentos-aromaticos-generados-ia-1.jpg","contentUrl":"https:\/\/www.taeeuropa.eu\/wp-content\/uploads\/dale-sabor-tu-curry-condimentos-aromaticos-generados-ia-1.jpg","width":1000,"height":668,"caption":"Imagen de empresa en venta de piment\u00f3n en diferentes presentaciones, elaborado y comercializado por una empresa familiar con m\u00e1s de 20 a\u00f1os de experiencia."},{"@type":"BreadcrumbList","@id":"http:\/\/www.taeeuropa.eu\/en\/product\/fabricante-de-pimenton\/#breadcrumb","itemListElement":[{"@type":"ListItem","position":1,"name":"Portada","item":"https:\/\/www.taeeuropa.eu\/"},{"@type":"ListItem","position":2,"name":"Tienda","item":"https:\/\/www.taeeuropa.eu\/pt\/tienda\/"},{"@type":"ListItem","position":3,"name":"Fabricante de Piment\u00f3n"}]},{"@type":"WebSite","@id":"https:\/\/www.taeeuropa.eu\/#website","url":"https:\/\/www.taeeuropa.eu\/","name":"TAE Europa","description":"Fusiones y Adquisiciones | Sector agroalimentario","publisher":{"@id":"https:\/\/www.taeeuropa.eu\/#organization"},"potentialAction":[{"@type":"SearchAction","target":{"@type":"EntryPoint","urlTemplate":"https:\/\/www.taeeuropa.eu\/?s={search_term_string}"},"query-input":{"@type":"PropertyValueSpecification","valueRequired":true,"valueName":"search_term_string"}}],"inLanguage":"ca"},{"@type":"Organization","@id":"https:\/\/www.taeeuropa.eu\/#organization","name":"TAE Europa","url":"https:\/\/www.taeeuropa.eu\/","logo":{"@type":"ImageObject","inLanguage":"ca","@id":"https:\/\/www.taeeuropa.eu\/#\/schema\/logo\/image\/","url":"https:\/\/www.taeeuropa.eu\/wp-content\/uploads\/Logo-fondo-blanco-1.jpg","contentUrl":"https:\/\/www.taeeuropa.eu\/wp-content\/uploads\/Logo-fondo-blanco-1.jpg","width":460,"height":460,"caption":"TAE Europa"},"image":{"@id":"https:\/\/www.taeeuropa.eu\/#\/schema\/logo\/image\/"},"sameAs":["https:\/\/www.linkedin.com\/company\/taeeuropa\/"]}]}},"_links":{"self":[{"href":"https:\/\/www.taeeuropa.eu\/ca\/wp-json\/wp\/v2\/product\/4750","targetHints":{"allow":["GET"]}}],"collection":[{"href":"https:\/\/www.taeeuropa.eu\/ca\/wp-json\/wp\/v2\/product"}],"about":[{"href":"https:\/\/www.taeeuropa.eu\/ca\/wp-json\/wp\/v2\/types\/product"}],"wp:featuredmedia":[{"embeddable":true,"href":"https:\/\/www.taeeuropa.eu\/ca\/wp-json\/wp\/v2\/media\/4752"}],"wp:attachment":[{"href":"https:\/\/www.taeeuropa.eu\/ca\/wp-json\/wp\/v2\/media?parent=4750"}],"wp:term":[{"taxonomy":"product_brand","embeddable":true,"href":"https:\/\/www.taeeuropa.eu\/ca\/wp-json\/wp\/v2\/product_brand?post=4750"},{"taxonomy":"product_cat","embeddable":true,"href":"https:\/\/www.taeeuropa.eu\/ca\/wp-json\/wp\/v2\/product_cat?post=4750"},{"taxonomy":"product_tag","embeddable":true,"href":"https:\/\/www.taeeuropa.eu\/ca\/wp-json\/wp\/v2\/product_tag?post=4750"}],"curies":[{"name":"wp","href":"https:\/\/api.w.org\/{rel}","templated":true}]}}