{"id":7673,"date":"2024-03-13T17:07:39","date_gmt":"2024-03-13T16:07:39","guid":{"rendered":"https:\/\/new.taeeuropa.eu\/?post_type=product&#038;p=7673"},"modified":"2024-09-26T13:36:39","modified_gmt":"2024-09-26T11:36:39","slug":"distribuidora","status":"publish","type":"product","link":"https:\/\/www.taeeuropa.eu\/ca\/producte\/distribuidora\/","title":{"rendered":"Distribu\u00efdora"},"content":{"rendered":"","protected":false},"excerpt":{"rendered":"<p>Distribu\u00efdora especialitzada en productes procedents de pa\u00efsos llatinoamericans, que inclouen olis, begudes i congelats, entre altres.<\/p>\n<ul>\n<li>Compta amb unes instal\u00b7lacions de 1043 m\u00b2 de superf\u00edcie<\/li>\n<li>El cat\u00e0leg compta amb entre 900 i 1000 refer\u00e8ncia<\/li>\n<li>L'empresa comercialitza els seus productes tant a botigues tradicionals com al sector HORECA.<\/li>\n<\/ul>","protected":false},"featured_media":7674,"template":"","meta":{"om_disable_all_campaigns":false,"_monsterinsights_skip_tracking":false,"_monsterinsights_sitenote_active":false,"_monsterinsights_sitenote_note":"","_monsterinsights_sitenote_category":0,"neve_meta_sidebar":"","neve_meta_container":"","neve_meta_enable_content_width":"off","neve_meta_content_width":100,"neve_meta_title_alignment":"","neve_meta_author_avatar":"","neve_post_elements_order":"","neve_meta_disable_header":"","neve_meta_disable_footer":"","neve_meta_disable_title":""},"product_brand":[],"product_cat":[86,32,48,90],"product_tag":[],"class_list":{"0":"post-7673","1":"product","2":"type-product","3":"status-publish","4":"has-post-thumbnail","6":"product_cat-distribucion","7":"product_cat-empresas-en-venta","8":"product_cat-entre-1me-y-3me","9":"product_cat-espana-norte","11":"first","12":"instock","13":"shipping-taxable","14":"product-type-simple"},"yoast_head":"<!-- This site is optimized with the Yoast SEO plugin v27.4 - https:\/\/yoast.com\/product\/yoast-seo-wordpress\/ -->\n<title>Distribuidora | TAE Europa<\/title>\n<meta name=\"description\" content=\"Distribuidora especializada en productos procedentes de pa\u00edses latinoamericanos, que incluyen aceites, bebidas y congelados, entre otros.\" \/>\n<meta name=\"robots\" content=\"index, follow, max-snippet:-1, max-image-preview:large, max-video-preview:-1\" \/>\n<link rel=\"canonical\" href=\"https:\/\/www.taeeuropa.eu\/ca\/producte\/distribuidora\/\" \/>\n<meta property=\"og:locale\" content=\"ca_ES\" \/>\n<meta property=\"og:type\" content=\"article\" \/>\n<meta property=\"og:title\" content=\"Distribuidora | TAE Europa\" \/>\n<meta property=\"og:description\" content=\"Distribuidora especializada en productos procedentes de pa\u00edses latinoamericanos, que incluyen aceites, bebidas y congelados, entre otros.\" \/>\n<meta property=\"og:url\" content=\"https:\/\/www.taeeuropa.eu\/ca\/producte\/distribuidora\/\" \/>\n<meta property=\"og:site_name\" content=\"TAE Europa\" \/>\n<meta property=\"article:modified_time\" content=\"2024-09-26T11:36:39+00:00\" \/>\n<meta property=\"og:image\" content=\"https:\/\/www.taeeuropa.eu\/wp-content\/uploads\/Sin-titulo-DISTRIBUIIDORA.jpg\" \/>\n\t<meta property=\"og:image:width\" content=\"977\" \/>\n\t<meta property=\"og:image:height\" content=\"794\" \/>\n\t<meta property=\"og:image:type\" content=\"image\/jpeg\" \/>\n<meta name=\"twitter:card\" content=\"summary_large_image\" \/>\n<meta name=\"twitter:label1\" content=\"Temps estimat de lectura\" \/>\n\t<meta name=\"twitter:data1\" content=\"1 minut\" \/>\n<script type=\"application\/ld+json\" class=\"yoast-schema-graph\">{\"@context\":\"https:\\\/\\\/schema.org\",\"@graph\":[{\"@type\":\"WebPage\",\"@id\":\"https:\\\/\\\/www.taeeuropa.eu\\\/producto\\\/distribuidora\\\/\",\"url\":\"https:\\\/\\\/www.taeeuropa.eu\\\/producto\\\/distribuidora\\\/\",\"name\":\"Distribuidora | TAE Europa\",\"isPartOf\":{\"@id\":\"https:\\\/\\\/www.taeeuropa.eu\\\/#website\"},\"primaryImageOfPage\":{\"@id\":\"https:\\\/\\\/www.taeeuropa.eu\\\/producto\\\/distribuidora\\\/#primaryimage\"},\"image\":{\"@id\":\"https:\\\/\\\/www.taeeuropa.eu\\\/producto\\\/distribuidora\\\/#primaryimage\"},\"thumbnailUrl\":\"https:\\\/\\\/www.taeeuropa.eu\\\/wp-content\\\/uploads\\\/Sin-titulo-DISTRIBUIIDORA.jpg\",\"datePublished\":\"2024-03-13T16:07:39+00:00\",\"dateModified\":\"2024-09-26T11:36:39+00:00\",\"description\":\"Distribuidora especializada en productos procedentes de pa\u00edses latinoamericanos, que incluyen aceites, bebidas y congelados, entre otros.\",\"breadcrumb\":{\"@id\":\"https:\\\/\\\/www.taeeuropa.eu\\\/producto\\\/distribuidora\\\/#breadcrumb\"},\"inLanguage\":\"ca\",\"potentialAction\":[{\"@type\":\"ReadAction\",\"target\":[\"https:\\\/\\\/www.taeeuropa.eu\\\/producto\\\/distribuidora\\\/\"]}]},{\"@type\":\"ImageObject\",\"inLanguage\":\"ca\",\"@id\":\"https:\\\/\\\/www.taeeuropa.eu\\\/producto\\\/distribuidora\\\/#primaryimage\",\"url\":\"https:\\\/\\\/www.taeeuropa.eu\\\/wp-content\\\/uploads\\\/Sin-titulo-DISTRIBUIIDORA.jpg\",\"contentUrl\":\"https:\\\/\\\/www.taeeuropa.eu\\\/wp-content\\\/uploads\\\/Sin-titulo-DISTRIBUIIDORA.jpg\",\"width\":977,\"height\":794,\"caption\":\"Imagen de una distribuidora en venta especializada en productos latinoamericanos, incluyendo aceites, bebidas y congelados.\"},{\"@type\":\"BreadcrumbList\",\"@id\":\"https:\\\/\\\/www.taeeuropa.eu\\\/producto\\\/distribuidora\\\/#breadcrumb\",\"itemListElement\":[{\"@type\":\"ListItem\",\"position\":1,\"name\":\"Portada\",\"item\":\"https:\\\/\\\/www.taeeuropa.eu\\\/\"},{\"@type\":\"ListItem\",\"position\":2,\"name\":\"Tienda\",\"item\":\"https:\\\/\\\/www.taeeuropa.eu\\\/pt\\\/tienda\\\/\"},{\"@type\":\"ListItem\",\"position\":3,\"name\":\"Distribuidora\"}]},{\"@type\":\"WebSite\",\"@id\":\"https:\\\/\\\/www.taeeuropa.eu\\\/#website\",\"url\":\"https:\\\/\\\/www.taeeuropa.eu\\\/\",\"name\":\"TAE Europa\",\"description\":\"Fusiones y Adquisiciones | Sector agroalimentario\",\"publisher\":{\"@id\":\"https:\\\/\\\/www.taeeuropa.eu\\\/#organization\"},\"potentialAction\":[{\"@type\":\"SearchAction\",\"target\":{\"@type\":\"EntryPoint\",\"urlTemplate\":\"https:\\\/\\\/www.taeeuropa.eu\\\/?s={search_term_string}\"},\"query-input\":{\"@type\":\"PropertyValueSpecification\",\"valueRequired\":true,\"valueName\":\"search_term_string\"}}],\"inLanguage\":\"ca\"},{\"@type\":\"Organization\",\"@id\":\"https:\\\/\\\/www.taeeuropa.eu\\\/#organization\",\"name\":\"TAE Europa\",\"url\":\"https:\\\/\\\/www.taeeuropa.eu\\\/\",\"logo\":{\"@type\":\"ImageObject\",\"inLanguage\":\"ca\",\"@id\":\"https:\\\/\\\/www.taeeuropa.eu\\\/#\\\/schema\\\/logo\\\/image\\\/\",\"url\":\"https:\\\/\\\/www.taeeuropa.eu\\\/wp-content\\\/uploads\\\/Logo-fondo-blanco-1.jpg\",\"contentUrl\":\"https:\\\/\\\/www.taeeuropa.eu\\\/wp-content\\\/uploads\\\/Logo-fondo-blanco-1.jpg\",\"width\":460,\"height\":460,\"caption\":\"TAE Europa\"},\"image\":{\"@id\":\"https:\\\/\\\/www.taeeuropa.eu\\\/#\\\/schema\\\/logo\\\/image\\\/\"},\"sameAs\":[\"https:\\\/\\\/www.linkedin.com\\\/company\\\/taeeuropa\\\/\"]}]}<\/script>\n<!-- \/ Yoast SEO plugin. -->","yoast_head_json":{"title":"Distribuidora | TAE Europa","description":"Distribuidora especializada en productos procedentes de pa\u00edses latinoamericanos, que incluyen aceites, bebidas y congelados, entre otros.","robots":{"index":"index","follow":"follow","max-snippet":"max-snippet:-1","max-image-preview":"max-image-preview:large","max-video-preview":"max-video-preview:-1"},"canonical":"https:\/\/www.taeeuropa.eu\/ca\/producte\/distribuidora\/","og_locale":"ca_ES","og_type":"article","og_title":"Distribuidora | TAE Europa","og_description":"Distribuidora especializada en productos procedentes de pa\u00edses latinoamericanos, que incluyen aceites, bebidas y congelados, entre otros.","og_url":"https:\/\/www.taeeuropa.eu\/ca\/producte\/distribuidora\/","og_site_name":"TAE Europa","article_modified_time":"2024-09-26T11:36:39+00:00","og_image":[{"width":977,"height":794,"url":"https:\/\/www.taeeuropa.eu\/wp-content\/uploads\/Sin-titulo-DISTRIBUIIDORA.jpg","type":"image\/jpeg"}],"twitter_card":"summary_large_image","twitter_misc":{"Temps estimat de lectura":"1 minut"},"schema":{"@context":"https:\/\/schema.org","@graph":[{"@type":"WebPage","@id":"https:\/\/www.taeeuropa.eu\/producto\/distribuidora\/","url":"https:\/\/www.taeeuropa.eu\/producto\/distribuidora\/","name":"Distribuidora | TAE Europa","isPartOf":{"@id":"https:\/\/www.taeeuropa.eu\/#website"},"primaryImageOfPage":{"@id":"https:\/\/www.taeeuropa.eu\/producto\/distribuidora\/#primaryimage"},"image":{"@id":"https:\/\/www.taeeuropa.eu\/producto\/distribuidora\/#primaryimage"},"thumbnailUrl":"https:\/\/www.taeeuropa.eu\/wp-content\/uploads\/Sin-titulo-DISTRIBUIIDORA.jpg","datePublished":"2024-03-13T16:07:39+00:00","dateModified":"2024-09-26T11:36:39+00:00","description":"Distribuidora especializada en productos procedentes de pa\u00edses latinoamericanos, que incluyen aceites, bebidas y congelados, entre otros.","breadcrumb":{"@id":"https:\/\/www.taeeuropa.eu\/producto\/distribuidora\/#breadcrumb"},"inLanguage":"ca","potentialAction":[{"@type":"ReadAction","target":["https:\/\/www.taeeuropa.eu\/producto\/distribuidora\/"]}]},{"@type":"ImageObject","inLanguage":"ca","@id":"https:\/\/www.taeeuropa.eu\/producto\/distribuidora\/#primaryimage","url":"https:\/\/www.taeeuropa.eu\/wp-content\/uploads\/Sin-titulo-DISTRIBUIIDORA.jpg","contentUrl":"https:\/\/www.taeeuropa.eu\/wp-content\/uploads\/Sin-titulo-DISTRIBUIIDORA.jpg","width":977,"height":794,"caption":"Imagen de una distribuidora en venta especializada en productos latinoamericanos, incluyendo aceites, bebidas y congelados."},{"@type":"BreadcrumbList","@id":"https:\/\/www.taeeuropa.eu\/producto\/distribuidora\/#breadcrumb","itemListElement":[{"@type":"ListItem","position":1,"name":"Portada","item":"https:\/\/www.taeeuropa.eu\/"},{"@type":"ListItem","position":2,"name":"Tienda","item":"https:\/\/www.taeeuropa.eu\/pt\/tienda\/"},{"@type":"ListItem","position":3,"name":"Distribuidora"}]},{"@type":"WebSite","@id":"https:\/\/www.taeeuropa.eu\/#website","url":"https:\/\/www.taeeuropa.eu\/","name":"TAE Europa","description":"Fusiones y Adquisiciones | Sector agroalimentario","publisher":{"@id":"https:\/\/www.taeeuropa.eu\/#organization"},"potentialAction":[{"@type":"SearchAction","target":{"@type":"EntryPoint","urlTemplate":"https:\/\/www.taeeuropa.eu\/?s={search_term_string}"},"query-input":{"@type":"PropertyValueSpecification","valueRequired":true,"valueName":"search_term_string"}}],"inLanguage":"ca"},{"@type":"Organization","@id":"https:\/\/www.taeeuropa.eu\/#organization","name":"TAE Europa","url":"https:\/\/www.taeeuropa.eu\/","logo":{"@type":"ImageObject","inLanguage":"ca","@id":"https:\/\/www.taeeuropa.eu\/#\/schema\/logo\/image\/","url":"https:\/\/www.taeeuropa.eu\/wp-content\/uploads\/Logo-fondo-blanco-1.jpg","contentUrl":"https:\/\/www.taeeuropa.eu\/wp-content\/uploads\/Logo-fondo-blanco-1.jpg","width":460,"height":460,"caption":"TAE Europa"},"image":{"@id":"https:\/\/www.taeeuropa.eu\/#\/schema\/logo\/image\/"},"sameAs":["https:\/\/www.linkedin.com\/company\/taeeuropa\/"]}]}},"_links":{"self":[{"href":"https:\/\/www.taeeuropa.eu\/ca\/wp-json\/wp\/v2\/product\/7673","targetHints":{"allow":["GET"]}}],"collection":[{"href":"https:\/\/www.taeeuropa.eu\/ca\/wp-json\/wp\/v2\/product"}],"about":[{"href":"https:\/\/www.taeeuropa.eu\/ca\/wp-json\/wp\/v2\/types\/product"}],"wp:featuredmedia":[{"embeddable":true,"href":"https:\/\/www.taeeuropa.eu\/ca\/wp-json\/wp\/v2\/media\/7674"}],"wp:attachment":[{"href":"https:\/\/www.taeeuropa.eu\/ca\/wp-json\/wp\/v2\/media?parent=7673"}],"wp:term":[{"taxonomy":"product_brand","embeddable":true,"href":"https:\/\/www.taeeuropa.eu\/ca\/wp-json\/wp\/v2\/product_brand?post=7673"},{"taxonomy":"product_cat","embeddable":true,"href":"https:\/\/www.taeeuropa.eu\/ca\/wp-json\/wp\/v2\/product_cat?post=7673"},{"taxonomy":"product_tag","embeddable":true,"href":"https:\/\/www.taeeuropa.eu\/ca\/wp-json\/wp\/v2\/product_tag?post=7673"}],"curies":[{"name":"wp","href":"https:\/\/api.w.org\/{rel}","templated":true}]}}