{"id":7767,"date":"2024-03-15T13:29:50","date_gmt":"2024-03-15T12:29:50","guid":{"rendered":"https:\/\/www.taeeuropa.eu\/?post_type=product&#038;p=7767"},"modified":"2024-07-16T13:33:00","modified_gmt":"2024-07-16T11:33:00","slug":"fabricante-de-bolleria-y-pasteleria","status":"publish","type":"product","link":"https:\/\/www.taeeuropa.eu\/ca\/producte\/fabricante-de-bolleria-y-pasteleria\/","title":{"rendered":"Fabricant de brioixeria i pastisseria"},"content":{"rendered":"<p>Empresa familiar espanyola, amb m\u00e9s de 25 anys de traject\u00f2ria, especialitzada en la fabricaci\u00f3 per al sector de la brioixeria i pastisseria ultracongelada.<\/p>\n<ul>\n<li>Cartera diversificada de clients per tota Espanya i una xarxa de m\u00e9s de 50 distribu\u00efdors estrat\u00e8gics al llarg del pa\u00eds.<\/li>\n<li>El seu canal principal de distribuci\u00f3 \u00e9s HORECA, i t\u00e9 una pres\u00e8ncia m\u00e9s redu\u00efda en el canal Retail.<\/li>\n<li>Compta amb una nau pr\u00f2pia de 1.700m2.<\/li>\n<\/ul>\n<p>&nbsp;<\/p>","protected":false},"excerpt":{"rendered":"<p>Empresa familiar espa\u00f1ola, con m\u00e1s de 25 a\u00f1os de trayectoria, especializada en la fabricaci\u00f3n para el sector de la boller\u00eda y pasteler\u00eda ultracongelada. Cartera diversificada de clientes por toda Espa\u00f1a y una red de m\u00e1s de 50 distribuidores estrat\u00e9gicos a lo largo del pa\u00eds. Su canal principal de distribuci\u00f3n es HORECA, y tiene una presencia&hellip;&nbsp;<a href=\"https:\/\/www.taeeuropa.eu\/ca\/producte\/fabricante-de-bolleria-y-pasteleria\/\" rel=\"bookmark\">Llegiu m\u00e9s &raquo;<span class=\"screen-reader-text\">Fabricant de brioixeria i pastisseria<\/span><\/a><\/p>","protected":false},"featured_media":7769,"template":"","meta":{"om_disable_all_campaigns":false,"_monsterinsights_skip_tracking":false,"_monsterinsights_sitenote_active":false,"_monsterinsights_sitenote_note":"","_monsterinsights_sitenote_category":0,"neve_meta_sidebar":"","neve_meta_container":"","neve_meta_enable_content_width":"off","neve_meta_content_width":100,"neve_meta_title_alignment":"","neve_meta_author_avatar":"","neve_post_elements_order":"","neve_meta_disable_header":"","neve_meta_disable_footer":"","neve_meta_disable_title":""},"product_brand":[],"product_cat":[32,48,41,51],"product_tag":[],"class_list":{"0":"post-7767","1":"product","2":"type-product","3":"status-publish","4":"has-post-thumbnail","6":"product_cat-empresas-en-venta","7":"product_cat-entre-1me-y-3me","8":"product_cat-espana","9":"product_cat-pizza-pan-y-bolleria","11":"first","12":"instock","13":"shipping-taxable","14":"product-type-simple"},"yoast_head":"<!-- This site is optimized with the Yoast SEO plugin v27.4 - https:\/\/yoast.com\/product\/yoast-seo-wordpress\/ -->\n<title>Fabricante de boller\u00eda y pasteler\u00eda | TAE Europa<\/title>\n<meta name=\"description\" content=\"Empresa familiar espa\u00f1ola, con m\u00e1s de 25 a\u00f1os de trayectoria, especializada en la fabricaci\u00f3n para el sector de la boller\u00eda y pasteler\u00eda ultracongelada.\" \/>\n<meta name=\"robots\" content=\"index, follow, max-snippet:-1, max-image-preview:large, max-video-preview:-1\" \/>\n<link rel=\"canonical\" href=\"https:\/\/www.taeeuropa.eu\/ca\/producte\/fabricante-de-bolleria-y-pasteleria\/\" \/>\n<meta property=\"og:locale\" content=\"ca_ES\" \/>\n<meta property=\"og:type\" content=\"article\" \/>\n<meta property=\"og:title\" content=\"Fabricante de boller\u00eda y pasteler\u00eda | TAE Europa\" \/>\n<meta property=\"og:description\" content=\"Empresa familiar espa\u00f1ola, con m\u00e1s de 25 a\u00f1os de trayectoria, especializada en la fabricaci\u00f3n para el sector de la boller\u00eda y pasteler\u00eda ultracongelada.\" \/>\n<meta property=\"og:url\" content=\"https:\/\/www.taeeuropa.eu\/ca\/producte\/fabricante-de-bolleria-y-pasteleria\/\" \/>\n<meta property=\"og:site_name\" content=\"TAE Europa\" \/>\n<meta property=\"article:modified_time\" content=\"2024-07-16T11:33:00+00:00\" \/>\n<meta property=\"og:image\" content=\"https:\/\/www.taeeuropa.eu\/wp-content\/uploads\/bolleria.jpg\" \/>\n\t<meta property=\"og:image:width\" content=\"724\" \/>\n\t<meta property=\"og:image:height\" content=\"549\" \/>\n\t<meta property=\"og:image:type\" content=\"image\/jpeg\" \/>\n<meta name=\"twitter:card\" content=\"summary_large_image\" \/>\n<meta name=\"twitter:label1\" content=\"Temps estimat de lectura\" \/>\n\t<meta name=\"twitter:data1\" content=\"1 minut\" \/>\n<script type=\"application\/ld+json\" class=\"yoast-schema-graph\">{\"@context\":\"https:\\\/\\\/schema.org\",\"@graph\":[{\"@type\":\"WebPage\",\"@id\":\"https:\\\/\\\/www.taeeuropa.eu\\\/producto\\\/fabricante-de-bolleria-y-pasteleria\\\/\",\"url\":\"https:\\\/\\\/www.taeeuropa.eu\\\/producto\\\/fabricante-de-bolleria-y-pasteleria\\\/\",\"name\":\"Fabricante de boller\u00eda y pasteler\u00eda | TAE Europa\",\"isPartOf\":{\"@id\":\"https:\\\/\\\/www.taeeuropa.eu\\\/#website\"},\"primaryImageOfPage\":{\"@id\":\"https:\\\/\\\/www.taeeuropa.eu\\\/producto\\\/fabricante-de-bolleria-y-pasteleria\\\/#primaryimage\"},\"image\":{\"@id\":\"https:\\\/\\\/www.taeeuropa.eu\\\/producto\\\/fabricante-de-bolleria-y-pasteleria\\\/#primaryimage\"},\"thumbnailUrl\":\"https:\\\/\\\/www.taeeuropa.eu\\\/wp-content\\\/uploads\\\/bolleria.jpg\",\"datePublished\":\"2024-03-15T12:29:50+00:00\",\"dateModified\":\"2024-07-16T11:33:00+00:00\",\"description\":\"Empresa familiar espa\u00f1ola, con m\u00e1s de 25 a\u00f1os de trayectoria, especializada en la fabricaci\u00f3n para el sector de la boller\u00eda y pasteler\u00eda ultracongelada.\",\"breadcrumb\":{\"@id\":\"https:\\\/\\\/www.taeeuropa.eu\\\/producto\\\/fabricante-de-bolleria-y-pasteleria\\\/#breadcrumb\"},\"inLanguage\":\"ca\",\"potentialAction\":[{\"@type\":\"ReadAction\",\"target\":[\"https:\\\/\\\/www.taeeuropa.eu\\\/producto\\\/fabricante-de-bolleria-y-pasteleria\\\/\"]}]},{\"@type\":\"ImageObject\",\"inLanguage\":\"ca\",\"@id\":\"https:\\\/\\\/www.taeeuropa.eu\\\/producto\\\/fabricante-de-bolleria-y-pasteleria\\\/#primaryimage\",\"url\":\"https:\\\/\\\/www.taeeuropa.eu\\\/wp-content\\\/uploads\\\/bolleria.jpg\",\"contentUrl\":\"https:\\\/\\\/www.taeeuropa.eu\\\/wp-content\\\/uploads\\\/bolleria.jpg\",\"width\":724,\"height\":549,\"caption\":\"Imagen de una empresa familiar espa\u00f1ola con m\u00e1s de 25 a\u00f1os fabricando boller\u00eda y pasteler\u00eda ultracongelada, actualmente en venta.\"},{\"@type\":\"BreadcrumbList\",\"@id\":\"https:\\\/\\\/www.taeeuropa.eu\\\/producto\\\/fabricante-de-bolleria-y-pasteleria\\\/#breadcrumb\",\"itemListElement\":[{\"@type\":\"ListItem\",\"position\":1,\"name\":\"Portada\",\"item\":\"https:\\\/\\\/www.taeeuropa.eu\\\/\"},{\"@type\":\"ListItem\",\"position\":2,\"name\":\"Tienda\",\"item\":\"https:\\\/\\\/www.taeeuropa.eu\\\/pt\\\/tienda\\\/\"},{\"@type\":\"ListItem\",\"position\":3,\"name\":\"Fabricante de boller\u00eda y pasteler\u00eda\"}]},{\"@type\":\"WebSite\",\"@id\":\"https:\\\/\\\/www.taeeuropa.eu\\\/#website\",\"url\":\"https:\\\/\\\/www.taeeuropa.eu\\\/\",\"name\":\"TAE Europa\",\"description\":\"Fusiones y Adquisiciones | Sector agroalimentario\",\"publisher\":{\"@id\":\"https:\\\/\\\/www.taeeuropa.eu\\\/#organization\"},\"potentialAction\":[{\"@type\":\"SearchAction\",\"target\":{\"@type\":\"EntryPoint\",\"urlTemplate\":\"https:\\\/\\\/www.taeeuropa.eu\\\/?s={search_term_string}\"},\"query-input\":{\"@type\":\"PropertyValueSpecification\",\"valueRequired\":true,\"valueName\":\"search_term_string\"}}],\"inLanguage\":\"ca\"},{\"@type\":\"Organization\",\"@id\":\"https:\\\/\\\/www.taeeuropa.eu\\\/#organization\",\"name\":\"TAE Europa\",\"url\":\"https:\\\/\\\/www.taeeuropa.eu\\\/\",\"logo\":{\"@type\":\"ImageObject\",\"inLanguage\":\"ca\",\"@id\":\"https:\\\/\\\/www.taeeuropa.eu\\\/#\\\/schema\\\/logo\\\/image\\\/\",\"url\":\"https:\\\/\\\/www.taeeuropa.eu\\\/wp-content\\\/uploads\\\/Logo-fondo-blanco-1.jpg\",\"contentUrl\":\"https:\\\/\\\/www.taeeuropa.eu\\\/wp-content\\\/uploads\\\/Logo-fondo-blanco-1.jpg\",\"width\":460,\"height\":460,\"caption\":\"TAE Europa\"},\"image\":{\"@id\":\"https:\\\/\\\/www.taeeuropa.eu\\\/#\\\/schema\\\/logo\\\/image\\\/\"},\"sameAs\":[\"https:\\\/\\\/www.linkedin.com\\\/company\\\/taeeuropa\\\/\"]}]}<\/script>\n<!-- \/ Yoast SEO plugin. -->","yoast_head_json":{"title":"Fabricante de boller\u00eda y pasteler\u00eda | TAE Europa","description":"Empresa familiar espanyola, amb m\u00e9s de 25 anys de traject\u00f2ria, especialitzada en la fabricaci\u00f3 per al sector de la brioixeria i pastisseria ultracongelada.","robots":{"index":"index","follow":"follow","max-snippet":"max-snippet:-1","max-image-preview":"max-image-preview:large","max-video-preview":"max-video-preview:-1"},"canonical":"https:\/\/www.taeeuropa.eu\/ca\/producte\/fabricante-de-bolleria-y-pasteleria\/","og_locale":"ca_ES","og_type":"article","og_title":"Fabricante de boller\u00eda y pasteler\u00eda | TAE Europa","og_description":"Empresa familiar espa\u00f1ola, con m\u00e1s de 25 a\u00f1os de trayectoria, especializada en la fabricaci\u00f3n para el sector de la boller\u00eda y pasteler\u00eda ultracongelada.","og_url":"https:\/\/www.taeeuropa.eu\/ca\/producte\/fabricante-de-bolleria-y-pasteleria\/","og_site_name":"TAE Europa","article_modified_time":"2024-07-16T11:33:00+00:00","og_image":[{"width":724,"height":549,"url":"https:\/\/www.taeeuropa.eu\/wp-content\/uploads\/bolleria.jpg","type":"image\/jpeg"}],"twitter_card":"summary_large_image","twitter_misc":{"Temps estimat de lectura":"1 minut"},"schema":{"@context":"https:\/\/schema.org","@graph":[{"@type":"WebPage","@id":"https:\/\/www.taeeuropa.eu\/producto\/fabricante-de-bolleria-y-pasteleria\/","url":"https:\/\/www.taeeuropa.eu\/producto\/fabricante-de-bolleria-y-pasteleria\/","name":"Fabricante de boller\u00eda y pasteler\u00eda | TAE Europa","isPartOf":{"@id":"https:\/\/www.taeeuropa.eu\/#website"},"primaryImageOfPage":{"@id":"https:\/\/www.taeeuropa.eu\/producto\/fabricante-de-bolleria-y-pasteleria\/#primaryimage"},"image":{"@id":"https:\/\/www.taeeuropa.eu\/producto\/fabricante-de-bolleria-y-pasteleria\/#primaryimage"},"thumbnailUrl":"https:\/\/www.taeeuropa.eu\/wp-content\/uploads\/bolleria.jpg","datePublished":"2024-03-15T12:29:50+00:00","dateModified":"2024-07-16T11:33:00+00:00","description":"Empresa familiar espanyola, amb m\u00e9s de 25 anys de traject\u00f2ria, especialitzada en la fabricaci\u00f3 per al sector de la brioixeria i pastisseria ultracongelada.","breadcrumb":{"@id":"https:\/\/www.taeeuropa.eu\/producto\/fabricante-de-bolleria-y-pasteleria\/#breadcrumb"},"inLanguage":"ca","potentialAction":[{"@type":"ReadAction","target":["https:\/\/www.taeeuropa.eu\/producto\/fabricante-de-bolleria-y-pasteleria\/"]}]},{"@type":"ImageObject","inLanguage":"ca","@id":"https:\/\/www.taeeuropa.eu\/producto\/fabricante-de-bolleria-y-pasteleria\/#primaryimage","url":"https:\/\/www.taeeuropa.eu\/wp-content\/uploads\/bolleria.jpg","contentUrl":"https:\/\/www.taeeuropa.eu\/wp-content\/uploads\/bolleria.jpg","width":724,"height":549,"caption":"Imagen de una empresa familiar espa\u00f1ola con m\u00e1s de 25 a\u00f1os fabricando boller\u00eda y pasteler\u00eda ultracongelada, actualmente en venta."},{"@type":"BreadcrumbList","@id":"https:\/\/www.taeeuropa.eu\/producto\/fabricante-de-bolleria-y-pasteleria\/#breadcrumb","itemListElement":[{"@type":"ListItem","position":1,"name":"Portada","item":"https:\/\/www.taeeuropa.eu\/"},{"@type":"ListItem","position":2,"name":"Tienda","item":"https:\/\/www.taeeuropa.eu\/pt\/tienda\/"},{"@type":"ListItem","position":3,"name":"Fabricante de boller\u00eda y pasteler\u00eda"}]},{"@type":"WebSite","@id":"https:\/\/www.taeeuropa.eu\/#website","url":"https:\/\/www.taeeuropa.eu\/","name":"TAE Europa","description":"Fusiones y Adquisiciones | Sector agroalimentario","publisher":{"@id":"https:\/\/www.taeeuropa.eu\/#organization"},"potentialAction":[{"@type":"SearchAction","target":{"@type":"EntryPoint","urlTemplate":"https:\/\/www.taeeuropa.eu\/?s={search_term_string}"},"query-input":{"@type":"PropertyValueSpecification","valueRequired":true,"valueName":"search_term_string"}}],"inLanguage":"ca"},{"@type":"Organization","@id":"https:\/\/www.taeeuropa.eu\/#organization","name":"TAE Europa","url":"https:\/\/www.taeeuropa.eu\/","logo":{"@type":"ImageObject","inLanguage":"ca","@id":"https:\/\/www.taeeuropa.eu\/#\/schema\/logo\/image\/","url":"https:\/\/www.taeeuropa.eu\/wp-content\/uploads\/Logo-fondo-blanco-1.jpg","contentUrl":"https:\/\/www.taeeuropa.eu\/wp-content\/uploads\/Logo-fondo-blanco-1.jpg","width":460,"height":460,"caption":"TAE Europa"},"image":{"@id":"https:\/\/www.taeeuropa.eu\/#\/schema\/logo\/image\/"},"sameAs":["https:\/\/www.linkedin.com\/company\/taeeuropa\/"]}]}},"_links":{"self":[{"href":"https:\/\/www.taeeuropa.eu\/ca\/wp-json\/wp\/v2\/product\/7767","targetHints":{"allow":["GET"]}}],"collection":[{"href":"https:\/\/www.taeeuropa.eu\/ca\/wp-json\/wp\/v2\/product"}],"about":[{"href":"https:\/\/www.taeeuropa.eu\/ca\/wp-json\/wp\/v2\/types\/product"}],"wp:featuredmedia":[{"embeddable":true,"href":"https:\/\/www.taeeuropa.eu\/ca\/wp-json\/wp\/v2\/media\/7769"}],"wp:attachment":[{"href":"https:\/\/www.taeeuropa.eu\/ca\/wp-json\/wp\/v2\/media?parent=7767"}],"wp:term":[{"taxonomy":"product_brand","embeddable":true,"href":"https:\/\/www.taeeuropa.eu\/ca\/wp-json\/wp\/v2\/product_brand?post=7767"},{"taxonomy":"product_cat","embeddable":true,"href":"https:\/\/www.taeeuropa.eu\/ca\/wp-json\/wp\/v2\/product_cat?post=7767"},{"taxonomy":"product_tag","embeddable":true,"href":"https:\/\/www.taeeuropa.eu\/ca\/wp-json\/wp\/v2\/product_tag?post=7767"}],"curies":[{"name":"wp","href":"https:\/\/api.w.org\/{rel}","templated":true}]}}