{"id":8387,"date":"2025-01-22T12:02:12","date_gmt":"2025-01-22T11:02:12","guid":{"rendered":"https:\/\/www.taeeuropa.eu\/?page_id=8387"},"modified":"2026-02-24T17:50:09","modified_gmt":"2026-02-24T16:50:09","slug":"compraventa-de-maquinaria","status":"publish","type":"page","link":"https:\/\/www.taeeuropa.eu\/en\/otros-servicios\/compraventa-de-maquinaria\/","title":{"rendered":"Buying and selling of machinery"},"content":{"rendered":"<div data-elementor-type=\"wp-page\" data-elementor-id=\"8387\" class=\"elementor elementor-8387\">\n\t\t\t\t<div class=\"elementor-element elementor-element-1b5207a0 e-con-full e-flex e-con e-parent\" data-id=\"1b5207a0\" data-element_type=\"container\" data-e-type=\"container\" data-settings=\"{&quot;background_background&quot;:&quot;classic&quot;,&quot;animation&quot;:&quot;none&quot;}\">\n\t\t\t\t<div class=\"elementor-element elementor-element-7acdd758 elementor-invisible elementor-widget elementor-widget-heading\" data-id=\"7acdd758\" data-element_type=\"widget\" data-e-type=\"widget\" data-settings=\"{&quot;_animation&quot;:&quot;zoomIn&quot;}\" data-widget_type=\"heading.default\">\n\t\t\t\t<div class=\"elementor-widget-container\">\n\t\t\t\t\t<h1 class=\"elementor-heading-title elementor-size-small\">Buying and selling of machinery<\/h1>\t\t\t\t<\/div>\n\t\t\t\t<\/div>\n\t\t\t\t<\/div>\n\t\t<div class=\"elementor-element elementor-element-ee8cc12 e-flex e-con-boxed e-con e-parent\" data-id=\"ee8cc12\" data-element_type=\"container\" data-e-type=\"container\">\n\t\t\t\t\t<div class=\"e-con-inner\">\n\t\t<div class=\"elementor-element elementor-element-129e1f2 e-con-full e-flex e-con e-child\" data-id=\"129e1f2\" data-element_type=\"container\" data-e-type=\"container\">\n\t\t\t\t<\/div>\n\t\t<div class=\"elementor-element elementor-element-51046f5 e-con-full e-flex e-con e-child\" data-id=\"51046f5\" data-element_type=\"container\" data-e-type=\"container\" data-settings=\"{&quot;background_background&quot;:&quot;classic&quot;}\">\n\t\t\t\t<div class=\"elementor-element elementor-element-eddbeb6 elementor-widget elementor-widget-image\" data-id=\"eddbeb6\" data-element_type=\"widget\" data-e-type=\"widget\" data-widget_type=\"image.default\">\n\t\t\t\t<div class=\"elementor-widget-container\">\n\t\t\t\t\t\t\t\t\t\t\t\t\t\t\t<img fetchpriority=\"high\" decoding=\"async\" width=\"1024\" height=\"576\" src=\"https:\/\/www.taeeuropa.eu\/wp-content\/uploads\/Logo-TAE-maquinaria-fondo-transparente-1024x576.png\" class=\"attachment-large size-large wp-image-8394\" alt=\"Logo Tae Europa compraventa de maquinarias.\" srcset=\"https:\/\/www.taeeuropa.eu\/wp-content\/uploads\/Logo-TAE-maquinaria-fondo-transparente-1024x576.png 1024w, https:\/\/www.taeeuropa.eu\/wp-content\/uploads\/Logo-TAE-maquinaria-fondo-transparente-300x169.png 300w, https:\/\/www.taeeuropa.eu\/wp-content\/uploads\/Logo-TAE-maquinaria-fondo-transparente-768x432.png 768w, https:\/\/www.taeeuropa.eu\/wp-content\/uploads\/Logo-TAE-maquinaria-fondo-transparente-1536x864.png 1536w, https:\/\/www.taeeuropa.eu\/wp-content\/uploads\/Logo-TAE-maquinaria-fondo-transparente-2048x1151.png 2048w, https:\/\/www.taeeuropa.eu\/wp-content\/uploads\/Logo-TAE-maquinaria-fondo-transparente-18x10.png 18w, https:\/\/www.taeeuropa.eu\/wp-content\/uploads\/Logo-TAE-maquinaria-fondo-transparente-600x337.png 600w\" sizes=\"(max-width: 1024px) 100vw, 1024px\" \/>\t\t\t\t\t\t\t\t\t\t\t\t\t\t\t<\/div>\n\t\t\t\t<\/div>\n\t\t\t\t<\/div>\n\t\t<div class=\"elementor-element elementor-element-e34bb54 e-con-full e-flex e-con e-child\" data-id=\"e34bb54\" data-element_type=\"container\" data-e-type=\"container\">\n\t\t\t\t<\/div>\n\t\t\t\t\t<\/div>\n\t\t\t\t<\/div>\n\t\t<div class=\"elementor-element elementor-element-2e5a92a8 e-flex e-con-boxed e-con e-parent\" data-id=\"2e5a92a8\" data-element_type=\"container\" data-e-type=\"container\" data-settings=\"{&quot;background_background&quot;:&quot;classic&quot;}\">\n\t\t\t\t\t<div class=\"e-con-inner\">\n\t\t<div class=\"elementor-element elementor-element-2d9f99e8 e-con-full e-flex e-con e-child\" data-id=\"2d9f99e8\" data-element_type=\"container\" data-e-type=\"container\">\n\t\t\t\t<div class=\"elementor-element elementor-element-1e70a5a5 elementor-widget__width-initial elementor-widget-tablet__width-initial e-transform elementor-invisible elementor-widget elementor-widget-heading\" data-id=\"1e70a5a5\" data-element_type=\"widget\" data-e-type=\"widget\" data-settings=\"{&quot;_animation&quot;:&quot;fadeInDown&quot;,&quot;_transform_scale_effect_hover&quot;:{&quot;unit&quot;:&quot;px&quot;,&quot;size&quot;:&quot;&quot;,&quot;sizes&quot;:[]},&quot;_transform_scale_effect_hover_tablet&quot;:{&quot;unit&quot;:&quot;px&quot;,&quot;size&quot;:&quot;&quot;,&quot;sizes&quot;:[]},&quot;_transform_scale_effect_hover_mobile&quot;:{&quot;unit&quot;:&quot;px&quot;,&quot;size&quot;:&quot;&quot;,&quot;sizes&quot;:[]}}\" data-widget_type=\"heading.default\">\n\t\t\t\t<div class=\"elementor-widget-container\">\n\t\t\t\t\t<h2 class=\"elementor-heading-title elementor-size-default\">We help you find the ideal equipment to optimise your production.<\/h2>\t\t\t\t<\/div>\n\t\t\t\t<\/div>\n\t\t\t\t<div class=\"elementor-element elementor-element-75d5ce58 elementor-widget__width-initial elementor-widget-tablet__width-initial elementor-widget elementor-widget-text-editor\" data-id=\"75d5ce58\" data-element_type=\"widget\" data-e-type=\"widget\" data-widget_type=\"text-editor.default\">\n\t\t\t\t<div class=\"elementor-widget-container\">\n\t\t\t\t\t\t\t\t\t<p>At TAE Europe, we also offer buying and selling services for machinery and production lines for the food and beverage industry. We act as an intermediary to connect buyers and sellers, offering solutions that boost the productivity of your business.<\/p>\t\t\t\t\t\t\t\t<\/div>\n\t\t\t\t<\/div>\n\t\t\t\t<\/div>\n\t\t<div class=\"elementor-element elementor-element-129635fd e-con-full e-flex e-con e-child\" data-id=\"129635fd\" data-element_type=\"container\" data-e-type=\"container\" data-settings=\"{&quot;background_background&quot;:&quot;classic&quot;}\">\n\t\t\t\t<\/div>\n\t\t\t\t\t<\/div>\n\t\t\t\t<\/div>\n\t\t<div class=\"elementor-element elementor-element-45bc7e81 e-flex e-con-boxed e-con e-parent\" data-id=\"45bc7e81\" data-element_type=\"container\" data-e-type=\"container\" data-settings=\"{&quot;background_background&quot;:&quot;classic&quot;}\">\n\t\t\t\t\t<div class=\"e-con-inner\">\n\t\t\t\t<div class=\"elementor-element elementor-element-6c778a17 elementor-widget__width-initial elementor-widget elementor-widget-text-editor\" data-id=\"6c778a17\" data-element_type=\"widget\" data-e-type=\"widget\" data-widget_type=\"text-editor.default\">\n\t\t\t\t<div class=\"elementor-widget-container\">\n\t\t\t\t\t\t\t\t\t<ul><li><strong>Complete production lines<\/strong>: industrial bakery, pastry, cutting and packaging lines, pizza decoration, cakes and more.<\/li><\/ul><ul><li><strong>Machinery:<\/strong> Ovens, mixers, packaging machines, coolers, bread slicers and other essential equipment for food production.<\/li><\/ul>\t\t\t\t\t\t\t\t<\/div>\n\t\t\t\t<\/div>\n\t\t\t\t\t<\/div>\n\t\t\t\t<\/div>\n\t\t<div class=\"elementor-element elementor-element-6bd1a59 e-flex e-con-boxed e-con e-parent\" data-id=\"6bd1a59\" data-element_type=\"container\" data-e-type=\"container\">\n\t\t\t\t\t<div class=\"e-con-inner\">\n\t\t<div class=\"elementor-element elementor-element-051d412 e-con-full e-flex e-con e-child\" data-id=\"051d412\" data-element_type=\"container\" data-e-type=\"container\">\n\t\t\t\t<div class=\"elementor-element elementor-element-3d38f4f elementor-widget elementor-widget-image\" data-id=\"3d38f4f\" data-element_type=\"widget\" data-e-type=\"widget\" data-widget_type=\"image.default\">\n\t\t\t\t<div class=\"elementor-widget-container\">\n\t\t\t\t\t\t\t\t\t\t\t\t\t\t\t<img decoding=\"async\" width=\"490\" height=\"490\" src=\"https:\/\/www.taeeuropa.eu\/wp-content\/uploads\/002.png\" class=\"attachment-full size-full wp-image-8412\" alt=\"Imagen representaci\u00f3n compraventa de maquinaria en TAE Europa.\" srcset=\"https:\/\/www.taeeuropa.eu\/wp-content\/uploads\/002.png 490w, https:\/\/www.taeeuropa.eu\/wp-content\/uploads\/002-300x300.png 300w, https:\/\/www.taeeuropa.eu\/wp-content\/uploads\/002-150x150.png 150w, https:\/\/www.taeeuropa.eu\/wp-content\/uploads\/002-12x12.png 12w, https:\/\/www.taeeuropa.eu\/wp-content\/uploads\/002-100x100.png 100w\" sizes=\"(max-width: 490px) 100vw, 490px\" \/>\t\t\t\t\t\t\t\t\t\t\t\t\t\t\t<\/div>\n\t\t\t\t<\/div>\n\t\t\t\t<\/div>\n\t\t<div class=\"elementor-element elementor-element-a1cf379 e-con-full e-flex e-con e-child\" data-id=\"a1cf379\" data-element_type=\"container\" data-e-type=\"container\">\n\t\t\t\t<div class=\"elementor-element elementor-element-3e23ba0 elementor-widget__width-initial elementor-widget elementor-widget-image\" data-id=\"3e23ba0\" data-element_type=\"widget\" data-e-type=\"widget\" data-widget_type=\"image.default\">\n\t\t\t\t<div class=\"elementor-widget-container\">\n\t\t\t\t\t\t\t\t\t\t\t\t\t\t\t<img decoding=\"async\" width=\"360\" height=\"360\" src=\"https:\/\/www.taeeuropa.eu\/wp-content\/uploads\/003.png\" class=\"attachment-large size-large wp-image-8413\" alt=\"Imagen representaci\u00f3n compraventa de maquinaria en TAE Europa.\" srcset=\"https:\/\/www.taeeuropa.eu\/wp-content\/uploads\/003.png 360w, https:\/\/www.taeeuropa.eu\/wp-content\/uploads\/003-300x300.png 300w, https:\/\/www.taeeuropa.eu\/wp-content\/uploads\/003-150x150.png 150w, https:\/\/www.taeeuropa.eu\/wp-content\/uploads\/003-12x12.png 12w, https:\/\/www.taeeuropa.eu\/wp-content\/uploads\/003-100x100.png 100w\" sizes=\"(max-width: 360px) 100vw, 360px\" \/>\t\t\t\t\t\t\t\t\t\t\t\t\t\t\t<\/div>\n\t\t\t\t<\/div>\n\t\t\t\t<\/div>\n\t\t<div class=\"elementor-element elementor-element-6b54d19 e-con-full e-flex e-con e-child\" data-id=\"6b54d19\" data-element_type=\"container\" data-e-type=\"container\">\n\t\t\t\t<div class=\"elementor-element elementor-element-6d37a53 elementor-widget elementor-widget-image\" data-id=\"6d37a53\" data-element_type=\"widget\" data-e-type=\"widget\" data-widget_type=\"image.default\">\n\t\t\t\t<div class=\"elementor-widget-container\">\n\t\t\t\t\t\t\t\t\t\t\t\t\t\t\t<img loading=\"lazy\" decoding=\"async\" width=\"490\" height=\"490\" src=\"https:\/\/www.taeeuropa.eu\/wp-content\/uploads\/004.png\" class=\"attachment-large size-large wp-image-8414\" alt=\"Imagen representaci\u00f3n compraventa de maquinaria en TAE Europa.\" srcset=\"https:\/\/www.taeeuropa.eu\/wp-content\/uploads\/004.png 490w, https:\/\/www.taeeuropa.eu\/wp-content\/uploads\/004-300x300.png 300w, https:\/\/www.taeeuropa.eu\/wp-content\/uploads\/004-150x150.png 150w, https:\/\/www.taeeuropa.eu\/wp-content\/uploads\/004-12x12.png 12w, https:\/\/www.taeeuropa.eu\/wp-content\/uploads\/004-100x100.png 100w\" sizes=\"(max-width: 490px) 100vw, 490px\" \/>\t\t\t\t\t\t\t\t\t\t\t\t\t\t\t<\/div>\n\t\t\t\t<\/div>\n\t\t\t\t<\/div>\n\t\t<div class=\"elementor-element elementor-element-2cc8ddc e-con-full e-flex e-con e-child\" data-id=\"2cc8ddc\" data-element_type=\"container\" data-e-type=\"container\">\n\t\t\t\t<div class=\"elementor-element elementor-element-7f0aa8b elementor-widget elementor-widget-image\" data-id=\"7f0aa8b\" data-element_type=\"widget\" data-e-type=\"widget\" data-widget_type=\"image.default\">\n\t\t\t\t<div class=\"elementor-widget-container\">\n\t\t\t\t\t\t\t\t\t\t\t\t\t\t\t<img loading=\"lazy\" decoding=\"async\" width=\"614\" height=\"614\" src=\"https:\/\/www.taeeuropa.eu\/wp-content\/uploads\/005.png\" class=\"attachment-full size-full wp-image-8415\" alt=\"Imagen representaci\u00f3n compraventa de maquinaria en TAE Europa.\" srcset=\"https:\/\/www.taeeuropa.eu\/wp-content\/uploads\/005.png 614w, https:\/\/www.taeeuropa.eu\/wp-content\/uploads\/005-300x300.png 300w, https:\/\/www.taeeuropa.eu\/wp-content\/uploads\/005-150x150.png 150w, https:\/\/www.taeeuropa.eu\/wp-content\/uploads\/005-12x12.png 12w, https:\/\/www.taeeuropa.eu\/wp-content\/uploads\/005-600x600.png 600w, https:\/\/www.taeeuropa.eu\/wp-content\/uploads\/005-100x100.png 100w\" sizes=\"(max-width: 614px) 100vw, 614px\" \/>\t\t\t\t\t\t\t\t\t\t\t\t\t\t\t<\/div>\n\t\t\t\t<\/div>\n\t\t\t\t<\/div>\n\t\t<div class=\"elementor-element elementor-element-7ba4fa7 e-con-full e-flex e-con e-child\" data-id=\"7ba4fa7\" data-element_type=\"container\" data-e-type=\"container\">\n\t\t\t\t<div class=\"elementor-element elementor-element-c2f8974 elementor-widget elementor-widget-image\" data-id=\"c2f8974\" data-element_type=\"widget\" data-e-type=\"widget\" data-widget_type=\"image.default\">\n\t\t\t\t<div class=\"elementor-widget-container\">\n\t\t\t\t\t\t\t\t\t\t\t\t\t\t\t<img loading=\"lazy\" decoding=\"async\" width=\"384\" height=\"384\" src=\"https:\/\/www.taeeuropa.eu\/wp-content\/uploads\/006.png\" class=\"attachment-full size-full wp-image-8416\" alt=\"Imagen representaci\u00f3n compraventa de maquinaria en TAE Europa.\" srcset=\"https:\/\/www.taeeuropa.eu\/wp-content\/uploads\/006.png 384w, https:\/\/www.taeeuropa.eu\/wp-content\/uploads\/006-300x300.png 300w, https:\/\/www.taeeuropa.eu\/wp-content\/uploads\/006-150x150.png 150w, https:\/\/www.taeeuropa.eu\/wp-content\/uploads\/006-12x12.png 12w, https:\/\/www.taeeuropa.eu\/wp-content\/uploads\/006-100x100.png 100w\" sizes=\"(max-width: 384px) 100vw, 384px\" \/>\t\t\t\t\t\t\t\t\t\t\t\t\t\t\t<\/div>\n\t\t\t\t<\/div>\n\t\t\t\t<\/div>\n\t\t<div class=\"elementor-element elementor-element-c3d05f2 e-con-full e-flex e-con e-child\" data-id=\"c3d05f2\" data-element_type=\"container\" data-e-type=\"container\">\n\t\t\t\t<div class=\"elementor-element elementor-element-0977b7c elementor-widget elementor-widget-image\" data-id=\"0977b7c\" data-element_type=\"widget\" data-e-type=\"widget\" data-widget_type=\"image.default\">\n\t\t\t\t<div class=\"elementor-widget-container\">\n\t\t\t\t\t\t\t\t\t\t\t\t\t\t\t<img loading=\"lazy\" decoding=\"async\" width=\"576\" height=\"576\" src=\"https:\/\/www.taeeuropa.eu\/wp-content\/uploads\/001.png\" class=\"attachment-large size-large wp-image-8411\" alt=\"Imagen representaci\u00f3n compraventa de maquinaria en TAE Europa.\" srcset=\"https:\/\/www.taeeuropa.eu\/wp-content\/uploads\/001.png 576w, https:\/\/www.taeeuropa.eu\/wp-content\/uploads\/001-300x300.png 300w, https:\/\/www.taeeuropa.eu\/wp-content\/uploads\/001-150x150.png 150w, https:\/\/www.taeeuropa.eu\/wp-content\/uploads\/001-12x12.png 12w, https:\/\/www.taeeuropa.eu\/wp-content\/uploads\/001-100x100.png 100w\" sizes=\"(max-width: 576px) 100vw, 576px\" \/>\t\t\t\t\t\t\t\t\t\t\t\t\t\t\t<\/div>\n\t\t\t\t<\/div>\n\t\t\t\t<\/div>\n\t\t\t\t\t<\/div>\n\t\t\t\t<\/div>\n\t\t<div class=\"elementor-element elementor-element-667c30fd e-flex e-con-boxed e-con e-parent\" data-id=\"667c30fd\" data-element_type=\"container\" data-e-type=\"container\" data-settings=\"{&quot;background_background&quot;:&quot;classic&quot;}\">\n\t\t\t\t\t<div class=\"e-con-inner\">\n\t\t\t\t<div class=\"elementor-element elementor-element-654b57c4 elementor-align-center elementor-widget__width-inherit elementor-invisible elementor-widget elementor-widget-button\" data-id=\"654b57c4\" data-element_type=\"widget\" data-e-type=\"widget\" data-settings=\"{&quot;_animation&quot;:&quot;fadeInDown&quot;}\" data-widget_type=\"button.default\">\n\t\t\t\t<div class=\"elementor-widget-container\">\n\t\t\t\t\t\t\t\t\t<div class=\"elementor-button-wrapper\">\n\t\t\t\t\t<a class=\"elementor-button elementor-button-link elementor-size-sm\" href=\"https:\/\/www.taeeuropa.eu\/en\/contacto\/\">\n\t\t\t\t\t\t<span class=\"elementor-button-content-wrapper\">\n\t\t\t\t\t\t\t\t\t<span class=\"elementor-button-text\">Contact us<\/span>\n\t\t\t\t\t<\/span>\n\t\t\t\t\t<\/a>\n\t\t\t\t<\/div>\n\t\t\t\t\t\t\t\t<\/div>\n\t\t\t\t<\/div>\n\t\t\t\t\t<\/div>\n\t\t\t\t<\/div>\n\t\t\t\t<\/div>","protected":false},"excerpt":{"rendered":"<p>Compraventa de maquinaria Te ayudamos a encontrar el equipamiento ideal para optimizar tu producci\u00f3n. En TAE Europa, tambi\u00e9n ofrecemos servicios de compraventa de maquinaria y l\u00edneas de producci\u00f3n para la industria de alimentaci\u00f3n y bebidas. Actuamos como intermediarios para conectar compradores y vendedores, ofreciendo soluciones que impulsan la productividad de tu negocio. L\u00edneas completas de&hellip;&nbsp;<a href=\"https:\/\/www.taeeuropa.eu\/en\/otros-servicios\/compraventa-de-maquinaria\/\" rel=\"bookmark\">Read More \"<span class=\"screen-reader-text\">Buying and selling of machinery<\/span><\/a><\/p>","protected":false},"author":3,"featured_media":0,"parent":8425,"menu_order":0,"comment_status":"closed","ping_status":"closed","template":"","meta":{"om_disable_all_campaigns":false,"_monsterinsights_skip_tracking":false,"_monsterinsights_sitenote_active":false,"_monsterinsights_sitenote_note":"","_monsterinsights_sitenote_category":0,"neve_meta_sidebar":"","neve_meta_container":"","neve_meta_enable_content_width":"","neve_meta_content_width":0,"neve_meta_title_alignment":"","neve_meta_author_avatar":"","neve_post_elements_order":"","neve_meta_disable_header":"","neve_meta_disable_footer":"","neve_meta_disable_title":"","footnotes":""},"class_list":["post-8387","page","type-page","status-publish","hentry"],"yoast_head":"<!-- This site is optimized with the Yoast SEO plugin v27.5 - https:\/\/yoast.com\/product\/yoast-seo-wordpress\/ -->\n<title>TAE Europa | Compraventa de maquinaria<\/title>\n<meta name=\"description\" content=\"En TAE Europa te ayudamos a optimizar tu producci\u00f3n con servicios de compraventa de maquinaria para alimentaci\u00f3n y bebidas\" \/>\n<meta name=\"robots\" content=\"index, follow, max-snippet:-1, max-image-preview:large, max-video-preview:-1\" \/>\n<link rel=\"canonical\" href=\"https:\/\/www.taeeuropa.eu\/en\/otros-servicios\/compraventa-de-maquinaria\/\" \/>\n<meta property=\"og:locale\" content=\"en_GB\" \/>\n<meta property=\"og:type\" content=\"article\" \/>\n<meta property=\"og:title\" content=\"TAE Europa | Compraventa de maquinaria\" \/>\n<meta property=\"og:description\" content=\"En TAE Europa te ayudamos a optimizar tu producci\u00f3n con servicios de compraventa de maquinaria para alimentaci\u00f3n y bebidas\" \/>\n<meta property=\"og:url\" content=\"https:\/\/www.taeeuropa.eu\/en\/otros-servicios\/compraventa-de-maquinaria\/\" \/>\n<meta property=\"og:site_name\" content=\"TAE Europa\" \/>\n<meta property=\"article:modified_time\" content=\"2026-02-24T16:50:09+00:00\" \/>\n<meta property=\"og:image\" content=\"https:\/\/www.taeeuropa.eu\/wp-content\/uploads\/Logo-TAE-maquinaria-fondo-transparente.png\" \/>\n\t<meta property=\"og:image:width\" content=\"5692\" \/>\n\t<meta property=\"og:image:height\" content=\"3200\" \/>\n\t<meta property=\"og:image:type\" content=\"image\/png\" \/>\n<meta name=\"twitter:card\" content=\"summary_large_image\" \/>\n<meta name=\"twitter:label1\" content=\"Estimated reading time\" \/>\n\t<meta name=\"twitter:data1\" content=\"2 minutes\" \/>\n<script type=\"application\/ld+json\" class=\"yoast-schema-graph\">{\"@context\":\"https:\\\/\\\/schema.org\",\"@graph\":[{\"@type\":\"WebPage\",\"@id\":\"https:\\\/\\\/www.taeeuropa.eu\\\/otros-servicios\\\/compraventa-de-maquinaria\\\/\",\"url\":\"https:\\\/\\\/www.taeeuropa.eu\\\/otros-servicios\\\/compraventa-de-maquinaria\\\/\",\"name\":\"TAE Europa | Compraventa de maquinaria\",\"isPartOf\":{\"@id\":\"https:\\\/\\\/www.taeeuropa.eu\\\/#website\"},\"primaryImageOfPage\":{\"@id\":\"https:\\\/\\\/www.taeeuropa.eu\\\/otros-servicios\\\/compraventa-de-maquinaria\\\/#primaryimage\"},\"image\":{\"@id\":\"https:\\\/\\\/www.taeeuropa.eu\\\/otros-servicios\\\/compraventa-de-maquinaria\\\/#primaryimage\"},\"thumbnailUrl\":\"https:\\\/\\\/www.taeeuropa.eu\\\/wp-content\\\/uploads\\\/Logo-TAE-maquinaria-fondo-transparente-1024x576.png\",\"datePublished\":\"2025-01-22T11:02:12+00:00\",\"dateModified\":\"2026-02-24T16:50:09+00:00\",\"description\":\"En TAE Europa te ayudamos a optimizar tu producci\u00f3n con servicios de compraventa de maquinaria para alimentaci\u00f3n y bebidas\",\"breadcrumb\":{\"@id\":\"https:\\\/\\\/www.taeeuropa.eu\\\/otros-servicios\\\/compraventa-de-maquinaria\\\/#breadcrumb\"},\"inLanguage\":\"en-GB\",\"potentialAction\":[{\"@type\":\"ReadAction\",\"target\":[\"https:\\\/\\\/www.taeeuropa.eu\\\/otros-servicios\\\/compraventa-de-maquinaria\\\/\"]}]},{\"@type\":\"ImageObject\",\"inLanguage\":\"en-GB\",\"@id\":\"https:\\\/\\\/www.taeeuropa.eu\\\/otros-servicios\\\/compraventa-de-maquinaria\\\/#primaryimage\",\"url\":\"https:\\\/\\\/www.taeeuropa.eu\\\/wp-content\\\/uploads\\\/Logo-TAE-maquinaria-fondo-transparente-1024x576.png\",\"contentUrl\":\"https:\\\/\\\/www.taeeuropa.eu\\\/wp-content\\\/uploads\\\/Logo-TAE-maquinaria-fondo-transparente-1024x576.png\"},{\"@type\":\"BreadcrumbList\",\"@id\":\"https:\\\/\\\/www.taeeuropa.eu\\\/otros-servicios\\\/compraventa-de-maquinaria\\\/#breadcrumb\",\"itemListElement\":[{\"@type\":\"ListItem\",\"position\":1,\"name\":\"Portada\",\"item\":\"https:\\\/\\\/www.taeeuropa.eu\\\/\"},{\"@type\":\"ListItem\",\"position\":2,\"name\":\"Otros servicios\",\"item\":\"https:\\\/\\\/www.taeeuropa.eu\\\/otros-servicios\\\/\"},{\"@type\":\"ListItem\",\"position\":3,\"name\":\"Compraventa de maquinaria\"}]},{\"@type\":\"WebSite\",\"@id\":\"https:\\\/\\\/www.taeeuropa.eu\\\/#website\",\"url\":\"https:\\\/\\\/www.taeeuropa.eu\\\/\",\"name\":\"TAE Europa\",\"description\":\"Fusiones y Adquisiciones | Sector agroalimentario\",\"publisher\":{\"@id\":\"https:\\\/\\\/www.taeeuropa.eu\\\/#organization\"},\"potentialAction\":[{\"@type\":\"SearchAction\",\"target\":{\"@type\":\"EntryPoint\",\"urlTemplate\":\"https:\\\/\\\/www.taeeuropa.eu\\\/?s={search_term_string}\"},\"query-input\":{\"@type\":\"PropertyValueSpecification\",\"valueRequired\":true,\"valueName\":\"search_term_string\"}}],\"inLanguage\":\"en-GB\"},{\"@type\":\"Organization\",\"@id\":\"https:\\\/\\\/www.taeeuropa.eu\\\/#organization\",\"name\":\"TAE Europa\",\"url\":\"https:\\\/\\\/www.taeeuropa.eu\\\/\",\"logo\":{\"@type\":\"ImageObject\",\"inLanguage\":\"en-GB\",\"@id\":\"https:\\\/\\\/www.taeeuropa.eu\\\/#\\\/schema\\\/logo\\\/image\\\/\",\"url\":\"https:\\\/\\\/www.taeeuropa.eu\\\/wp-content\\\/uploads\\\/Logo-fondo-blanco-1.jpg\",\"contentUrl\":\"https:\\\/\\\/www.taeeuropa.eu\\\/wp-content\\\/uploads\\\/Logo-fondo-blanco-1.jpg\",\"width\":460,\"height\":460,\"caption\":\"TAE Europa\"},\"image\":{\"@id\":\"https:\\\/\\\/www.taeeuropa.eu\\\/#\\\/schema\\\/logo\\\/image\\\/\"},\"sameAs\":[\"https:\\\/\\\/www.linkedin.com\\\/company\\\/taeeuropa\\\/\"]}]}<\/script>\n<!-- \/ Yoast SEO plugin. -->","yoast_head_json":{"title":"TAE Europa | Compraventa de maquinaria","description":"En TAE Europa te ayudamos a optimizar tu producci\u00f3n con servicios de compraventa de maquinaria para alimentaci\u00f3n y bebidas","robots":{"index":"index","follow":"follow","max-snippet":"max-snippet:-1","max-image-preview":"max-image-preview:large","max-video-preview":"max-video-preview:-1"},"canonical":"https:\/\/www.taeeuropa.eu\/en\/otros-servicios\/compraventa-de-maquinaria\/","og_locale":"en_GB","og_type":"article","og_title":"TAE Europa | Compraventa de maquinaria","og_description":"En TAE Europa te ayudamos a optimizar tu producci\u00f3n con servicios de compraventa de maquinaria para alimentaci\u00f3n y bebidas","og_url":"https:\/\/www.taeeuropa.eu\/en\/otros-servicios\/compraventa-de-maquinaria\/","og_site_name":"TAE Europa","article_modified_time":"2026-02-24T16:50:09+00:00","og_image":[{"width":5692,"height":3200,"url":"https:\/\/www.taeeuropa.eu\/wp-content\/uploads\/Logo-TAE-maquinaria-fondo-transparente.png","type":"image\/png"}],"twitter_card":"summary_large_image","twitter_misc":{"Estimated reading time":"2 minutes"},"schema":{"@context":"https:\/\/schema.org","@graph":[{"@type":"WebPage","@id":"https:\/\/www.taeeuropa.eu\/otros-servicios\/compraventa-de-maquinaria\/","url":"https:\/\/www.taeeuropa.eu\/otros-servicios\/compraventa-de-maquinaria\/","name":"TAE Europa | Compraventa de maquinaria","isPartOf":{"@id":"https:\/\/www.taeeuropa.eu\/#website"},"primaryImageOfPage":{"@id":"https:\/\/www.taeeuropa.eu\/otros-servicios\/compraventa-de-maquinaria\/#primaryimage"},"image":{"@id":"https:\/\/www.taeeuropa.eu\/otros-servicios\/compraventa-de-maquinaria\/#primaryimage"},"thumbnailUrl":"https:\/\/www.taeeuropa.eu\/wp-content\/uploads\/Logo-TAE-maquinaria-fondo-transparente-1024x576.png","datePublished":"2025-01-22T11:02:12+00:00","dateModified":"2026-02-24T16:50:09+00:00","description":"En TAE Europa te ayudamos a optimizar tu producci\u00f3n con servicios de compraventa de maquinaria para alimentaci\u00f3n y bebidas","breadcrumb":{"@id":"https:\/\/www.taeeuropa.eu\/otros-servicios\/compraventa-de-maquinaria\/#breadcrumb"},"inLanguage":"en-GB","potentialAction":[{"@type":"ReadAction","target":["https:\/\/www.taeeuropa.eu\/otros-servicios\/compraventa-de-maquinaria\/"]}]},{"@type":"ImageObject","inLanguage":"en-GB","@id":"https:\/\/www.taeeuropa.eu\/otros-servicios\/compraventa-de-maquinaria\/#primaryimage","url":"https:\/\/www.taeeuropa.eu\/wp-content\/uploads\/Logo-TAE-maquinaria-fondo-transparente-1024x576.png","contentUrl":"https:\/\/www.taeeuropa.eu\/wp-content\/uploads\/Logo-TAE-maquinaria-fondo-transparente-1024x576.png"},{"@type":"BreadcrumbList","@id":"https:\/\/www.taeeuropa.eu\/otros-servicios\/compraventa-de-maquinaria\/#breadcrumb","itemListElement":[{"@type":"ListItem","position":1,"name":"Portada","item":"https:\/\/www.taeeuropa.eu\/"},{"@type":"ListItem","position":2,"name":"Otros servicios","item":"https:\/\/www.taeeuropa.eu\/otros-servicios\/"},{"@type":"ListItem","position":3,"name":"Compraventa de maquinaria"}]},{"@type":"WebSite","@id":"https:\/\/www.taeeuropa.eu\/#website","url":"https:\/\/www.taeeuropa.eu\/","name":"TAE Europe","description":"Fusiones y Adquisiciones | Sector agroalimentario","publisher":{"@id":"https:\/\/www.taeeuropa.eu\/#organization"},"potentialAction":[{"@type":"SearchAction","target":{"@type":"EntryPoint","urlTemplate":"https:\/\/www.taeeuropa.eu\/?s={search_term_string}"},"query-input":{"@type":"PropertyValueSpecification","valueRequired":true,"valueName":"search_term_string"}}],"inLanguage":"en-GB"},{"@type":"Organization","@id":"https:\/\/www.taeeuropa.eu\/#organization","name":"TAE Europe","url":"https:\/\/www.taeeuropa.eu\/","logo":{"@type":"ImageObject","inLanguage":"en-GB","@id":"https:\/\/www.taeeuropa.eu\/#\/schema\/logo\/image\/","url":"https:\/\/www.taeeuropa.eu\/wp-content\/uploads\/Logo-fondo-blanco-1.jpg","contentUrl":"https:\/\/www.taeeuropa.eu\/wp-content\/uploads\/Logo-fondo-blanco-1.jpg","width":460,"height":460,"caption":"TAE Europa"},"image":{"@id":"https:\/\/www.taeeuropa.eu\/#\/schema\/logo\/image\/"},"sameAs":["https:\/\/www.linkedin.com\/company\/taeeuropa\/"]}]}},"_links":{"self":[{"href":"https:\/\/www.taeeuropa.eu\/en\/wp-json\/wp\/v2\/pages\/8387","targetHints":{"allow":["GET"]}}],"collection":[{"href":"https:\/\/www.taeeuropa.eu\/en\/wp-json\/wp\/v2\/pages"}],"about":[{"href":"https:\/\/www.taeeuropa.eu\/en\/wp-json\/wp\/v2\/types\/page"}],"author":[{"embeddable":true,"href":"https:\/\/www.taeeuropa.eu\/en\/wp-json\/wp\/v2\/users\/3"}],"replies":[{"embeddable":true,"href":"https:\/\/www.taeeuropa.eu\/en\/wp-json\/wp\/v2\/comments?post=8387"}],"version-history":[{"count":174,"href":"https:\/\/www.taeeuropa.eu\/en\/wp-json\/wp\/v2\/pages\/8387\/revisions"}],"predecessor-version":[{"id":17617,"href":"https:\/\/www.taeeuropa.eu\/en\/wp-json\/wp\/v2\/pages\/8387\/revisions\/17617"}],"up":[{"embeddable":true,"href":"https:\/\/www.taeeuropa.eu\/en\/wp-json\/wp\/v2\/pages\/8425"}],"wp:attachment":[{"href":"https:\/\/www.taeeuropa.eu\/en\/wp-json\/wp\/v2\/media?parent=8387"}],"curies":[{"name":"wp","href":"https:\/\/api.w.org\/{rel}","templated":true}]}}