{"id":5575,"date":"2024-02-26T10:57:17","date_gmt":"2024-02-26T09:57:17","guid":{"rendered":"https:\/\/new.taeeuropa.eu\/?post_type=product&#038;p=5575"},"modified":"2024-09-26T15:28:12","modified_gmt":"2024-09-26T13:28:12","slug":"jamones-y-embutidos-curados","status":"publish","type":"product","link":"https:\/\/www.taeeuropa.eu\/en\/product\/jamones-y-embutidos-curados\/","title":{"rendered":"Hams and cured sausages"},"content":{"rendered":"<p>We are looking for companies and\/or factories dedicated to the production of cured hams and sausages, or which have the possibility of preparing themselves for the production of these products.<\/p>","protected":false},"excerpt":{"rendered":"<p>We are looking for companies and\/or factories dedicated to the production of cured hams and sausages, or which have the possibility of preparing themselves for the production of these products.<\/p>","protected":false},"featured_media":5576,"template":"","meta":{"om_disable_all_campaigns":false,"_monsterinsights_skip_tracking":false,"_monsterinsights_sitenote_active":false,"_monsterinsights_sitenote_note":"","_monsterinsights_sitenote_category":0,"neve_meta_sidebar":"","neve_meta_container":"","neve_meta_enable_content_width":"off","neve_meta_content_width":100,"neve_meta_title_alignment":"","neve_meta_author_avatar":"","neve_post_elements_order":"","neve_meta_disable_header":"","neve_meta_disable_footer":"","neve_meta_disable_title":""},"product_brand":[],"product_cat":[98],"product_tag":[],"class_list":{"0":"post-5575","1":"product","2":"type-product","3":"status-publish","4":"has-post-thumbnail","6":"product_cat-buscamos-empresas","8":"first","9":"instock","10":"shipping-taxable","11":"product-type-simple"},"yoast_head":"<!-- This site is optimized with the Yoast SEO plugin v27.4 - https:\/\/yoast.com\/product\/yoast-seo-wordpress\/ -->\n<title>Jamones y Embutidos curados | TAE Europa<\/title>\n<meta name=\"description\" content=\"Se buscan empresas y\/o f\u00e1bricas dedicadas a la elaboraci\u00f3n de jamones y embutidos curados, o que tengan la posibilidad de acondicionarse para la elaborac\u00f3n de dichos productos.\" \/>\n<meta name=\"robots\" content=\"index, follow, max-snippet:-1, max-image-preview:large, max-video-preview:-1\" \/>\n<link rel=\"canonical\" href=\"https:\/\/www.taeeuropa.eu\/en\/product\/jamones-y-embutidos-curados\/\" \/>\n<meta property=\"og:locale\" content=\"en_GB\" \/>\n<meta property=\"og:type\" content=\"article\" \/>\n<meta property=\"og:title\" content=\"Jamones y Embutidos curados | TAE Europa\" \/>\n<meta property=\"og:description\" content=\"Se buscan empresas y\/o f\u00e1bricas dedicadas a la elaboraci\u00f3n de jamones y embutidos curados, o que tengan la posibilidad de acondicionarse para la elaborac\u00f3n de dichos productos.\" \/>\n<meta property=\"og:url\" content=\"https:\/\/www.taeeuropa.eu\/en\/product\/jamones-y-embutidos-curados\/\" \/>\n<meta property=\"og:site_name\" content=\"TAE Europa\" \/>\n<meta property=\"article:modified_time\" content=\"2024-09-26T13:28:12+00:00\" \/>\n<meta property=\"og:image\" content=\"https:\/\/www.taeeuropa.eu\/wp-content\/uploads\/cortador-profesional-que-talla-rebanadas-jamon-serrano-entero-hueso.jpg\" \/>\n\t<meta property=\"og:image:width\" content=\"1000\" \/>\n\t<meta property=\"og:image:height\" content=\"667\" \/>\n\t<meta property=\"og:image:type\" content=\"image\/jpeg\" \/>\n<meta name=\"twitter:card\" content=\"summary_large_image\" \/>\n<meta name=\"twitter:label1\" content=\"Estimated reading time\" \/>\n\t<meta name=\"twitter:data1\" content=\"1 minute\" \/>\n<script type=\"application\/ld+json\" class=\"yoast-schema-graph\">{\"@context\":\"https:\\\/\\\/schema.org\",\"@graph\":[{\"@type\":\"WebPage\",\"@id\":\"https:\\\/\\\/www.taeeuropa.eu\\\/producto\\\/jamones-y-embutidos-curados\\\/\",\"url\":\"https:\\\/\\\/www.taeeuropa.eu\\\/producto\\\/jamones-y-embutidos-curados\\\/\",\"name\":\"Jamones y Embutidos curados | TAE Europa\",\"isPartOf\":{\"@id\":\"https:\\\/\\\/www.taeeuropa.eu\\\/#website\"},\"primaryImageOfPage\":{\"@id\":\"https:\\\/\\\/www.taeeuropa.eu\\\/producto\\\/jamones-y-embutidos-curados\\\/#primaryimage\"},\"image\":{\"@id\":\"https:\\\/\\\/www.taeeuropa.eu\\\/producto\\\/jamones-y-embutidos-curados\\\/#primaryimage\"},\"thumbnailUrl\":\"https:\\\/\\\/www.taeeuropa.eu\\\/wp-content\\\/uploads\\\/cortador-profesional-que-talla-rebanadas-jamon-serrano-entero-hueso.jpg\",\"datePublished\":\"2024-02-26T09:57:17+00:00\",\"dateModified\":\"2024-09-26T13:28:12+00:00\",\"description\":\"Se buscan empresas y\\\/o f\u00e1bricas dedicadas a la elaboraci\u00f3n de jamones y embutidos curados, o que tengan la posibilidad de acondicionarse para la elaborac\u00f3n de dichos productos.\",\"breadcrumb\":{\"@id\":\"https:\\\/\\\/www.taeeuropa.eu\\\/producto\\\/jamones-y-embutidos-curados\\\/#breadcrumb\"},\"inLanguage\":\"en-GB\",\"potentialAction\":[{\"@type\":\"ReadAction\",\"target\":[\"https:\\\/\\\/www.taeeuropa.eu\\\/producto\\\/jamones-y-embutidos-curados\\\/\"]}]},{\"@type\":\"ImageObject\",\"inLanguage\":\"en-GB\",\"@id\":\"https:\\\/\\\/www.taeeuropa.eu\\\/producto\\\/jamones-y-embutidos-curados\\\/#primaryimage\",\"url\":\"https:\\\/\\\/www.taeeuropa.eu\\\/wp-content\\\/uploads\\\/cortador-profesional-que-talla-rebanadas-jamon-serrano-entero-hueso.jpg\",\"contentUrl\":\"https:\\\/\\\/www.taeeuropa.eu\\\/wp-content\\\/uploads\\\/cortador-profesional-que-talla-rebanadas-jamon-serrano-entero-hueso.jpg\",\"width\":1000,\"height\":667,\"caption\":\"Imagen de instalaciones para la elaboraci\u00f3n de jamones y embutidos curados, con maquinaria y \u00e1reas de producci\u00f3n adaptables para estos productos.\"},{\"@type\":\"BreadcrumbList\",\"@id\":\"https:\\\/\\\/www.taeeuropa.eu\\\/producto\\\/jamones-y-embutidos-curados\\\/#breadcrumb\",\"itemListElement\":[{\"@type\":\"ListItem\",\"position\":1,\"name\":\"Portada\",\"item\":\"https:\\\/\\\/www.taeeuropa.eu\\\/\"},{\"@type\":\"ListItem\",\"position\":2,\"name\":\"Tienda\",\"item\":\"https:\\\/\\\/www.taeeuropa.eu\\\/pt\\\/tienda\\\/\"},{\"@type\":\"ListItem\",\"position\":3,\"name\":\"Jamones y Embutidos curados\"}]},{\"@type\":\"WebSite\",\"@id\":\"https:\\\/\\\/www.taeeuropa.eu\\\/#website\",\"url\":\"https:\\\/\\\/www.taeeuropa.eu\\\/\",\"name\":\"TAE Europa\",\"description\":\"Fusiones y Adquisiciones | Sector agroalimentario\",\"publisher\":{\"@id\":\"https:\\\/\\\/www.taeeuropa.eu\\\/#organization\"},\"potentialAction\":[{\"@type\":\"SearchAction\",\"target\":{\"@type\":\"EntryPoint\",\"urlTemplate\":\"https:\\\/\\\/www.taeeuropa.eu\\\/?s={search_term_string}\"},\"query-input\":{\"@type\":\"PropertyValueSpecification\",\"valueRequired\":true,\"valueName\":\"search_term_string\"}}],\"inLanguage\":\"en-GB\"},{\"@type\":\"Organization\",\"@id\":\"https:\\\/\\\/www.taeeuropa.eu\\\/#organization\",\"name\":\"TAE Europa\",\"url\":\"https:\\\/\\\/www.taeeuropa.eu\\\/\",\"logo\":{\"@type\":\"ImageObject\",\"inLanguage\":\"en-GB\",\"@id\":\"https:\\\/\\\/www.taeeuropa.eu\\\/#\\\/schema\\\/logo\\\/image\\\/\",\"url\":\"https:\\\/\\\/www.taeeuropa.eu\\\/wp-content\\\/uploads\\\/Logo-fondo-blanco-1.jpg\",\"contentUrl\":\"https:\\\/\\\/www.taeeuropa.eu\\\/wp-content\\\/uploads\\\/Logo-fondo-blanco-1.jpg\",\"width\":460,\"height\":460,\"caption\":\"TAE Europa\"},\"image\":{\"@id\":\"https:\\\/\\\/www.taeeuropa.eu\\\/#\\\/schema\\\/logo\\\/image\\\/\"},\"sameAs\":[\"https:\\\/\\\/www.linkedin.com\\\/company\\\/taeeuropa\\\/\"]}]}<\/script>\n<!-- \/ Yoast SEO plugin. -->","yoast_head_json":{"title":"Jamones y Embutidos curados | TAE Europa","description":"We are looking for companies and\/or factories dedicated to the production of cured hams and sausages, or which have the possibility of preparing themselves for the production of these products.","robots":{"index":"index","follow":"follow","max-snippet":"max-snippet:-1","max-image-preview":"max-image-preview:large","max-video-preview":"max-video-preview:-1"},"canonical":"https:\/\/www.taeeuropa.eu\/en\/product\/jamones-y-embutidos-curados\/","og_locale":"en_GB","og_type":"article","og_title":"Jamones y Embutidos curados | TAE Europa","og_description":"Se buscan empresas y\/o f\u00e1bricas dedicadas a la elaboraci\u00f3n de jamones y embutidos curados, o que tengan la posibilidad de acondicionarse para la elaborac\u00f3n de dichos productos.","og_url":"https:\/\/www.taeeuropa.eu\/en\/product\/jamones-y-embutidos-curados\/","og_site_name":"TAE Europa","article_modified_time":"2024-09-26T13:28:12+00:00","og_image":[{"width":1000,"height":667,"url":"https:\/\/www.taeeuropa.eu\/wp-content\/uploads\/cortador-profesional-que-talla-rebanadas-jamon-serrano-entero-hueso.jpg","type":"image\/jpeg"}],"twitter_card":"summary_large_image","twitter_misc":{"Estimated reading time":"1 minute"},"schema":{"@context":"https:\/\/schema.org","@graph":[{"@type":"WebPage","@id":"https:\/\/www.taeeuropa.eu\/producto\/jamones-y-embutidos-curados\/","url":"https:\/\/www.taeeuropa.eu\/producto\/jamones-y-embutidos-curados\/","name":"Jamones y Embutidos curados | TAE Europa","isPartOf":{"@id":"https:\/\/www.taeeuropa.eu\/#website"},"primaryImageOfPage":{"@id":"https:\/\/www.taeeuropa.eu\/producto\/jamones-y-embutidos-curados\/#primaryimage"},"image":{"@id":"https:\/\/www.taeeuropa.eu\/producto\/jamones-y-embutidos-curados\/#primaryimage"},"thumbnailUrl":"https:\/\/www.taeeuropa.eu\/wp-content\/uploads\/cortador-profesional-que-talla-rebanadas-jamon-serrano-entero-hueso.jpg","datePublished":"2024-02-26T09:57:17+00:00","dateModified":"2024-09-26T13:28:12+00:00","description":"We are looking for companies and\/or factories dedicated to the production of cured hams and sausages, or which have the possibility of preparing themselves for the production of these products.","breadcrumb":{"@id":"https:\/\/www.taeeuropa.eu\/producto\/jamones-y-embutidos-curados\/#breadcrumb"},"inLanguage":"en-GB","potentialAction":[{"@type":"ReadAction","target":["https:\/\/www.taeeuropa.eu\/producto\/jamones-y-embutidos-curados\/"]}]},{"@type":"ImageObject","inLanguage":"en-GB","@id":"https:\/\/www.taeeuropa.eu\/producto\/jamones-y-embutidos-curados\/#primaryimage","url":"https:\/\/www.taeeuropa.eu\/wp-content\/uploads\/cortador-profesional-que-talla-rebanadas-jamon-serrano-entero-hueso.jpg","contentUrl":"https:\/\/www.taeeuropa.eu\/wp-content\/uploads\/cortador-profesional-que-talla-rebanadas-jamon-serrano-entero-hueso.jpg","width":1000,"height":667,"caption":"Imagen de instalaciones para la elaboraci\u00f3n de jamones y embutidos curados, con maquinaria y \u00e1reas de producci\u00f3n adaptables para estos productos."},{"@type":"BreadcrumbList","@id":"https:\/\/www.taeeuropa.eu\/producto\/jamones-y-embutidos-curados\/#breadcrumb","itemListElement":[{"@type":"ListItem","position":1,"name":"Portada","item":"https:\/\/www.taeeuropa.eu\/"},{"@type":"ListItem","position":2,"name":"Tienda","item":"https:\/\/www.taeeuropa.eu\/pt\/tienda\/"},{"@type":"ListItem","position":3,"name":"Jamones y Embutidos curados"}]},{"@type":"WebSite","@id":"https:\/\/www.taeeuropa.eu\/#website","url":"https:\/\/www.taeeuropa.eu\/","name":"TAE Europe","description":"Fusiones y Adquisiciones | Sector agroalimentario","publisher":{"@id":"https:\/\/www.taeeuropa.eu\/#organization"},"potentialAction":[{"@type":"SearchAction","target":{"@type":"EntryPoint","urlTemplate":"https:\/\/www.taeeuropa.eu\/?s={search_term_string}"},"query-input":{"@type":"PropertyValueSpecification","valueRequired":true,"valueName":"search_term_string"}}],"inLanguage":"en-GB"},{"@type":"Organization","@id":"https:\/\/www.taeeuropa.eu\/#organization","name":"TAE Europe","url":"https:\/\/www.taeeuropa.eu\/","logo":{"@type":"ImageObject","inLanguage":"en-GB","@id":"https:\/\/www.taeeuropa.eu\/#\/schema\/logo\/image\/","url":"https:\/\/www.taeeuropa.eu\/wp-content\/uploads\/Logo-fondo-blanco-1.jpg","contentUrl":"https:\/\/www.taeeuropa.eu\/wp-content\/uploads\/Logo-fondo-blanco-1.jpg","width":460,"height":460,"caption":"TAE Europa"},"image":{"@id":"https:\/\/www.taeeuropa.eu\/#\/schema\/logo\/image\/"},"sameAs":["https:\/\/www.linkedin.com\/company\/taeeuropa\/"]}]}},"_links":{"self":[{"href":"https:\/\/www.taeeuropa.eu\/en\/wp-json\/wp\/v2\/product\/5575","targetHints":{"allow":["GET"]}}],"collection":[{"href":"https:\/\/www.taeeuropa.eu\/en\/wp-json\/wp\/v2\/product"}],"about":[{"href":"https:\/\/www.taeeuropa.eu\/en\/wp-json\/wp\/v2\/types\/product"}],"wp:featuredmedia":[{"embeddable":true,"href":"https:\/\/www.taeeuropa.eu\/en\/wp-json\/wp\/v2\/media\/5576"}],"wp:attachment":[{"href":"https:\/\/www.taeeuropa.eu\/en\/wp-json\/wp\/v2\/media?parent=5575"}],"wp:term":[{"taxonomy":"product_brand","embeddable":true,"href":"https:\/\/www.taeeuropa.eu\/en\/wp-json\/wp\/v2\/product_brand?post=5575"},{"taxonomy":"product_cat","embeddable":true,"href":"https:\/\/www.taeeuropa.eu\/en\/wp-json\/wp\/v2\/product_cat?post=5575"},{"taxonomy":"product_tag","embeddable":true,"href":"https:\/\/www.taeeuropa.eu\/en\/wp-json\/wp\/v2\/product_tag?post=5575"}],"curies":[{"name":"wp","href":"https:\/\/api.w.org\/{rel}","templated":true}]}}