{"id":5637,"date":"2024-02-26T17:44:18","date_gmt":"2024-02-26T16:44:18","guid":{"rendered":"https:\/\/new.taeeuropa.eu\/?post_type=product&#038;p=5637"},"modified":"2024-09-26T13:43:22","modified_gmt":"2024-09-26T11:43:22","slug":"granjas-avicolas","status":"publish","type":"product","link":"https:\/\/www.taeeuropa.eu\/en\/product\/granjas-avicolas\/","title":{"rendered":"Poultry farms"},"content":{"rendered":"","protected":false},"excerpt":{"rendered":"<p>Poultry farms specialising in both conventional and certified organic chicken fattening are sought.<\/p>","protected":false},"featured_media":5638,"template":"","meta":{"om_disable_all_campaigns":false,"_monsterinsights_skip_tracking":false,"_monsterinsights_sitenote_active":false,"_monsterinsights_sitenote_note":"","_monsterinsights_sitenote_category":0,"neve_meta_sidebar":"","neve_meta_container":"","neve_meta_enable_content_width":"off","neve_meta_content_width":100,"neve_meta_title_alignment":"","neve_meta_author_avatar":"","neve_post_elements_order":"","neve_meta_disable_header":"","neve_meta_disable_footer":"","neve_meta_disable_title":""},"product_brand":[],"product_cat":[98],"product_tag":[],"class_list":{"0":"post-5637","1":"product","2":"type-product","3":"status-publish","4":"has-post-thumbnail","6":"product_cat-buscamos-empresas","8":"first","9":"instock","10":"shipping-taxable","11":"product-type-simple"},"yoast_head":"<!-- This site is optimized with the Yoast SEO plugin v27.4 - https:\/\/yoast.com\/product\/yoast-seo-wordpress\/ -->\n<title>Granjas Av\u00edcolas | TAE Europa<\/title>\n<meta name=\"description\" content=\"Se buscan granjas av\u00edcolas especializadas en el engorde de pollos tanto convencionales como con certificaci\u00f3n ecol\u00f3gica.\" \/>\n<meta name=\"robots\" content=\"index, follow, max-snippet:-1, max-image-preview:large, max-video-preview:-1\" \/>\n<link rel=\"canonical\" href=\"https:\/\/www.taeeuropa.eu\/en\/product\/granjas-avicolas\/\" \/>\n<meta property=\"og:locale\" content=\"en_GB\" \/>\n<meta property=\"og:type\" content=\"article\" \/>\n<meta property=\"og:title\" content=\"Granjas Av\u00edcolas | TAE Europa\" \/>\n<meta property=\"og:description\" content=\"Se buscan granjas av\u00edcolas especializadas en el engorde de pollos tanto convencionales como con certificaci\u00f3n ecol\u00f3gica.\" \/>\n<meta property=\"og:url\" content=\"https:\/\/www.taeeuropa.eu\/en\/product\/granjas-avicolas\/\" \/>\n<meta property=\"og:site_name\" content=\"TAE Europa\" \/>\n<meta property=\"article:modified_time\" content=\"2024-09-26T11:43:22+00:00\" \/>\n<meta property=\"og:image\" content=\"https:\/\/www.taeeuropa.eu\/wp-content\/uploads\/brown-hens-farm.jpg\" \/>\n\t<meta property=\"og:image:width\" content=\"1000\" \/>\n\t<meta property=\"og:image:height\" content=\"667\" \/>\n\t<meta property=\"og:image:type\" content=\"image\/jpeg\" \/>\n<meta name=\"twitter:card\" content=\"summary_large_image\" \/>\n<meta name=\"twitter:label1\" content=\"Estimated reading time\" \/>\n\t<meta name=\"twitter:data1\" content=\"1 minute\" \/>\n<script type=\"application\/ld+json\" class=\"yoast-schema-graph\">{\"@context\":\"https:\\\/\\\/schema.org\",\"@graph\":[{\"@type\":\"WebPage\",\"@id\":\"https:\\\/\\\/www.taeeuropa.eu\\\/producto\\\/granjas-avicolas\\\/\",\"url\":\"https:\\\/\\\/www.taeeuropa.eu\\\/producto\\\/granjas-avicolas\\\/\",\"name\":\"Granjas Av\u00edcolas | TAE Europa\",\"isPartOf\":{\"@id\":\"https:\\\/\\\/www.taeeuropa.eu\\\/#website\"},\"primaryImageOfPage\":{\"@id\":\"https:\\\/\\\/www.taeeuropa.eu\\\/producto\\\/granjas-avicolas\\\/#primaryimage\"},\"image\":{\"@id\":\"https:\\\/\\\/www.taeeuropa.eu\\\/producto\\\/granjas-avicolas\\\/#primaryimage\"},\"thumbnailUrl\":\"https:\\\/\\\/www.taeeuropa.eu\\\/wp-content\\\/uploads\\\/brown-hens-farm.jpg\",\"datePublished\":\"2024-02-26T16:44:18+00:00\",\"dateModified\":\"2024-09-26T11:43:22+00:00\",\"description\":\"Se buscan granjas av\u00edcolas especializadas en el engorde de pollos tanto convencionales como con certificaci\u00f3n ecol\u00f3gica.\",\"breadcrumb\":{\"@id\":\"https:\\\/\\\/www.taeeuropa.eu\\\/producto\\\/granjas-avicolas\\\/#breadcrumb\"},\"inLanguage\":\"en-GB\",\"potentialAction\":[{\"@type\":\"ReadAction\",\"target\":[\"https:\\\/\\\/www.taeeuropa.eu\\\/producto\\\/granjas-avicolas\\\/\"]}]},{\"@type\":\"ImageObject\",\"inLanguage\":\"en-GB\",\"@id\":\"https:\\\/\\\/www.taeeuropa.eu\\\/producto\\\/granjas-avicolas\\\/#primaryimage\",\"url\":\"https:\\\/\\\/www.taeeuropa.eu\\\/wp-content\\\/uploads\\\/brown-hens-farm.jpg\",\"contentUrl\":\"https:\\\/\\\/www.taeeuropa.eu\\\/wp-content\\\/uploads\\\/brown-hens-farm.jpg\",\"width\":1000,\"height\":667,\"caption\":\"Imagen de granjas av\u00edcolas en venta especializadas en el engorde de pollos convencionales y ecol\u00f3gicos, con instalaciones para ambos tipos.\"},{\"@type\":\"BreadcrumbList\",\"@id\":\"https:\\\/\\\/www.taeeuropa.eu\\\/producto\\\/granjas-avicolas\\\/#breadcrumb\",\"itemListElement\":[{\"@type\":\"ListItem\",\"position\":1,\"name\":\"Portada\",\"item\":\"https:\\\/\\\/www.taeeuropa.eu\\\/\"},{\"@type\":\"ListItem\",\"position\":2,\"name\":\"Tienda\",\"item\":\"https:\\\/\\\/www.taeeuropa.eu\\\/pt\\\/tienda\\\/\"},{\"@type\":\"ListItem\",\"position\":3,\"name\":\"Granjas Av\u00edcolas\"}]},{\"@type\":\"WebSite\",\"@id\":\"https:\\\/\\\/www.taeeuropa.eu\\\/#website\",\"url\":\"https:\\\/\\\/www.taeeuropa.eu\\\/\",\"name\":\"TAE Europa\",\"description\":\"Fusiones y Adquisiciones | Sector agroalimentario\",\"publisher\":{\"@id\":\"https:\\\/\\\/www.taeeuropa.eu\\\/#organization\"},\"potentialAction\":[{\"@type\":\"SearchAction\",\"target\":{\"@type\":\"EntryPoint\",\"urlTemplate\":\"https:\\\/\\\/www.taeeuropa.eu\\\/?s={search_term_string}\"},\"query-input\":{\"@type\":\"PropertyValueSpecification\",\"valueRequired\":true,\"valueName\":\"search_term_string\"}}],\"inLanguage\":\"en-GB\"},{\"@type\":\"Organization\",\"@id\":\"https:\\\/\\\/www.taeeuropa.eu\\\/#organization\",\"name\":\"TAE Europa\",\"url\":\"https:\\\/\\\/www.taeeuropa.eu\\\/\",\"logo\":{\"@type\":\"ImageObject\",\"inLanguage\":\"en-GB\",\"@id\":\"https:\\\/\\\/www.taeeuropa.eu\\\/#\\\/schema\\\/logo\\\/image\\\/\",\"url\":\"https:\\\/\\\/www.taeeuropa.eu\\\/wp-content\\\/uploads\\\/Logo-fondo-blanco-1.jpg\",\"contentUrl\":\"https:\\\/\\\/www.taeeuropa.eu\\\/wp-content\\\/uploads\\\/Logo-fondo-blanco-1.jpg\",\"width\":460,\"height\":460,\"caption\":\"TAE Europa\"},\"image\":{\"@id\":\"https:\\\/\\\/www.taeeuropa.eu\\\/#\\\/schema\\\/logo\\\/image\\\/\"},\"sameAs\":[\"https:\\\/\\\/www.linkedin.com\\\/company\\\/taeeuropa\\\/\"]}]}<\/script>\n<!-- \/ Yoast SEO plugin. -->","yoast_head_json":{"title":"Granjas Av\u00edcolas | TAE Europa","description":"Poultry farms specialising in both conventional and certified organic chicken fattening are sought.","robots":{"index":"index","follow":"follow","max-snippet":"max-snippet:-1","max-image-preview":"max-image-preview:large","max-video-preview":"max-video-preview:-1"},"canonical":"https:\/\/www.taeeuropa.eu\/en\/product\/granjas-avicolas\/","og_locale":"en_GB","og_type":"article","og_title":"Granjas Av\u00edcolas | TAE Europa","og_description":"Se buscan granjas av\u00edcolas especializadas en el engorde de pollos tanto convencionales como con certificaci\u00f3n ecol\u00f3gica.","og_url":"https:\/\/www.taeeuropa.eu\/en\/product\/granjas-avicolas\/","og_site_name":"TAE Europa","article_modified_time":"2024-09-26T11:43:22+00:00","og_image":[{"width":1000,"height":667,"url":"https:\/\/www.taeeuropa.eu\/wp-content\/uploads\/brown-hens-farm.jpg","type":"image\/jpeg"}],"twitter_card":"summary_large_image","twitter_misc":{"Estimated reading time":"1 minute"},"schema":{"@context":"https:\/\/schema.org","@graph":[{"@type":"WebPage","@id":"https:\/\/www.taeeuropa.eu\/producto\/granjas-avicolas\/","url":"https:\/\/www.taeeuropa.eu\/producto\/granjas-avicolas\/","name":"Granjas Av\u00edcolas | TAE Europa","isPartOf":{"@id":"https:\/\/www.taeeuropa.eu\/#website"},"primaryImageOfPage":{"@id":"https:\/\/www.taeeuropa.eu\/producto\/granjas-avicolas\/#primaryimage"},"image":{"@id":"https:\/\/www.taeeuropa.eu\/producto\/granjas-avicolas\/#primaryimage"},"thumbnailUrl":"https:\/\/www.taeeuropa.eu\/wp-content\/uploads\/brown-hens-farm.jpg","datePublished":"2024-02-26T16:44:18+00:00","dateModified":"2024-09-26T11:43:22+00:00","description":"Poultry farms specialising in both conventional and certified organic chicken fattening are sought.","breadcrumb":{"@id":"https:\/\/www.taeeuropa.eu\/producto\/granjas-avicolas\/#breadcrumb"},"inLanguage":"en-GB","potentialAction":[{"@type":"ReadAction","target":["https:\/\/www.taeeuropa.eu\/producto\/granjas-avicolas\/"]}]},{"@type":"ImageObject","inLanguage":"en-GB","@id":"https:\/\/www.taeeuropa.eu\/producto\/granjas-avicolas\/#primaryimage","url":"https:\/\/www.taeeuropa.eu\/wp-content\/uploads\/brown-hens-farm.jpg","contentUrl":"https:\/\/www.taeeuropa.eu\/wp-content\/uploads\/brown-hens-farm.jpg","width":1000,"height":667,"caption":"Imagen de granjas av\u00edcolas en venta especializadas en el engorde de pollos convencionales y ecol\u00f3gicos, con instalaciones para ambos tipos."},{"@type":"BreadcrumbList","@id":"https:\/\/www.taeeuropa.eu\/producto\/granjas-avicolas\/#breadcrumb","itemListElement":[{"@type":"ListItem","position":1,"name":"Portada","item":"https:\/\/www.taeeuropa.eu\/"},{"@type":"ListItem","position":2,"name":"Tienda","item":"https:\/\/www.taeeuropa.eu\/pt\/tienda\/"},{"@type":"ListItem","position":3,"name":"Granjas Av\u00edcolas"}]},{"@type":"WebSite","@id":"https:\/\/www.taeeuropa.eu\/#website","url":"https:\/\/www.taeeuropa.eu\/","name":"TAE Europe","description":"Fusiones y Adquisiciones | Sector agroalimentario","publisher":{"@id":"https:\/\/www.taeeuropa.eu\/#organization"},"potentialAction":[{"@type":"SearchAction","target":{"@type":"EntryPoint","urlTemplate":"https:\/\/www.taeeuropa.eu\/?s={search_term_string}"},"query-input":{"@type":"PropertyValueSpecification","valueRequired":true,"valueName":"search_term_string"}}],"inLanguage":"en-GB"},{"@type":"Organization","@id":"https:\/\/www.taeeuropa.eu\/#organization","name":"TAE Europe","url":"https:\/\/www.taeeuropa.eu\/","logo":{"@type":"ImageObject","inLanguage":"en-GB","@id":"https:\/\/www.taeeuropa.eu\/#\/schema\/logo\/image\/","url":"https:\/\/www.taeeuropa.eu\/wp-content\/uploads\/Logo-fondo-blanco-1.jpg","contentUrl":"https:\/\/www.taeeuropa.eu\/wp-content\/uploads\/Logo-fondo-blanco-1.jpg","width":460,"height":460,"caption":"TAE Europa"},"image":{"@id":"https:\/\/www.taeeuropa.eu\/#\/schema\/logo\/image\/"},"sameAs":["https:\/\/www.linkedin.com\/company\/taeeuropa\/"]}]}},"_links":{"self":[{"href":"https:\/\/www.taeeuropa.eu\/en\/wp-json\/wp\/v2\/product\/5637","targetHints":{"allow":["GET"]}}],"collection":[{"href":"https:\/\/www.taeeuropa.eu\/en\/wp-json\/wp\/v2\/product"}],"about":[{"href":"https:\/\/www.taeeuropa.eu\/en\/wp-json\/wp\/v2\/types\/product"}],"wp:featuredmedia":[{"embeddable":true,"href":"https:\/\/www.taeeuropa.eu\/en\/wp-json\/wp\/v2\/media\/5638"}],"wp:attachment":[{"href":"https:\/\/www.taeeuropa.eu\/en\/wp-json\/wp\/v2\/media?parent=5637"}],"wp:term":[{"taxonomy":"product_brand","embeddable":true,"href":"https:\/\/www.taeeuropa.eu\/en\/wp-json\/wp\/v2\/product_brand?post=5637"},{"taxonomy":"product_cat","embeddable":true,"href":"https:\/\/www.taeeuropa.eu\/en\/wp-json\/wp\/v2\/product_cat?post=5637"},{"taxonomy":"product_tag","embeddable":true,"href":"https:\/\/www.taeeuropa.eu\/en\/wp-json\/wp\/v2\/product_tag?post=5637"}],"curies":[{"name":"wp","href":"https:\/\/api.w.org\/{rel}","templated":true}]}}