{"id":763,"date":"2023-11-20T10:50:37","date_gmt":"2023-11-20T09:50:37","guid":{"rendered":"https:\/\/new.taeeuropa.eu\/?page_id=763"},"modified":"2024-07-09T18:10:45","modified_gmt":"2024-07-09T16:10:45","slug":"fusiones-de-empresas","status":"publish","type":"page","link":"https:\/\/www.taeeuropa.eu\/pt\/servicios\/fusiones-de-empresas\/","title":{"rendered":"Fus\u00f5es de empresas"},"content":{"rendered":"<div data-elementor-type=\"wp-page\" data-elementor-id=\"763\" class=\"elementor elementor-763\">\n\t\t\t\t<div class=\"elementor-element elementor-element-4582317d e-con-full e-flex e-con e-parent\" data-id=\"4582317d\" data-element_type=\"container\" data-e-type=\"container\" data-settings=\"{&quot;background_background&quot;:&quot;classic&quot;,&quot;animation&quot;:&quot;none&quot;}\">\n\t\t\t\t<div class=\"elementor-element elementor-element-3872326b elementor-invisible elementor-widget elementor-widget-heading\" data-id=\"3872326b\" data-element_type=\"widget\" data-e-type=\"widget\" data-settings=\"{&quot;_animation&quot;:&quot;zoomIn&quot;}\" data-widget_type=\"heading.default\">\n\t\t\t\t<div class=\"elementor-widget-container\">\n\t\t\t\t\t<h1 class=\"elementor-heading-title elementor-size-small\">Servi\u00e7os<\/h1>\t\t\t\t<\/div>\n\t\t\t\t<\/div>\n\t\t\t\t<\/div>\n\t\t<div class=\"elementor-element elementor-element-68f9d06c e-con-full e-flex e-con e-parent\" data-id=\"68f9d06c\" data-element_type=\"container\" data-e-type=\"container\" data-settings=\"{&quot;background_background&quot;:&quot;classic&quot;}\">\n\t\t\t\t<div class=\"elementor-element elementor-element-8df178a elementor-widget__width-initial elementor-widget elementor-widget-heading\" data-id=\"8df178a\" data-element_type=\"widget\" data-e-type=\"widget\" data-widget_type=\"heading.default\">\n\t\t\t\t<div class=\"elementor-widget-container\">\n\t\t\t\t\t<h2 class=\"elementor-heading-title elementor-size-default\">Fus\u00f5es de empresas<\/h2>\t\t\t\t<\/div>\n\t\t\t\t<\/div>\n\t\t\t\t<\/div>\n\t\t<div class=\"elementor-element elementor-element-4fec1e5 e-flex e-con-boxed e-con e-parent\" data-id=\"4fec1e5\" data-element_type=\"container\" data-e-type=\"container\" data-settings=\"{&quot;background_background&quot;:&quot;classic&quot;}\">\n\t\t\t\t\t<div class=\"e-con-inner\">\n\t\t<div class=\"elementor-element elementor-element-64d5371e e-con-full e-flex e-con e-child\" data-id=\"64d5371e\" data-element_type=\"container\" data-e-type=\"container\" data-settings=\"{&quot;background_background&quot;:&quot;classic&quot;}\">\n\t\t<div class=\"elementor-element elementor-element-5094310c e-con-full e-flex e-con e-child\" data-id=\"5094310c\" data-element_type=\"container\" data-e-type=\"container\">\n\t\t\t\t<div class=\"elementor-element elementor-element-6304abac elementor-widget elementor-widget-image\" data-id=\"6304abac\" data-element_type=\"widget\" data-e-type=\"widget\" data-widget_type=\"image.default\">\n\t\t\t\t<div class=\"elementor-widget-container\">\n\t\t\t\t\t\t\t\t\t\t\t\t\t\t\t<img fetchpriority=\"high\" decoding=\"async\" width=\"1024\" height=\"682\" src=\"https:\/\/www.taeeuropa.eu\/wp-content\/uploads\/manos-sosteniendo-concepto-resolucion-problemas-negocios-rompecabezas-1024x682.jpg\" class=\"attachment-large size-large wp-image-5818\" alt=\"Imagen sobre las fusiones de empresas en TAE Europa, mostrando detalles de adquisiciones y alianzas estrat\u00e9gicas.\" srcset=\"https:\/\/www.taeeuropa.eu\/wp-content\/uploads\/manos-sosteniendo-concepto-resolucion-problemas-negocios-rompecabezas-1024x682.jpg 1024w, https:\/\/www.taeeuropa.eu\/wp-content\/uploads\/manos-sosteniendo-concepto-resolucion-problemas-negocios-rompecabezas-300x200.jpg 300w, https:\/\/www.taeeuropa.eu\/wp-content\/uploads\/manos-sosteniendo-concepto-resolucion-problemas-negocios-rompecabezas-768x512.jpg 768w, https:\/\/www.taeeuropa.eu\/wp-content\/uploads\/manos-sosteniendo-concepto-resolucion-problemas-negocios-rompecabezas-930x620.jpg 930w, https:\/\/www.taeeuropa.eu\/wp-content\/uploads\/manos-sosteniendo-concepto-resolucion-problemas-negocios-rompecabezas-600x400.jpg 600w, https:\/\/www.taeeuropa.eu\/wp-content\/uploads\/manos-sosteniendo-concepto-resolucion-problemas-negocios-rompecabezas.jpg 1100w\" sizes=\"(max-width: 1024px) 100vw, 1024px\" \/>\t\t\t\t\t\t\t\t\t\t\t\t\t\t\t<\/div>\n\t\t\t\t<\/div>\n\t\t\t\t<\/div>\n\t\t\t\t<\/div>\n\t\t<div class=\"elementor-element elementor-element-59d27756 e-con-full e-flex e-con e-child\" data-id=\"59d27756\" data-element_type=\"container\" data-e-type=\"container\">\n\t\t\t\t<div class=\"elementor-element elementor-element-672d1eef elementor-invisible elementor-widget elementor-widget-heading\" data-id=\"672d1eef\" data-element_type=\"widget\" data-e-type=\"widget\" data-settings=\"{&quot;_animation&quot;:&quot;fadeInRight&quot;}\" data-widget_type=\"heading.default\">\n\t\t\t\t<div class=\"elementor-widget-container\">\n\t\t\t\t\t<h3 class=\"elementor-heading-title elementor-size-default\">Criamos liga\u00e7\u00f5es que permitem a sua expans\u00e3o em conjunto com parceiros estrat\u00e9gicos. <\/h3>\t\t\t\t<\/div>\n\t\t\t\t<\/div>\n\t\t\t\t<div class=\"elementor-element elementor-element-a892bc1 elementor-widget elementor-widget-text-editor\" data-id=\"a892bc1\" data-element_type=\"widget\" data-e-type=\"widget\" data-widget_type=\"text-editor.default\">\n\t\t\t\t<div class=\"elementor-widget-container\">\n\t\t\t\t\t\t\t\t\t<p>Trabalhamos em estreita colabora\u00e7\u00e3o com a empresa para compreender os seus objectivos e necessidades comerciais.  Utilizamos o nosso profundo conhecimento do mercado e a nossa vasta rede de contactos para encontrar os parceiros ideais.<\/p>\t\t\t\t\t\t\t\t<\/div>\n\t\t\t\t<\/div>\n\t\t\t\t<\/div>\n\t\t\t\t\t<\/div>\n\t\t\t\t<\/div>\n\t\t<div class=\"elementor-element elementor-element-8552e4d e-flex e-con-boxed e-con e-parent\" data-id=\"8552e4d\" data-element_type=\"container\" data-e-type=\"container\" data-settings=\"{&quot;background_background&quot;:&quot;classic&quot;}\">\n\t\t\t\t\t<div class=\"e-con-inner\">\n\t\t\t\t<div class=\"elementor-element elementor-element-14bacca elementor-align-center elementor-widget__width-inherit elementor-invisible elementor-widget elementor-widget-button\" data-id=\"14bacca\" data-element_type=\"widget\" data-e-type=\"widget\" data-settings=\"{&quot;_animation&quot;:&quot;fadeInDown&quot;}\" data-widget_type=\"button.default\">\n\t\t\t\t<div class=\"elementor-widget-container\">\n\t\t\t\t\t\t\t\t\t<div class=\"elementor-button-wrapper\">\n\t\t\t\t\t<a class=\"elementor-button elementor-button-link elementor-size-sm\" href=\"https:\/\/www.taeeuropa.eu\/pt\/contacto\/\">\n\t\t\t\t\t\t<span class=\"elementor-button-content-wrapper\">\n\t\t\t\t\t\t\t\t\t<span class=\"elementor-button-text\">Contacte-nos<\/span>\n\t\t\t\t\t<\/span>\n\t\t\t\t\t<\/a>\n\t\t\t\t<\/div>\n\t\t\t\t\t\t\t\t<\/div>\n\t\t\t\t<\/div>\n\t\t\t\t\t<\/div>\n\t\t\t\t<\/div>\n\t\t\t\t<\/div>","protected":false},"excerpt":{"rendered":"<p>Servi\u00e7os Fus\u00f5es de empresas Criamos liga\u00e7\u00f5es que permitem a sua expans\u00e3o com parceiros estrat\u00e9gicos. Trabalhamos em estreita colabora\u00e7\u00e3o com a empresa para compreender os seus objectivos e necessidades comerciais.  Utilizamos o nosso profundo conhecimento do mercado e a nossa extensa rede de contactos para encontrar os parceiros ideais. Contacte-nos em<\/p>","protected":false},"author":3,"featured_media":548,"parent":464,"menu_order":0,"comment_status":"closed","ping_status":"closed","template":"","meta":{"om_disable_all_campaigns":false,"_monsterinsights_skip_tracking":false,"_monsterinsights_sitenote_active":false,"_monsterinsights_sitenote_note":"","_monsterinsights_sitenote_category":0,"neve_meta_sidebar":"","neve_meta_container":"","neve_meta_enable_content_width":"","neve_meta_content_width":0,"neve_meta_title_alignment":"","neve_meta_author_avatar":"","neve_post_elements_order":"","neve_meta_disable_header":"","neve_meta_disable_footer":"","neve_meta_disable_title":"","footnotes":""},"class_list":["post-763","page","type-page","status-publish","has-post-thumbnail","hentry"],"yoast_head":"<!-- This site is optimized with the Yoast SEO plugin v27.4 - https:\/\/yoast.com\/product\/yoast-seo-wordpress\/ -->\n<title>TAE Europa | Fusiones de empresas<\/title>\n<meta name=\"description\" content=\"En TAE Europa, facilitamos fusiones de empresas, creando conexiones que permiten tu expansi\u00f3n junto a socios estrat\u00e9gicos.&quot;\" \/>\n<meta name=\"robots\" content=\"index, follow, max-snippet:-1, max-image-preview:large, max-video-preview:-1\" \/>\n<link rel=\"canonical\" href=\"https:\/\/www.taeeuropa.eu\/pt\/servicios\/fusiones-de-empresas\/\" \/>\n<meta property=\"og:locale\" content=\"pt_PT\" \/>\n<meta property=\"og:type\" content=\"article\" \/>\n<meta property=\"og:title\" content=\"TAE Europa | Fusiones de empresas\" \/>\n<meta property=\"og:description\" content=\"En TAE Europa, facilitamos fusiones de empresas, creando conexiones que permiten tu expansi\u00f3n junto a socios estrat\u00e9gicos.&quot;\" \/>\n<meta property=\"og:url\" content=\"https:\/\/www.taeeuropa.eu\/pt\/servicios\/fusiones-de-empresas\/\" \/>\n<meta property=\"og:site_name\" content=\"TAE Europa\" \/>\n<meta property=\"article:modified_time\" content=\"2024-07-09T16:10:45+00:00\" \/>\n<meta property=\"og:image\" content=\"https:\/\/www.taeeuropa.eu\/wp-content\/uploads\/Logo-fondo-blanco.jpg\" \/>\n\t<meta property=\"og:image:width\" content=\"460\" \/>\n\t<meta property=\"og:image:height\" content=\"460\" \/>\n\t<meta property=\"og:image:type\" content=\"image\/jpeg\" \/>\n<meta name=\"twitter:card\" content=\"summary_large_image\" \/>\n<meta name=\"twitter:label1\" content=\"Tempo estimado de leitura\" \/>\n\t<meta name=\"twitter:data1\" content=\"1 minuto\" \/>\n<script type=\"application\/ld+json\" class=\"yoast-schema-graph\">{\"@context\":\"https:\\\/\\\/schema.org\",\"@graph\":[{\"@type\":\"WebPage\",\"@id\":\"https:\\\/\\\/www.taeeuropa.eu\\\/servicios\\\/fusiones-de-empresas\\\/\",\"url\":\"https:\\\/\\\/www.taeeuropa.eu\\\/servicios\\\/fusiones-de-empresas\\\/\",\"name\":\"TAE Europa | Fusiones de empresas\",\"isPartOf\":{\"@id\":\"https:\\\/\\\/www.taeeuropa.eu\\\/#website\"},\"primaryImageOfPage\":{\"@id\":\"https:\\\/\\\/www.taeeuropa.eu\\\/servicios\\\/fusiones-de-empresas\\\/#primaryimage\"},\"image\":{\"@id\":\"https:\\\/\\\/www.taeeuropa.eu\\\/servicios\\\/fusiones-de-empresas\\\/#primaryimage\"},\"thumbnailUrl\":\"https:\\\/\\\/www.taeeuropa.eu\\\/wp-content\\\/uploads\\\/Logo-fondo-blanco.jpg\",\"datePublished\":\"2023-11-20T09:50:37+00:00\",\"dateModified\":\"2024-07-09T16:10:45+00:00\",\"description\":\"En TAE Europa, facilitamos fusiones de empresas, creando conexiones que permiten tu expansi\u00f3n junto a socios estrat\u00e9gicos.\\\"\",\"breadcrumb\":{\"@id\":\"https:\\\/\\\/www.taeeuropa.eu\\\/servicios\\\/fusiones-de-empresas\\\/#breadcrumb\"},\"inLanguage\":\"pt-PT\",\"potentialAction\":[{\"@type\":\"ReadAction\",\"target\":[\"https:\\\/\\\/www.taeeuropa.eu\\\/servicios\\\/fusiones-de-empresas\\\/\"]}]},{\"@type\":\"ImageObject\",\"inLanguage\":\"pt-PT\",\"@id\":\"https:\\\/\\\/www.taeeuropa.eu\\\/servicios\\\/fusiones-de-empresas\\\/#primaryimage\",\"url\":\"https:\\\/\\\/www.taeeuropa.eu\\\/wp-content\\\/uploads\\\/Logo-fondo-blanco.jpg\",\"contentUrl\":\"https:\\\/\\\/www.taeeuropa.eu\\\/wp-content\\\/uploads\\\/Logo-fondo-blanco.jpg\",\"width\":460,\"height\":460,\"caption\":\"Logo de TAE Europa, empresa de M&A especializada en el sector agroalimentario\"},{\"@type\":\"BreadcrumbList\",\"@id\":\"https:\\\/\\\/www.taeeuropa.eu\\\/servicios\\\/fusiones-de-empresas\\\/#breadcrumb\",\"itemListElement\":[{\"@type\":\"ListItem\",\"position\":1,\"name\":\"Portada\",\"item\":\"https:\\\/\\\/www.taeeuropa.eu\\\/\"},{\"@type\":\"ListItem\",\"position\":2,\"name\":\"Servicios\",\"item\":\"https:\\\/\\\/www.taeeuropa.eu\\\/servicios\\\/\"},{\"@type\":\"ListItem\",\"position\":3,\"name\":\"Fusiones de empresas\"}]},{\"@type\":\"WebSite\",\"@id\":\"https:\\\/\\\/www.taeeuropa.eu\\\/#website\",\"url\":\"https:\\\/\\\/www.taeeuropa.eu\\\/\",\"name\":\"TAE Europa\",\"description\":\"Fusiones y Adquisiciones | Sector agroalimentario\",\"publisher\":{\"@id\":\"https:\\\/\\\/www.taeeuropa.eu\\\/#organization\"},\"potentialAction\":[{\"@type\":\"SearchAction\",\"target\":{\"@type\":\"EntryPoint\",\"urlTemplate\":\"https:\\\/\\\/www.taeeuropa.eu\\\/?s={search_term_string}\"},\"query-input\":{\"@type\":\"PropertyValueSpecification\",\"valueRequired\":true,\"valueName\":\"search_term_string\"}}],\"inLanguage\":\"pt-PT\"},{\"@type\":\"Organization\",\"@id\":\"https:\\\/\\\/www.taeeuropa.eu\\\/#organization\",\"name\":\"TAE Europa\",\"url\":\"https:\\\/\\\/www.taeeuropa.eu\\\/\",\"logo\":{\"@type\":\"ImageObject\",\"inLanguage\":\"pt-PT\",\"@id\":\"https:\\\/\\\/www.taeeuropa.eu\\\/#\\\/schema\\\/logo\\\/image\\\/\",\"url\":\"https:\\\/\\\/www.taeeuropa.eu\\\/wp-content\\\/uploads\\\/Logo-fondo-blanco-1.jpg\",\"contentUrl\":\"https:\\\/\\\/www.taeeuropa.eu\\\/wp-content\\\/uploads\\\/Logo-fondo-blanco-1.jpg\",\"width\":460,\"height\":460,\"caption\":\"TAE Europa\"},\"image\":{\"@id\":\"https:\\\/\\\/www.taeeuropa.eu\\\/#\\\/schema\\\/logo\\\/image\\\/\"},\"sameAs\":[\"https:\\\/\\\/www.linkedin.com\\\/company\\\/taeeuropa\\\/\"]}]}<\/script>\n<!-- \/ Yoast SEO plugin. -->","yoast_head_json":{"title":"TAE Europa | Fusiones de empresas","description":"En TAE Europa, facilitamos fusiones de empresas, creando conexiones que permiten tu expansi\u00f3n junto a socios estrat\u00e9gicos.\"","robots":{"index":"index","follow":"follow","max-snippet":"max-snippet:-1","max-image-preview":"max-image-preview:large","max-video-preview":"max-video-preview:-1"},"canonical":"https:\/\/www.taeeuropa.eu\/pt\/servicios\/fusiones-de-empresas\/","og_locale":"pt_PT","og_type":"article","og_title":"TAE Europa | Fusiones de empresas","og_description":"En TAE Europa, facilitamos fusiones de empresas, creando conexiones que permiten tu expansi\u00f3n junto a socios estrat\u00e9gicos.\"","og_url":"https:\/\/www.taeeuropa.eu\/pt\/servicios\/fusiones-de-empresas\/","og_site_name":"TAE Europa","article_modified_time":"2024-07-09T16:10:45+00:00","og_image":[{"width":460,"height":460,"url":"https:\/\/www.taeeuropa.eu\/wp-content\/uploads\/Logo-fondo-blanco.jpg","type":"image\/jpeg"}],"twitter_card":"summary_large_image","twitter_misc":{"Tempo estimado de leitura":"1 minuto"},"schema":{"@context":"https:\/\/schema.org","@graph":[{"@type":"WebPage","@id":"https:\/\/www.taeeuropa.eu\/servicios\/fusiones-de-empresas\/","url":"https:\/\/www.taeeuropa.eu\/servicios\/fusiones-de-empresas\/","name":"TAE Europa | Fusiones de empresas","isPartOf":{"@id":"https:\/\/www.taeeuropa.eu\/#website"},"primaryImageOfPage":{"@id":"https:\/\/www.taeeuropa.eu\/servicios\/fusiones-de-empresas\/#primaryimage"},"image":{"@id":"https:\/\/www.taeeuropa.eu\/servicios\/fusiones-de-empresas\/#primaryimage"},"thumbnailUrl":"https:\/\/www.taeeuropa.eu\/wp-content\/uploads\/Logo-fondo-blanco.jpg","datePublished":"2023-11-20T09:50:37+00:00","dateModified":"2024-07-09T16:10:45+00:00","description":"En TAE Europa, facilitamos fusiones de empresas, creando conexiones que permiten tu expansi\u00f3n junto a socios estrat\u00e9gicos.\"","breadcrumb":{"@id":"https:\/\/www.taeeuropa.eu\/servicios\/fusiones-de-empresas\/#breadcrumb"},"inLanguage":"pt-PT","potentialAction":[{"@type":"ReadAction","target":["https:\/\/www.taeeuropa.eu\/servicios\/fusiones-de-empresas\/"]}]},{"@type":"ImageObject","inLanguage":"pt-PT","@id":"https:\/\/www.taeeuropa.eu\/servicios\/fusiones-de-empresas\/#primaryimage","url":"https:\/\/www.taeeuropa.eu\/wp-content\/uploads\/Logo-fondo-blanco.jpg","contentUrl":"https:\/\/www.taeeuropa.eu\/wp-content\/uploads\/Logo-fondo-blanco.jpg","width":460,"height":460,"caption":"Logo de TAE Europa, empresa de M&A especializada en el sector agroalimentario"},{"@type":"BreadcrumbList","@id":"https:\/\/www.taeeuropa.eu\/servicios\/fusiones-de-empresas\/#breadcrumb","itemListElement":[{"@type":"ListItem","position":1,"name":"Portada","item":"https:\/\/www.taeeuropa.eu\/"},{"@type":"ListItem","position":2,"name":"Servicios","item":"https:\/\/www.taeeuropa.eu\/servicios\/"},{"@type":"ListItem","position":3,"name":"Fusiones de empresas"}]},{"@type":"WebSite","@id":"https:\/\/www.taeeuropa.eu\/#website","url":"https:\/\/www.taeeuropa.eu\/","name":"TAE Europa","description":"Fusiones y Adquisiciones | Sector agroalimentario","publisher":{"@id":"https:\/\/www.taeeuropa.eu\/#organization"},"potentialAction":[{"@type":"SearchAction","target":{"@type":"EntryPoint","urlTemplate":"https:\/\/www.taeeuropa.eu\/?s={search_term_string}"},"query-input":{"@type":"PropertyValueSpecification","valueRequired":true,"valueName":"search_term_string"}}],"inLanguage":"pt-PT"},{"@type":"Organization","@id":"https:\/\/www.taeeuropa.eu\/#organization","name":"TAE Europa","url":"https:\/\/www.taeeuropa.eu\/","logo":{"@type":"ImageObject","inLanguage":"pt-PT","@id":"https:\/\/www.taeeuropa.eu\/#\/schema\/logo\/image\/","url":"https:\/\/www.taeeuropa.eu\/wp-content\/uploads\/Logo-fondo-blanco-1.jpg","contentUrl":"https:\/\/www.taeeuropa.eu\/wp-content\/uploads\/Logo-fondo-blanco-1.jpg","width":460,"height":460,"caption":"TAE Europa"},"image":{"@id":"https:\/\/www.taeeuropa.eu\/#\/schema\/logo\/image\/"},"sameAs":["https:\/\/www.linkedin.com\/company\/taeeuropa\/"]}]}},"_links":{"self":[{"href":"https:\/\/www.taeeuropa.eu\/pt\/wp-json\/wp\/v2\/pages\/763","targetHints":{"allow":["GET"]}}],"collection":[{"href":"https:\/\/www.taeeuropa.eu\/pt\/wp-json\/wp\/v2\/pages"}],"about":[{"href":"https:\/\/www.taeeuropa.eu\/pt\/wp-json\/wp\/v2\/types\/page"}],"author":[{"embeddable":true,"href":"https:\/\/www.taeeuropa.eu\/pt\/wp-json\/wp\/v2\/users\/3"}],"replies":[{"embeddable":true,"href":"https:\/\/www.taeeuropa.eu\/pt\/wp-json\/wp\/v2\/comments?post=763"}],"version-history":[{"count":83,"href":"https:\/\/www.taeeuropa.eu\/pt\/wp-json\/wp\/v2\/pages\/763\/revisions"}],"predecessor-version":[{"id":9310,"href":"https:\/\/www.taeeuropa.eu\/pt\/wp-json\/wp\/v2\/pages\/763\/revisions\/9310"}],"up":[{"embeddable":true,"href":"https:\/\/www.taeeuropa.eu\/pt\/wp-json\/wp\/v2\/pages\/464"}],"wp:featuredmedia":[{"embeddable":true,"href":"https:\/\/www.taeeuropa.eu\/pt\/wp-json\/wp\/v2\/media\/548"}],"wp:attachment":[{"href":"https:\/\/www.taeeuropa.eu\/pt\/wp-json\/wp\/v2\/media?parent=763"}],"curies":[{"name":"wp","href":"https:\/\/api.w.org\/{rel}","templated":true}]}}