{"id":767,"date":"2023-11-20T10:51:47","date_gmt":"2023-11-20T09:51:47","guid":{"rendered":"https:\/\/new.taeeuropa.eu\/?page_id=767"},"modified":"2024-07-09T17:56:22","modified_gmt":"2024-07-09T15:56:22","slug":"asesoramiento-corporativo","status":"publish","type":"page","link":"https:\/\/www.taeeuropa.eu\/pt\/servicios\/asesoramiento-corporativo\/","title":{"rendered":"Consultoria empresarial"},"content":{"rendered":"<div data-elementor-type=\"wp-page\" data-elementor-id=\"767\" class=\"elementor elementor-767\">\n\t\t\t\t<div class=\"elementor-element elementor-element-6606415a e-con-full e-flex e-con e-parent\" data-id=\"6606415a\" data-element_type=\"container\" data-e-type=\"container\" data-settings=\"{&quot;background_background&quot;:&quot;classic&quot;,&quot;animation&quot;:&quot;none&quot;}\">\n\t\t\t\t<div class=\"elementor-element elementor-element-3897d4fd elementor-invisible elementor-widget elementor-widget-heading\" data-id=\"3897d4fd\" data-element_type=\"widget\" data-e-type=\"widget\" data-settings=\"{&quot;_animation&quot;:&quot;zoomIn&quot;}\" data-widget_type=\"heading.default\">\n\t\t\t\t<div class=\"elementor-widget-container\">\n\t\t\t\t\t<h1 class=\"elementor-heading-title elementor-size-small\">Servi\u00e7os<\/h1>\t\t\t\t<\/div>\n\t\t\t\t<\/div>\n\t\t\t\t<\/div>\n\t\t<div class=\"elementor-element elementor-element-7e0ecf8c e-con-full e-flex e-con e-parent\" data-id=\"7e0ecf8c\" data-element_type=\"container\" data-e-type=\"container\" data-settings=\"{&quot;background_background&quot;:&quot;classic&quot;}\">\n\t\t\t\t<div class=\"elementor-element elementor-element-89e69f9 elementor-widget__width-initial elementor-widget elementor-widget-heading\" data-id=\"89e69f9\" data-element_type=\"widget\" data-e-type=\"widget\" data-widget_type=\"heading.default\">\n\t\t\t\t<div class=\"elementor-widget-container\">\n\t\t\t\t\t<h2 class=\"elementor-heading-title elementor-size-default\">Consultoria empresarial<\/h2>\t\t\t\t<\/div>\n\t\t\t\t<\/div>\n\t\t\t\t<\/div>\n\t\t<div class=\"elementor-element elementor-element-2c194e72 e-flex e-con-boxed e-con e-parent\" data-id=\"2c194e72\" data-element_type=\"container\" data-e-type=\"container\" data-settings=\"{&quot;background_background&quot;:&quot;classic&quot;}\">\n\t\t\t\t\t<div class=\"e-con-inner\">\n\t\t<div class=\"elementor-element elementor-element-31911f55 e-con-full e-flex e-con e-child\" data-id=\"31911f55\" data-element_type=\"container\" data-e-type=\"container\" data-settings=\"{&quot;background_background&quot;:&quot;classic&quot;}\">\n\t\t<div class=\"elementor-element elementor-element-2f3443d e-con-full e-flex e-con e-child\" data-id=\"2f3443d\" data-element_type=\"container\" data-e-type=\"container\">\n\t\t\t\t<div class=\"elementor-element elementor-element-7f51da06 elementor-widget elementor-widget-image\" data-id=\"7f51da06\" data-element_type=\"widget\" data-e-type=\"widget\" data-widget_type=\"image.default\">\n\t\t\t\t<div class=\"elementor-widget-container\">\n\t\t\t\t\t\t\t\t\t\t\t\t\t\t\t<img fetchpriority=\"high\" decoding=\"async\" width=\"930\" height=\"620\" src=\"https:\/\/www.taeeuropa.eu\/wp-content\/uploads\/resultados-cuenta-oficina-papel-corporativo-explicando-930x620.jpg\" class=\"attachment-neve-blog size-neve-blog wp-image-4048\" alt=\"Archivo con datos sobre asesoramiento corporativo en Europa, incluyendo servicios ofrecidos, sectores atendidos y empresas asesoradas.\" srcset=\"https:\/\/www.taeeuropa.eu\/wp-content\/uploads\/resultados-cuenta-oficina-papel-corporativo-explicando-930x620.jpg 930w, https:\/\/www.taeeuropa.eu\/wp-content\/uploads\/resultados-cuenta-oficina-papel-corporativo-explicando-600x400.jpg 600w, https:\/\/www.taeeuropa.eu\/wp-content\/uploads\/resultados-cuenta-oficina-papel-corporativo-explicando-300x200.jpg 300w, https:\/\/www.taeeuropa.eu\/wp-content\/uploads\/resultados-cuenta-oficina-papel-corporativo-explicando-1024x683.jpg 1024w, https:\/\/www.taeeuropa.eu\/wp-content\/uploads\/resultados-cuenta-oficina-papel-corporativo-explicando-768x512.jpg 768w, https:\/\/www.taeeuropa.eu\/wp-content\/uploads\/resultados-cuenta-oficina-papel-corporativo-explicando.jpg 1200w\" sizes=\"(max-width: 930px) 100vw, 930px\" \/>\t\t\t\t\t\t\t\t\t\t\t\t\t\t\t<\/div>\n\t\t\t\t<\/div>\n\t\t\t\t<\/div>\n\t\t\t\t<\/div>\n\t\t<div class=\"elementor-element elementor-element-79577a15 e-con-full e-flex e-con e-child\" data-id=\"79577a15\" data-element_type=\"container\" data-e-type=\"container\">\n\t\t\t\t<div class=\"elementor-element elementor-element-6168ba75 elementor-invisible elementor-widget elementor-widget-heading\" data-id=\"6168ba75\" data-element_type=\"widget\" data-e-type=\"widget\" data-settings=\"{&quot;_animation&quot;:&quot;fadeInRight&quot;}\" data-widget_type=\"heading.default\">\n\t\t\t\t<div class=\"elementor-widget-container\">\n\t\t\t\t\t<h3 class=\"elementor-heading-title elementor-size-default\">Fornecemos estrat\u00e9gia \nempresarial e aconselhamento \nfiscal para transac\u00e7\u00f5es \nempresariais.<\/h3>\t\t\t\t<\/div>\n\t\t\t\t<\/div>\n\t\t\t\t<div class=\"elementor-element elementor-element-4c1be211 elementor-widget elementor-widget-text-editor\" data-id=\"4c1be211\" data-element_type=\"widget\" data-e-type=\"widget\" data-widget_type=\"text-editor.default\">\n\t\t\t\t<div class=\"elementor-widget-container\">\n\t\t\t\t\t\t\t\t\t<p>Temos a experi\u00eancia necess\u00e1ria e preparamos a sua empresa para uma opera\u00e7\u00e3o empresarial, orientando-o em todas as fases do processo. Oferecemos aconselhamento abrangente sobre estrat\u00e9gia empresarial, finan\u00e7as empresariais, mercado e fiscalidade.<\/p>\t\t\t\t\t\t\t\t<\/div>\n\t\t\t\t<\/div>\n\t\t\t\t<\/div>\n\t\t\t\t\t<\/div>\n\t\t\t\t<\/div>\n\t\t<div class=\"elementor-element elementor-element-166fcff6 e-flex e-con-boxed e-con e-parent\" data-id=\"166fcff6\" data-element_type=\"container\" data-e-type=\"container\" data-settings=\"{&quot;background_background&quot;:&quot;classic&quot;}\">\n\t\t\t\t\t<div class=\"e-con-inner\">\n\t\t\t\t<div class=\"elementor-element elementor-element-73e5248c elementor-widget__width-initial elementor-widget elementor-widget-text-editor\" data-id=\"73e5248c\" data-element_type=\"widget\" data-e-type=\"widget\" data-widget_type=\"text-editor.default\">\n\t\t\t\t<div class=\"elementor-widget-container\">\n\t\t\t\t\t\t\t\t\t<hr \/><h3 style=\"text-align: left;\"><strong>Aconselhamento sobre estrat\u00e9gia empresarial<\/strong><\/h3><p><span style=\"text-decoration: underline;\">Estrat\u00e9gia financeira<\/span><\/p><ul><li>An\u00e1lise de informa\u00e7\u00f5es econ\u00f3micas e financeiras.<\/li><li>Estrutura\u00e7\u00e3o da informa\u00e7\u00e3o econ\u00f3mica e financeira, de modo a preparar a transa\u00e7\u00e3o correcta.<\/li><li>Governo das sociedades.<\/li><\/ul><p><span style=\"text-decoration: underline;\">Estrat\u00e9gia de mercado<\/span><\/p><ul><li>Procurar potenciais empresas-alvo.<\/li><li><em>Avalia\u00e7\u00e3o comparativa<\/em> do sector\/subsector.<\/li><li>Acompanhamento do plano de actividades.<\/li><\/ul><hr \/><h3><strong>Aconselhamento fiscal<\/strong><\/h3><ul><li>Aconselhamento fiscal em opera\u00e7\u00f5es de fus\u00f5es e aquisi\u00e7\u00f5es.<\/li><li>Defini\u00e7\u00e3o do tipo de opera\u00e7\u00e3o, com o objetivo de minimizar o custo fiscal.<\/li><li>Planeamento fiscal das empresas ou indiv\u00edduos envolvidos na transa\u00e7\u00e3o.<\/li><\/ul>\t\t\t\t\t\t\t\t<\/div>\n\t\t\t\t<\/div>\n\t\t\t\t\t<\/div>\n\t\t\t\t<\/div>\n\t\t<div class=\"elementor-element elementor-element-7bdf6827 e-flex e-con-boxed e-con e-parent\" data-id=\"7bdf6827\" data-element_type=\"container\" data-e-type=\"container\" data-settings=\"{&quot;background_background&quot;:&quot;classic&quot;}\">\n\t\t\t\t\t<div class=\"e-con-inner\">\n\t\t\t\t<div class=\"elementor-element elementor-element-39f0a6a9 elementor-align-center elementor-widget__width-inherit elementor-invisible elementor-widget elementor-widget-button\" data-id=\"39f0a6a9\" data-element_type=\"widget\" data-e-type=\"widget\" data-settings=\"{&quot;_animation&quot;:&quot;fadeInDown&quot;}\" data-widget_type=\"button.default\">\n\t\t\t\t<div class=\"elementor-widget-container\">\n\t\t\t\t\t\t\t\t\t<div class=\"elementor-button-wrapper\">\n\t\t\t\t\t<a class=\"elementor-button elementor-button-link elementor-size-sm\" href=\"https:\/\/www.taeeuropa.eu\/pt\/contacto\/\">\n\t\t\t\t\t\t<span class=\"elementor-button-content-wrapper\">\n\t\t\t\t\t\t\t\t\t<span class=\"elementor-button-text\">Contacte-nos<\/span>\n\t\t\t\t\t<\/span>\n\t\t\t\t\t<\/a>\n\t\t\t\t<\/div>\n\t\t\t\t\t\t\t\t<\/div>\n\t\t\t\t<\/div>\n\t\t\t\t\t<\/div>\n\t\t\t\t<\/div>\n\t\t\t\t<\/div>","protected":false},"excerpt":{"rendered":"<p>Servi\u00e7os Aconselhamento empresarial Prestamos aconselhamento sobre estrat\u00e9gia empresarial e aconselhamento fiscal para transac\u00e7\u00f5es empresariais. Temos a experi\u00eancia necess\u00e1ria e preparamos a sua empresa para uma opera\u00e7\u00e3o empresarial, orientando-o em todas as fases do processo. Oferecemos aconselhamento abrangente sobre estrat\u00e9gia empresarial, finan\u00e7as empresariais, estrat\u00e9gia de mercado e fiscal. Aconselhamento em mat\u00e9ria de estrat\u00e9gia empresarial Estrat\u00e9gia financeira An\u00e1lise da estrat\u00e9gia financeira...&nbsp;<a href=\"https:\/\/www.taeeuropa.eu\/pt\/servicios\/asesoramiento-corporativo\/\" rel=\"bookmark\">Ler mais \"<span class=\"screen-reader-text\">Consultoria empresarial<\/span><\/a><\/p>","protected":false},"author":3,"featured_media":548,"parent":464,"menu_order":0,"comment_status":"closed","ping_status":"closed","template":"","meta":{"om_disable_all_campaigns":false,"_monsterinsights_skip_tracking":false,"_monsterinsights_sitenote_active":false,"_monsterinsights_sitenote_note":"","_monsterinsights_sitenote_category":0,"neve_meta_sidebar":"","neve_meta_container":"","neve_meta_enable_content_width":"","neve_meta_content_width":0,"neve_meta_title_alignment":"","neve_meta_author_avatar":"","neve_post_elements_order":"","neve_meta_disable_header":"","neve_meta_disable_footer":"","neve_meta_disable_title":"","footnotes":""},"class_list":["post-767","page","type-page","status-publish","has-post-thumbnail","hentry"],"yoast_head":"<!-- This site is optimized with the Yoast SEO plugin v27.4 - https:\/\/yoast.com\/product\/yoast-seo-wordpress\/ -->\n<title>TAE Europa | Asesoramiento corporativo<\/title>\n<meta name=\"description\" content=\"En TAE Europa, proporcionamos asesoramiento corporativo y asesoramiento tributario, para operaciones corporativas.\" \/>\n<meta name=\"robots\" content=\"index, follow, max-snippet:-1, max-image-preview:large, max-video-preview:-1\" \/>\n<link rel=\"canonical\" href=\"https:\/\/www.taeeuropa.eu\/pt\/servicios\/asesoramiento-corporativo\/\" \/>\n<meta property=\"og:locale\" content=\"pt_PT\" \/>\n<meta property=\"og:type\" content=\"article\" \/>\n<meta property=\"og:title\" content=\"TAE Europa | Asesoramiento corporativo\" \/>\n<meta property=\"og:description\" content=\"En TAE Europa, proporcionamos asesoramiento corporativo y asesoramiento tributario, para operaciones corporativas.\" \/>\n<meta property=\"og:url\" content=\"https:\/\/www.taeeuropa.eu\/pt\/servicios\/asesoramiento-corporativo\/\" \/>\n<meta property=\"og:site_name\" content=\"TAE Europa\" \/>\n<meta property=\"article:modified_time\" content=\"2024-07-09T15:56:22+00:00\" \/>\n<meta property=\"og:image\" content=\"https:\/\/www.taeeuropa.eu\/wp-content\/uploads\/Logo-fondo-blanco.jpg\" \/>\n\t<meta property=\"og:image:width\" content=\"460\" \/>\n\t<meta property=\"og:image:height\" content=\"460\" \/>\n\t<meta property=\"og:image:type\" content=\"image\/jpeg\" \/>\n<meta name=\"twitter:card\" content=\"summary_large_image\" \/>\n<meta name=\"twitter:label1\" content=\"Tempo estimado de leitura\" \/>\n\t<meta name=\"twitter:data1\" content=\"1 minuto\" \/>\n<script type=\"application\/ld+json\" class=\"yoast-schema-graph\">{\"@context\":\"https:\\\/\\\/schema.org\",\"@graph\":[{\"@type\":\"WebPage\",\"@id\":\"https:\\\/\\\/www.taeeuropa.eu\\\/servicios\\\/asesoramiento-corporativo\\\/\",\"url\":\"https:\\\/\\\/www.taeeuropa.eu\\\/servicios\\\/asesoramiento-corporativo\\\/\",\"name\":\"TAE Europa | Asesoramiento corporativo\",\"isPartOf\":{\"@id\":\"https:\\\/\\\/www.taeeuropa.eu\\\/#website\"},\"primaryImageOfPage\":{\"@id\":\"https:\\\/\\\/www.taeeuropa.eu\\\/servicios\\\/asesoramiento-corporativo\\\/#primaryimage\"},\"image\":{\"@id\":\"https:\\\/\\\/www.taeeuropa.eu\\\/servicios\\\/asesoramiento-corporativo\\\/#primaryimage\"},\"thumbnailUrl\":\"https:\\\/\\\/www.taeeuropa.eu\\\/wp-content\\\/uploads\\\/Logo-fondo-blanco.jpg\",\"datePublished\":\"2023-11-20T09:51:47+00:00\",\"dateModified\":\"2024-07-09T15:56:22+00:00\",\"description\":\"En TAE Europa, proporcionamos asesoramiento corporativo y asesoramiento tributario, para operaciones corporativas.\",\"breadcrumb\":{\"@id\":\"https:\\\/\\\/www.taeeuropa.eu\\\/servicios\\\/asesoramiento-corporativo\\\/#breadcrumb\"},\"inLanguage\":\"pt-PT\",\"potentialAction\":[{\"@type\":\"ReadAction\",\"target\":[\"https:\\\/\\\/www.taeeuropa.eu\\\/servicios\\\/asesoramiento-corporativo\\\/\"]}]},{\"@type\":\"ImageObject\",\"inLanguage\":\"pt-PT\",\"@id\":\"https:\\\/\\\/www.taeeuropa.eu\\\/servicios\\\/asesoramiento-corporativo\\\/#primaryimage\",\"url\":\"https:\\\/\\\/www.taeeuropa.eu\\\/wp-content\\\/uploads\\\/Logo-fondo-blanco.jpg\",\"contentUrl\":\"https:\\\/\\\/www.taeeuropa.eu\\\/wp-content\\\/uploads\\\/Logo-fondo-blanco.jpg\",\"width\":460,\"height\":460,\"caption\":\"Logo de TAE Europa, empresa de M&A especializada en el sector agroalimentario\"},{\"@type\":\"BreadcrumbList\",\"@id\":\"https:\\\/\\\/www.taeeuropa.eu\\\/servicios\\\/asesoramiento-corporativo\\\/#breadcrumb\",\"itemListElement\":[{\"@type\":\"ListItem\",\"position\":1,\"name\":\"Portada\",\"item\":\"https:\\\/\\\/www.taeeuropa.eu\\\/\"},{\"@type\":\"ListItem\",\"position\":2,\"name\":\"Servicios\",\"item\":\"https:\\\/\\\/www.taeeuropa.eu\\\/servicios\\\/\"},{\"@type\":\"ListItem\",\"position\":3,\"name\":\"Asesoramiento corporativo\"}]},{\"@type\":\"WebSite\",\"@id\":\"https:\\\/\\\/www.taeeuropa.eu\\\/#website\",\"url\":\"https:\\\/\\\/www.taeeuropa.eu\\\/\",\"name\":\"TAE Europa\",\"description\":\"Fusiones y Adquisiciones | Sector agroalimentario\",\"publisher\":{\"@id\":\"https:\\\/\\\/www.taeeuropa.eu\\\/#organization\"},\"potentialAction\":[{\"@type\":\"SearchAction\",\"target\":{\"@type\":\"EntryPoint\",\"urlTemplate\":\"https:\\\/\\\/www.taeeuropa.eu\\\/?s={search_term_string}\"},\"query-input\":{\"@type\":\"PropertyValueSpecification\",\"valueRequired\":true,\"valueName\":\"search_term_string\"}}],\"inLanguage\":\"pt-PT\"},{\"@type\":\"Organization\",\"@id\":\"https:\\\/\\\/www.taeeuropa.eu\\\/#organization\",\"name\":\"TAE Europa\",\"url\":\"https:\\\/\\\/www.taeeuropa.eu\\\/\",\"logo\":{\"@type\":\"ImageObject\",\"inLanguage\":\"pt-PT\",\"@id\":\"https:\\\/\\\/www.taeeuropa.eu\\\/#\\\/schema\\\/logo\\\/image\\\/\",\"url\":\"https:\\\/\\\/www.taeeuropa.eu\\\/wp-content\\\/uploads\\\/Logo-fondo-blanco-1.jpg\",\"contentUrl\":\"https:\\\/\\\/www.taeeuropa.eu\\\/wp-content\\\/uploads\\\/Logo-fondo-blanco-1.jpg\",\"width\":460,\"height\":460,\"caption\":\"TAE Europa\"},\"image\":{\"@id\":\"https:\\\/\\\/www.taeeuropa.eu\\\/#\\\/schema\\\/logo\\\/image\\\/\"},\"sameAs\":[\"https:\\\/\\\/www.linkedin.com\\\/company\\\/taeeuropa\\\/\"]}]}<\/script>\n<!-- \/ Yoast SEO plugin. -->","yoast_head_json":{"title":"TAE Europa | Asesoramiento corporativo","description":"En TAE Europa, proporcionamos asesoramiento corporativo y asesoramiento tributario, para operaciones corporativas.","robots":{"index":"index","follow":"follow","max-snippet":"max-snippet:-1","max-image-preview":"max-image-preview:large","max-video-preview":"max-video-preview:-1"},"canonical":"https:\/\/www.taeeuropa.eu\/pt\/servicios\/asesoramiento-corporativo\/","og_locale":"pt_PT","og_type":"article","og_title":"TAE Europa | Asesoramiento corporativo","og_description":"En TAE Europa, proporcionamos asesoramiento corporativo y asesoramiento tributario, para operaciones corporativas.","og_url":"https:\/\/www.taeeuropa.eu\/pt\/servicios\/asesoramiento-corporativo\/","og_site_name":"TAE Europa","article_modified_time":"2024-07-09T15:56:22+00:00","og_image":[{"width":460,"height":460,"url":"https:\/\/www.taeeuropa.eu\/wp-content\/uploads\/Logo-fondo-blanco.jpg","type":"image\/jpeg"}],"twitter_card":"summary_large_image","twitter_misc":{"Tempo estimado de leitura":"1 minuto"},"schema":{"@context":"https:\/\/schema.org","@graph":[{"@type":"WebPage","@id":"https:\/\/www.taeeuropa.eu\/servicios\/asesoramiento-corporativo\/","url":"https:\/\/www.taeeuropa.eu\/servicios\/asesoramiento-corporativo\/","name":"TAE Europa | Asesoramiento corporativo","isPartOf":{"@id":"https:\/\/www.taeeuropa.eu\/#website"},"primaryImageOfPage":{"@id":"https:\/\/www.taeeuropa.eu\/servicios\/asesoramiento-corporativo\/#primaryimage"},"image":{"@id":"https:\/\/www.taeeuropa.eu\/servicios\/asesoramiento-corporativo\/#primaryimage"},"thumbnailUrl":"https:\/\/www.taeeuropa.eu\/wp-content\/uploads\/Logo-fondo-blanco.jpg","datePublished":"2023-11-20T09:51:47+00:00","dateModified":"2024-07-09T15:56:22+00:00","description":"En TAE Europa, proporcionamos asesoramiento corporativo y asesoramiento tributario, para operaciones corporativas.","breadcrumb":{"@id":"https:\/\/www.taeeuropa.eu\/servicios\/asesoramiento-corporativo\/#breadcrumb"},"inLanguage":"pt-PT","potentialAction":[{"@type":"ReadAction","target":["https:\/\/www.taeeuropa.eu\/servicios\/asesoramiento-corporativo\/"]}]},{"@type":"ImageObject","inLanguage":"pt-PT","@id":"https:\/\/www.taeeuropa.eu\/servicios\/asesoramiento-corporativo\/#primaryimage","url":"https:\/\/www.taeeuropa.eu\/wp-content\/uploads\/Logo-fondo-blanco.jpg","contentUrl":"https:\/\/www.taeeuropa.eu\/wp-content\/uploads\/Logo-fondo-blanco.jpg","width":460,"height":460,"caption":"Logo de TAE Europa, empresa de M&A especializada en el sector agroalimentario"},{"@type":"BreadcrumbList","@id":"https:\/\/www.taeeuropa.eu\/servicios\/asesoramiento-corporativo\/#breadcrumb","itemListElement":[{"@type":"ListItem","position":1,"name":"Portada","item":"https:\/\/www.taeeuropa.eu\/"},{"@type":"ListItem","position":2,"name":"Servicios","item":"https:\/\/www.taeeuropa.eu\/servicios\/"},{"@type":"ListItem","position":3,"name":"Asesoramiento corporativo"}]},{"@type":"WebSite","@id":"https:\/\/www.taeeuropa.eu\/#website","url":"https:\/\/www.taeeuropa.eu\/","name":"TAE Europa","description":"Fusiones y Adquisiciones | Sector agroalimentario","publisher":{"@id":"https:\/\/www.taeeuropa.eu\/#organization"},"potentialAction":[{"@type":"SearchAction","target":{"@type":"EntryPoint","urlTemplate":"https:\/\/www.taeeuropa.eu\/?s={search_term_string}"},"query-input":{"@type":"PropertyValueSpecification","valueRequired":true,"valueName":"search_term_string"}}],"inLanguage":"pt-PT"},{"@type":"Organization","@id":"https:\/\/www.taeeuropa.eu\/#organization","name":"TAE Europa","url":"https:\/\/www.taeeuropa.eu\/","logo":{"@type":"ImageObject","inLanguage":"pt-PT","@id":"https:\/\/www.taeeuropa.eu\/#\/schema\/logo\/image\/","url":"https:\/\/www.taeeuropa.eu\/wp-content\/uploads\/Logo-fondo-blanco-1.jpg","contentUrl":"https:\/\/www.taeeuropa.eu\/wp-content\/uploads\/Logo-fondo-blanco-1.jpg","width":460,"height":460,"caption":"TAE Europa"},"image":{"@id":"https:\/\/www.taeeuropa.eu\/#\/schema\/logo\/image\/"},"sameAs":["https:\/\/www.linkedin.com\/company\/taeeuropa\/"]}]}},"_links":{"self":[{"href":"https:\/\/www.taeeuropa.eu\/pt\/wp-json\/wp\/v2\/pages\/767","targetHints":{"allow":["GET"]}}],"collection":[{"href":"https:\/\/www.taeeuropa.eu\/pt\/wp-json\/wp\/v2\/pages"}],"about":[{"href":"https:\/\/www.taeeuropa.eu\/pt\/wp-json\/wp\/v2\/types\/page"}],"author":[{"embeddable":true,"href":"https:\/\/www.taeeuropa.eu\/pt\/wp-json\/wp\/v2\/users\/3"}],"replies":[{"embeddable":true,"href":"https:\/\/www.taeeuropa.eu\/pt\/wp-json\/wp\/v2\/comments?post=767"}],"version-history":[{"count":293,"href":"https:\/\/www.taeeuropa.eu\/pt\/wp-json\/wp\/v2\/pages\/767\/revisions"}],"predecessor-version":[{"id":8407,"href":"https:\/\/www.taeeuropa.eu\/pt\/wp-json\/wp\/v2\/pages\/767\/revisions\/8407"}],"up":[{"embeddable":true,"href":"https:\/\/www.taeeuropa.eu\/pt\/wp-json\/wp\/v2\/pages\/464"}],"wp:featuredmedia":[{"embeddable":true,"href":"https:\/\/www.taeeuropa.eu\/pt\/wp-json\/wp\/v2\/media\/548"}],"wp:attachment":[{"href":"https:\/\/www.taeeuropa.eu\/pt\/wp-json\/wp\/v2\/media?parent=767"}],"curies":[{"name":"wp","href":"https:\/\/api.w.org\/{rel}","templated":true}]}}