{"id":7761,"date":"2024-03-15T13:08:59","date_gmt":"2024-03-15T12:08:59","guid":{"rendered":"https:\/\/www.taeeuropa.eu\/?post_type=product&#038;p=7761"},"modified":"2024-07-16T13:39:41","modified_gmt":"2024-07-16T11:39:41","slug":"platos-preparados-mexicanos","status":"publish","type":"product","link":"https:\/\/www.taeeuropa.eu\/pt\/produto\/platos-preparados-mexicanos\/","title":{"rendered":"Refei\u00e7\u00f5es prontas mexicanas"},"content":{"rendered":"<p>Empresa dedicada ao fabrico e comercializa\u00e7\u00e3o de refei\u00e7\u00f5es prontas congeladas e refrigeradas mexicanas.<\/p>\n<ul>\n<li>Vasta e variada gama de produtos, com mais de 60 refer\u00eancias<\/li>\n<li>A sua presen\u00e7a estende-se a mais de 20 pa\u00edses<\/li>\n<li>Tem um terreno de +10.300m\u00b2 e um armaz\u00e9m pr\u00f3prio de 1.700m\u00b2.<\/li>\n<\/ul>","protected":false},"excerpt":{"rendered":"<p>Empresa dedicada ao fabrico e comercializa\u00e7\u00e3o de refei\u00e7\u00f5es prontas congeladas e refrigeradas mexicanas. Vasta e variada gama de produtos, com mais de 60 refer\u00eancias A sua presen\u00e7a estende-se a mais de 20 pa\u00edses Disp\u00f5e de um terreno de +10.300m\u00b2 e de um armaz\u00e9m pr\u00f3prio de 1.700 m\u00b2.<\/p>","protected":false},"featured_media":7764,"template":"","meta":{"om_disable_all_campaigns":false,"_monsterinsights_skip_tracking":false,"_monsterinsights_sitenote_active":false,"_monsterinsights_sitenote_note":"","_monsterinsights_sitenote_category":0,"neve_meta_sidebar":"","neve_meta_container":"","neve_meta_enable_content_width":"off","neve_meta_content_width":100,"neve_meta_title_alignment":"","neve_meta_author_avatar":"","neve_post_elements_order":"","neve_meta_disable_header":"","neve_meta_disable_footer":"","neve_meta_disable_title":""},"product_brand":[],"product_cat":[84,32,48,41,71],"product_tag":[],"class_list":{"0":"post-7761","1":"product","2":"type-product","3":"status-publish","4":"has-post-thumbnail","6":"product_cat-congelados","7":"product_cat-empresas-en-venta","8":"product_cat-entre-1me-y-3me","9":"product_cat-espana","10":"product_cat-soluciones-refrigeradas","12":"first","13":"instock","14":"shipping-taxable","15":"product-type-simple"},"yoast_head":"<!-- This site is optimized with the Yoast SEO plugin v27.4 - https:\/\/yoast.com\/product\/yoast-seo-wordpress\/ -->\n<title>Platos preparados mexicanos | TAE Europa<\/title>\n<meta name=\"description\" content=\"Empresa dedicada a la fabricaci\u00f3n y comercializaci\u00f3n de platos preparados congelados y refrigerados mexicanos. Cuentan con dos marcas propias.\" \/>\n<meta name=\"robots\" content=\"index, follow, max-snippet:-1, max-image-preview:large, max-video-preview:-1\" \/>\n<link rel=\"canonical\" href=\"http:\/\/www.taeeuropa.eu\/pt\/product\/platos-preparados-mexicanos\/\" \/>\n<meta property=\"og:locale\" content=\"pt_PT\" \/>\n<meta property=\"og:type\" content=\"article\" \/>\n<meta property=\"og:title\" content=\"Platos preparados mexicanos | TAE Europa\" \/>\n<meta property=\"og:description\" content=\"Empresa dedicada a la fabricaci\u00f3n y comercializaci\u00f3n de platos preparados congelados y refrigerados mexicanos. Cuentan con dos marcas propias.\" \/>\n<meta property=\"og:url\" content=\"http:\/\/www.taeeuropa.eu\/pt\/product\/platos-preparados-mexicanos\/\" \/>\n<meta property=\"og:site_name\" content=\"TAE Europa\" \/>\n<meta property=\"article:modified_time\" content=\"2024-07-16T11:39:41+00:00\" \/>\n<meta property=\"og:image\" content=\"https:\/\/www.taeeuropa.eu\/wp-content\/uploads\/mexi-1.jpg\" \/>\n\t<meta property=\"og:image:width\" content=\"858\" \/>\n\t<meta property=\"og:image:height\" content=\"794\" \/>\n\t<meta property=\"og:image:type\" content=\"image\/jpeg\" \/>\n<meta name=\"twitter:card\" content=\"summary_large_image\" \/>\n<meta name=\"twitter:label1\" content=\"Tempo estimado de leitura\" \/>\n\t<meta name=\"twitter:data1\" content=\"1 minuto\" \/>\n<script type=\"application\/ld+json\" class=\"yoast-schema-graph\">{\"@context\":\"https:\\\/\\\/schema.org\",\"@graph\":[{\"@type\":\"WebPage\",\"@id\":\"http:\\\/\\\/www.taeeuropa.eu\\\/en\\\/product\\\/platos-preparados-mexicanos\\\/\",\"url\":\"http:\\\/\\\/www.taeeuropa.eu\\\/en\\\/product\\\/platos-preparados-mexicanos\\\/\",\"name\":\"Platos preparados mexicanos | TAE Europa\",\"isPartOf\":{\"@id\":\"https:\\\/\\\/www.taeeuropa.eu\\\/#website\"},\"primaryImageOfPage\":{\"@id\":\"http:\\\/\\\/www.taeeuropa.eu\\\/en\\\/product\\\/platos-preparados-mexicanos\\\/#primaryimage\"},\"image\":{\"@id\":\"http:\\\/\\\/www.taeeuropa.eu\\\/en\\\/product\\\/platos-preparados-mexicanos\\\/#primaryimage\"},\"thumbnailUrl\":\"https:\\\/\\\/www.taeeuropa.eu\\\/wp-content\\\/uploads\\\/mexi-1.jpg\",\"datePublished\":\"2024-03-15T12:08:59+00:00\",\"dateModified\":\"2024-07-16T11:39:41+00:00\",\"description\":\"Empresa dedicada a la fabricaci\u00f3n y comercializaci\u00f3n de platos preparados congelados y refrigerados mexicanos. Cuentan con dos marcas propias.\",\"breadcrumb\":{\"@id\":\"http:\\\/\\\/www.taeeuropa.eu\\\/en\\\/product\\\/platos-preparados-mexicanos\\\/#breadcrumb\"},\"inLanguage\":\"pt-PT\",\"potentialAction\":[{\"@type\":\"ReadAction\",\"target\":[\"http:\\\/\\\/www.taeeuropa.eu\\\/en\\\/product\\\/platos-preparados-mexicanos\\\/\"]}]},{\"@type\":\"ImageObject\",\"inLanguage\":\"pt-PT\",\"@id\":\"http:\\\/\\\/www.taeeuropa.eu\\\/en\\\/product\\\/platos-preparados-mexicanos\\\/#primaryimage\",\"url\":\"https:\\\/\\\/www.taeeuropa.eu\\\/wp-content\\\/uploads\\\/mexi-1.jpg\",\"contentUrl\":\"https:\\\/\\\/www.taeeuropa.eu\\\/wp-content\\\/uploads\\\/mexi-1.jpg\",\"width\":858,\"height\":794,\"caption\":\"Imagen de una empresa en venta especializada en la fabricaci\u00f3n y comercializaci\u00f3n de platos preparados mexicanos, tanto congelados como refrigerados.\"},{\"@type\":\"BreadcrumbList\",\"@id\":\"http:\\\/\\\/www.taeeuropa.eu\\\/en\\\/product\\\/platos-preparados-mexicanos\\\/#breadcrumb\",\"itemListElement\":[{\"@type\":\"ListItem\",\"position\":1,\"name\":\"Portada\",\"item\":\"https:\\\/\\\/www.taeeuropa.eu\\\/\"},{\"@type\":\"ListItem\",\"position\":2,\"name\":\"Tienda\",\"item\":\"https:\\\/\\\/www.taeeuropa.eu\\\/pt\\\/tienda\\\/\"},{\"@type\":\"ListItem\",\"position\":3,\"name\":\"Platos preparados mexicanos\"}]},{\"@type\":\"WebSite\",\"@id\":\"https:\\\/\\\/www.taeeuropa.eu\\\/#website\",\"url\":\"https:\\\/\\\/www.taeeuropa.eu\\\/\",\"name\":\"TAE Europa\",\"description\":\"Fusiones y Adquisiciones | Sector agroalimentario\",\"publisher\":{\"@id\":\"https:\\\/\\\/www.taeeuropa.eu\\\/#organization\"},\"potentialAction\":[{\"@type\":\"SearchAction\",\"target\":{\"@type\":\"EntryPoint\",\"urlTemplate\":\"https:\\\/\\\/www.taeeuropa.eu\\\/?s={search_term_string}\"},\"query-input\":{\"@type\":\"PropertyValueSpecification\",\"valueRequired\":true,\"valueName\":\"search_term_string\"}}],\"inLanguage\":\"pt-PT\"},{\"@type\":\"Organization\",\"@id\":\"https:\\\/\\\/www.taeeuropa.eu\\\/#organization\",\"name\":\"TAE Europa\",\"url\":\"https:\\\/\\\/www.taeeuropa.eu\\\/\",\"logo\":{\"@type\":\"ImageObject\",\"inLanguage\":\"pt-PT\",\"@id\":\"https:\\\/\\\/www.taeeuropa.eu\\\/#\\\/schema\\\/logo\\\/image\\\/\",\"url\":\"https:\\\/\\\/www.taeeuropa.eu\\\/wp-content\\\/uploads\\\/Logo-fondo-blanco-1.jpg\",\"contentUrl\":\"https:\\\/\\\/www.taeeuropa.eu\\\/wp-content\\\/uploads\\\/Logo-fondo-blanco-1.jpg\",\"width\":460,\"height\":460,\"caption\":\"TAE Europa\"},\"image\":{\"@id\":\"https:\\\/\\\/www.taeeuropa.eu\\\/#\\\/schema\\\/logo\\\/image\\\/\"},\"sameAs\":[\"https:\\\/\\\/www.linkedin.com\\\/company\\\/taeeuropa\\\/\"]}]}<\/script>\n<!-- \/ Yoast SEO plugin. -->","yoast_head_json":{"title":"Platos preparados mexicanos | TAE Europa","description":"Empresa dedicada a la fabricaci\u00f3n y comercializaci\u00f3n de platos preparados congelados y refrigerados mexicanos. Cuentan con dos marcas propias.","robots":{"index":"index","follow":"follow","max-snippet":"max-snippet:-1","max-image-preview":"max-image-preview:large","max-video-preview":"max-video-preview:-1"},"canonical":"http:\/\/www.taeeuropa.eu\/pt\/product\/platos-preparados-mexicanos\/","og_locale":"pt_PT","og_type":"article","og_title":"Platos preparados mexicanos | TAE Europa","og_description":"Empresa dedicada a la fabricaci\u00f3n y comercializaci\u00f3n de platos preparados congelados y refrigerados mexicanos. Cuentan con dos marcas propias.","og_url":"http:\/\/www.taeeuropa.eu\/pt\/product\/platos-preparados-mexicanos\/","og_site_name":"TAE Europa","article_modified_time":"2024-07-16T11:39:41+00:00","og_image":[{"width":858,"height":794,"url":"https:\/\/www.taeeuropa.eu\/wp-content\/uploads\/mexi-1.jpg","type":"image\/jpeg"}],"twitter_card":"summary_large_image","twitter_misc":{"Tempo estimado de leitura":"1 minuto"},"schema":{"@context":"https:\/\/schema.org","@graph":[{"@type":"WebPage","@id":"http:\/\/www.taeeuropa.eu\/en\/product\/platos-preparados-mexicanos\/","url":"http:\/\/www.taeeuropa.eu\/en\/product\/platos-preparados-mexicanos\/","name":"Platos preparados mexicanos | TAE Europa","isPartOf":{"@id":"https:\/\/www.taeeuropa.eu\/#website"},"primaryImageOfPage":{"@id":"http:\/\/www.taeeuropa.eu\/en\/product\/platos-preparados-mexicanos\/#primaryimage"},"image":{"@id":"http:\/\/www.taeeuropa.eu\/en\/product\/platos-preparados-mexicanos\/#primaryimage"},"thumbnailUrl":"https:\/\/www.taeeuropa.eu\/wp-content\/uploads\/mexi-1.jpg","datePublished":"2024-03-15T12:08:59+00:00","dateModified":"2024-07-16T11:39:41+00:00","description":"Empresa dedicada a la fabricaci\u00f3n y comercializaci\u00f3n de platos preparados congelados y refrigerados mexicanos. Cuentan con dos marcas propias.","breadcrumb":{"@id":"http:\/\/www.taeeuropa.eu\/en\/product\/platos-preparados-mexicanos\/#breadcrumb"},"inLanguage":"pt-PT","potentialAction":[{"@type":"ReadAction","target":["http:\/\/www.taeeuropa.eu\/en\/product\/platos-preparados-mexicanos\/"]}]},{"@type":"ImageObject","inLanguage":"pt-PT","@id":"http:\/\/www.taeeuropa.eu\/en\/product\/platos-preparados-mexicanos\/#primaryimage","url":"https:\/\/www.taeeuropa.eu\/wp-content\/uploads\/mexi-1.jpg","contentUrl":"https:\/\/www.taeeuropa.eu\/wp-content\/uploads\/mexi-1.jpg","width":858,"height":794,"caption":"Imagen de una empresa en venta especializada en la fabricaci\u00f3n y comercializaci\u00f3n de platos preparados mexicanos, tanto congelados como refrigerados."},{"@type":"BreadcrumbList","@id":"http:\/\/www.taeeuropa.eu\/en\/product\/platos-preparados-mexicanos\/#breadcrumb","itemListElement":[{"@type":"ListItem","position":1,"name":"Portada","item":"https:\/\/www.taeeuropa.eu\/"},{"@type":"ListItem","position":2,"name":"Tienda","item":"https:\/\/www.taeeuropa.eu\/pt\/tienda\/"},{"@type":"ListItem","position":3,"name":"Platos preparados mexicanos"}]},{"@type":"WebSite","@id":"https:\/\/www.taeeuropa.eu\/#website","url":"https:\/\/www.taeeuropa.eu\/","name":"TAE Europa","description":"Fusiones y Adquisiciones | Sector agroalimentario","publisher":{"@id":"https:\/\/www.taeeuropa.eu\/#organization"},"potentialAction":[{"@type":"SearchAction","target":{"@type":"EntryPoint","urlTemplate":"https:\/\/www.taeeuropa.eu\/?s={search_term_string}"},"query-input":{"@type":"PropertyValueSpecification","valueRequired":true,"valueName":"search_term_string"}}],"inLanguage":"pt-PT"},{"@type":"Organization","@id":"https:\/\/www.taeeuropa.eu\/#organization","name":"TAE Europa","url":"https:\/\/www.taeeuropa.eu\/","logo":{"@type":"ImageObject","inLanguage":"pt-PT","@id":"https:\/\/www.taeeuropa.eu\/#\/schema\/logo\/image\/","url":"https:\/\/www.taeeuropa.eu\/wp-content\/uploads\/Logo-fondo-blanco-1.jpg","contentUrl":"https:\/\/www.taeeuropa.eu\/wp-content\/uploads\/Logo-fondo-blanco-1.jpg","width":460,"height":460,"caption":"TAE Europa"},"image":{"@id":"https:\/\/www.taeeuropa.eu\/#\/schema\/logo\/image\/"},"sameAs":["https:\/\/www.linkedin.com\/company\/taeeuropa\/"]}]}},"_links":{"self":[{"href":"https:\/\/www.taeeuropa.eu\/pt\/wp-json\/wp\/v2\/product\/7761","targetHints":{"allow":["GET"]}}],"collection":[{"href":"https:\/\/www.taeeuropa.eu\/pt\/wp-json\/wp\/v2\/product"}],"about":[{"href":"https:\/\/www.taeeuropa.eu\/pt\/wp-json\/wp\/v2\/types\/product"}],"wp:featuredmedia":[{"embeddable":true,"href":"https:\/\/www.taeeuropa.eu\/pt\/wp-json\/wp\/v2\/media\/7764"}],"wp:attachment":[{"href":"https:\/\/www.taeeuropa.eu\/pt\/wp-json\/wp\/v2\/media?parent=7761"}],"wp:term":[{"taxonomy":"product_brand","embeddable":true,"href":"https:\/\/www.taeeuropa.eu\/pt\/wp-json\/wp\/v2\/product_brand?post=7761"},{"taxonomy":"product_cat","embeddable":true,"href":"https:\/\/www.taeeuropa.eu\/pt\/wp-json\/wp\/v2\/product_cat?post=7761"},{"taxonomy":"product_tag","embeddable":true,"href":"https:\/\/www.taeeuropa.eu\/pt\/wp-json\/wp\/v2\/product_tag?post=7761"}],"curies":[{"name":"wp","href":"https:\/\/api.w.org\/{rel}","templated":true}]}}