{"id":7776,"date":"2024-03-15T16:45:46","date_gmt":"2024-03-15T15:45:46","guid":{"rendered":"https:\/\/www.taeeuropa.eu\/?post_type=product&#038;p=7776"},"modified":"2024-07-16T13:27:45","modified_gmt":"2024-07-16T11:27:45","slug":"kombucha-ecologica","status":"publish","type":"product","link":"https:\/\/www.taeeuropa.eu\/pt\/produto\/kombucha-ecologica\/","title":{"rendered":"Kombucha org\u00e2nica"},"content":{"rendered":"","protected":false},"excerpt":{"rendered":"<p>Empresa dedicada \u00e0 produ\u00e7\u00e3o e comercializa\u00e7\u00e3o de kombucha biol\u00f3gica.<\/p>\n<ul>\n<li>A sua principal vantagem \u00e9 o facto de n\u00e3o necessitar de ser armazenado no frio. Al\u00e9m disso, tem um m\u00ednimo de a\u00e7\u00facar residual, probi\u00f3ticos naturais e \u00e1cidos org\u00e2nicos.<\/li>\n<li>Disp\u00f5e de um cat\u00e1logo com 40 refer\u00eancias em diferentes formatos, adaptando-os em fun\u00e7\u00e3o do canal de distribui\u00e7\u00e3o.<\/li>\n<li>Disp\u00f5em de instala\u00e7\u00f5es de produ\u00e7\u00e3o de 1.200m2.<\/li>\n<\/ul>","protected":false},"featured_media":7777,"template":"","meta":{"om_disable_all_campaigns":false,"_monsterinsights_skip_tracking":false,"_monsterinsights_sitenote_active":false,"_monsterinsights_sitenote_note":"","_monsterinsights_sitenote_category":0,"neve_meta_sidebar":"","neve_meta_container":"","neve_meta_enable_content_width":"off","neve_meta_content_width":100,"neve_meta_title_alignment":"","neve_meta_author_avatar":"","neve_post_elements_order":"","neve_meta_disable_header":"","neve_meta_disable_footer":"","neve_meta_disable_title":""},"product_brand":[],"product_cat":[75,32,39,41],"product_tag":[],"class_list":{"0":"post-7776","1":"product","2":"type-product","3":"status-publish","4":"has-post-thumbnail","6":"product_cat-bebidas-vegetales-tes-y-zumos","7":"product_cat-empresas-en-venta","8":"product_cat-entre-1-y-3-millones-de-euros","9":"product_cat-espana","11":"first","12":"instock","13":"shipping-taxable","14":"product-type-simple"},"yoast_head":"<!-- This site is optimized with the Yoast SEO plugin v27.4 - https:\/\/yoast.com\/product\/yoast-seo-wordpress\/ -->\n<title>Kombucha ecol\u00f3gica | TAE Europa<\/title>\n<meta name=\"description\" content=\"Empresa dedicada a la elaboraci\u00f3n y comercializaci\u00f3n de kombucha ecol\u00f3gica. Disponen de unas instalaciones productivas de 1.200m2.\" \/>\n<meta name=\"robots\" content=\"index, follow, max-snippet:-1, max-image-preview:large, max-video-preview:-1\" \/>\n<link rel=\"canonical\" href=\"https:\/\/www.taeeuropa.eu\/pt\/produto\/kombucha-ecologica\/\" \/>\n<meta property=\"og:locale\" content=\"pt_PT\" \/>\n<meta property=\"og:type\" content=\"article\" \/>\n<meta property=\"og:title\" content=\"Kombucha ecol\u00f3gica | TAE Europa\" \/>\n<meta property=\"og:description\" content=\"Empresa dedicada a la elaboraci\u00f3n y comercializaci\u00f3n de kombucha ecol\u00f3gica. Disponen de unas instalaciones productivas de 1.200m2.\" \/>\n<meta property=\"og:url\" content=\"https:\/\/www.taeeuropa.eu\/pt\/produto\/kombucha-ecologica\/\" \/>\n<meta property=\"og:site_name\" content=\"TAE Europa\" \/>\n<meta property=\"article:modified_time\" content=\"2024-07-16T11:27:45+00:00\" \/>\n<meta property=\"og:image\" content=\"https:\/\/www.taeeuropa.eu\/wp-content\/uploads\/KOMBUCHA.jpg\" \/>\n\t<meta property=\"og:image:width\" content=\"807\" \/>\n\t<meta property=\"og:image:height\" content=\"794\" \/>\n\t<meta property=\"og:image:type\" content=\"image\/jpeg\" \/>\n<meta name=\"twitter:card\" content=\"summary_large_image\" \/>\n<meta name=\"twitter:label1\" content=\"Tempo estimado de leitura\" \/>\n\t<meta name=\"twitter:data1\" content=\"1 minuto\" \/>\n<script type=\"application\/ld+json\" class=\"yoast-schema-graph\">{\"@context\":\"https:\\\/\\\/schema.org\",\"@graph\":[{\"@type\":\"WebPage\",\"@id\":\"https:\\\/\\\/www.taeeuropa.eu\\\/producto\\\/kombucha-ecologica\\\/\",\"url\":\"https:\\\/\\\/www.taeeuropa.eu\\\/producto\\\/kombucha-ecologica\\\/\",\"name\":\"Kombucha ecol\u00f3gica | TAE Europa\",\"isPartOf\":{\"@id\":\"https:\\\/\\\/www.taeeuropa.eu\\\/#website\"},\"primaryImageOfPage\":{\"@id\":\"https:\\\/\\\/www.taeeuropa.eu\\\/producto\\\/kombucha-ecologica\\\/#primaryimage\"},\"image\":{\"@id\":\"https:\\\/\\\/www.taeeuropa.eu\\\/producto\\\/kombucha-ecologica\\\/#primaryimage\"},\"thumbnailUrl\":\"https:\\\/\\\/www.taeeuropa.eu\\\/wp-content\\\/uploads\\\/KOMBUCHA.jpg\",\"datePublished\":\"2024-03-15T15:45:46+00:00\",\"dateModified\":\"2024-07-16T11:27:45+00:00\",\"description\":\"Empresa dedicada a la elaboraci\u00f3n y comercializaci\u00f3n de kombucha ecol\u00f3gica. Disponen de unas instalaciones productivas de 1.200m2.\",\"breadcrumb\":{\"@id\":\"https:\\\/\\\/www.taeeuropa.eu\\\/producto\\\/kombucha-ecologica\\\/#breadcrumb\"},\"inLanguage\":\"pt-PT\",\"potentialAction\":[{\"@type\":\"ReadAction\",\"target\":[\"https:\\\/\\\/www.taeeuropa.eu\\\/producto\\\/kombucha-ecologica\\\/\"]}]},{\"@type\":\"ImageObject\",\"inLanguage\":\"pt-PT\",\"@id\":\"https:\\\/\\\/www.taeeuropa.eu\\\/producto\\\/kombucha-ecologica\\\/#primaryimage\",\"url\":\"https:\\\/\\\/www.taeeuropa.eu\\\/wp-content\\\/uploads\\\/KOMBUCHA.jpg\",\"contentUrl\":\"https:\\\/\\\/www.taeeuropa.eu\\\/wp-content\\\/uploads\\\/KOMBUCHA.jpg\",\"width\":807,\"height\":794,\"caption\":\"Imagen de una empresa en venta especializada en la elaboraci\u00f3n y comercializaci\u00f3n de kombucha ecol\u00f3gica, mostrando productos y equipo.\"},{\"@type\":\"BreadcrumbList\",\"@id\":\"https:\\\/\\\/www.taeeuropa.eu\\\/producto\\\/kombucha-ecologica\\\/#breadcrumb\",\"itemListElement\":[{\"@type\":\"ListItem\",\"position\":1,\"name\":\"Portada\",\"item\":\"https:\\\/\\\/www.taeeuropa.eu\\\/\"},{\"@type\":\"ListItem\",\"position\":2,\"name\":\"Tienda\",\"item\":\"https:\\\/\\\/www.taeeuropa.eu\\\/pt\\\/tienda\\\/\"},{\"@type\":\"ListItem\",\"position\":3,\"name\":\"Kombucha ecol\u00f3gica\"}]},{\"@type\":\"WebSite\",\"@id\":\"https:\\\/\\\/www.taeeuropa.eu\\\/#website\",\"url\":\"https:\\\/\\\/www.taeeuropa.eu\\\/\",\"name\":\"TAE Europa\",\"description\":\"Fusiones y Adquisiciones | Sector agroalimentario\",\"publisher\":{\"@id\":\"https:\\\/\\\/www.taeeuropa.eu\\\/#organization\"},\"potentialAction\":[{\"@type\":\"SearchAction\",\"target\":{\"@type\":\"EntryPoint\",\"urlTemplate\":\"https:\\\/\\\/www.taeeuropa.eu\\\/?s={search_term_string}\"},\"query-input\":{\"@type\":\"PropertyValueSpecification\",\"valueRequired\":true,\"valueName\":\"search_term_string\"}}],\"inLanguage\":\"pt-PT\"},{\"@type\":\"Organization\",\"@id\":\"https:\\\/\\\/www.taeeuropa.eu\\\/#organization\",\"name\":\"TAE Europa\",\"url\":\"https:\\\/\\\/www.taeeuropa.eu\\\/\",\"logo\":{\"@type\":\"ImageObject\",\"inLanguage\":\"pt-PT\",\"@id\":\"https:\\\/\\\/www.taeeuropa.eu\\\/#\\\/schema\\\/logo\\\/image\\\/\",\"url\":\"https:\\\/\\\/www.taeeuropa.eu\\\/wp-content\\\/uploads\\\/Logo-fondo-blanco-1.jpg\",\"contentUrl\":\"https:\\\/\\\/www.taeeuropa.eu\\\/wp-content\\\/uploads\\\/Logo-fondo-blanco-1.jpg\",\"width\":460,\"height\":460,\"caption\":\"TAE Europa\"},\"image\":{\"@id\":\"https:\\\/\\\/www.taeeuropa.eu\\\/#\\\/schema\\\/logo\\\/image\\\/\"},\"sameAs\":[\"https:\\\/\\\/www.linkedin.com\\\/company\\\/taeeuropa\\\/\"]}]}<\/script>\n<!-- \/ Yoast SEO plugin. -->","yoast_head_json":{"title":"Kombucha ecol\u00f3gica | TAE Europa","description":"Empresa dedicada a la elaboraci\u00f3n y comercializaci\u00f3n de kombucha ecol\u00f3gica. Disponen de unas instalaciones productivas de 1.200m2.","robots":{"index":"index","follow":"follow","max-snippet":"max-snippet:-1","max-image-preview":"max-image-preview:large","max-video-preview":"max-video-preview:-1"},"canonical":"https:\/\/www.taeeuropa.eu\/pt\/produto\/kombucha-ecologica\/","og_locale":"pt_PT","og_type":"article","og_title":"Kombucha ecol\u00f3gica | TAE Europa","og_description":"Empresa dedicada a la elaboraci\u00f3n y comercializaci\u00f3n de kombucha ecol\u00f3gica. Disponen de unas instalaciones productivas de 1.200m2.","og_url":"https:\/\/www.taeeuropa.eu\/pt\/produto\/kombucha-ecologica\/","og_site_name":"TAE Europa","article_modified_time":"2024-07-16T11:27:45+00:00","og_image":[{"width":807,"height":794,"url":"https:\/\/www.taeeuropa.eu\/wp-content\/uploads\/KOMBUCHA.jpg","type":"image\/jpeg"}],"twitter_card":"summary_large_image","twitter_misc":{"Tempo estimado de leitura":"1 minuto"},"schema":{"@context":"https:\/\/schema.org","@graph":[{"@type":"WebPage","@id":"https:\/\/www.taeeuropa.eu\/producto\/kombucha-ecologica\/","url":"https:\/\/www.taeeuropa.eu\/producto\/kombucha-ecologica\/","name":"Kombucha ecol\u00f3gica | TAE Europa","isPartOf":{"@id":"https:\/\/www.taeeuropa.eu\/#website"},"primaryImageOfPage":{"@id":"https:\/\/www.taeeuropa.eu\/producto\/kombucha-ecologica\/#primaryimage"},"image":{"@id":"https:\/\/www.taeeuropa.eu\/producto\/kombucha-ecologica\/#primaryimage"},"thumbnailUrl":"https:\/\/www.taeeuropa.eu\/wp-content\/uploads\/KOMBUCHA.jpg","datePublished":"2024-03-15T15:45:46+00:00","dateModified":"2024-07-16T11:27:45+00:00","description":"Empresa dedicada a la elaboraci\u00f3n y comercializaci\u00f3n de kombucha ecol\u00f3gica. Disponen de unas instalaciones productivas de 1.200m2.","breadcrumb":{"@id":"https:\/\/www.taeeuropa.eu\/producto\/kombucha-ecologica\/#breadcrumb"},"inLanguage":"pt-PT","potentialAction":[{"@type":"ReadAction","target":["https:\/\/www.taeeuropa.eu\/producto\/kombucha-ecologica\/"]}]},{"@type":"ImageObject","inLanguage":"pt-PT","@id":"https:\/\/www.taeeuropa.eu\/producto\/kombucha-ecologica\/#primaryimage","url":"https:\/\/www.taeeuropa.eu\/wp-content\/uploads\/KOMBUCHA.jpg","contentUrl":"https:\/\/www.taeeuropa.eu\/wp-content\/uploads\/KOMBUCHA.jpg","width":807,"height":794,"caption":"Imagen de una empresa en venta especializada en la elaboraci\u00f3n y comercializaci\u00f3n de kombucha ecol\u00f3gica, mostrando productos y equipo."},{"@type":"BreadcrumbList","@id":"https:\/\/www.taeeuropa.eu\/producto\/kombucha-ecologica\/#breadcrumb","itemListElement":[{"@type":"ListItem","position":1,"name":"Portada","item":"https:\/\/www.taeeuropa.eu\/"},{"@type":"ListItem","position":2,"name":"Tienda","item":"https:\/\/www.taeeuropa.eu\/pt\/tienda\/"},{"@type":"ListItem","position":3,"name":"Kombucha ecol\u00f3gica"}]},{"@type":"WebSite","@id":"https:\/\/www.taeeuropa.eu\/#website","url":"https:\/\/www.taeeuropa.eu\/","name":"TAE Europa","description":"Fusiones y Adquisiciones | Sector agroalimentario","publisher":{"@id":"https:\/\/www.taeeuropa.eu\/#organization"},"potentialAction":[{"@type":"SearchAction","target":{"@type":"EntryPoint","urlTemplate":"https:\/\/www.taeeuropa.eu\/?s={search_term_string}"},"query-input":{"@type":"PropertyValueSpecification","valueRequired":true,"valueName":"search_term_string"}}],"inLanguage":"pt-PT"},{"@type":"Organization","@id":"https:\/\/www.taeeuropa.eu\/#organization","name":"TAE Europa","url":"https:\/\/www.taeeuropa.eu\/","logo":{"@type":"ImageObject","inLanguage":"pt-PT","@id":"https:\/\/www.taeeuropa.eu\/#\/schema\/logo\/image\/","url":"https:\/\/www.taeeuropa.eu\/wp-content\/uploads\/Logo-fondo-blanco-1.jpg","contentUrl":"https:\/\/www.taeeuropa.eu\/wp-content\/uploads\/Logo-fondo-blanco-1.jpg","width":460,"height":460,"caption":"TAE Europa"},"image":{"@id":"https:\/\/www.taeeuropa.eu\/#\/schema\/logo\/image\/"},"sameAs":["https:\/\/www.linkedin.com\/company\/taeeuropa\/"]}]}},"_links":{"self":[{"href":"https:\/\/www.taeeuropa.eu\/pt\/wp-json\/wp\/v2\/product\/7776","targetHints":{"allow":["GET"]}}],"collection":[{"href":"https:\/\/www.taeeuropa.eu\/pt\/wp-json\/wp\/v2\/product"}],"about":[{"href":"https:\/\/www.taeeuropa.eu\/pt\/wp-json\/wp\/v2\/types\/product"}],"wp:featuredmedia":[{"embeddable":true,"href":"https:\/\/www.taeeuropa.eu\/pt\/wp-json\/wp\/v2\/media\/7777"}],"wp:attachment":[{"href":"https:\/\/www.taeeuropa.eu\/pt\/wp-json\/wp\/v2\/media?parent=7776"}],"wp:term":[{"taxonomy":"product_brand","embeddable":true,"href":"https:\/\/www.taeeuropa.eu\/pt\/wp-json\/wp\/v2\/product_brand?post=7776"},{"taxonomy":"product_cat","embeddable":true,"href":"https:\/\/www.taeeuropa.eu\/pt\/wp-json\/wp\/v2\/product_cat?post=7776"},{"taxonomy":"product_tag","embeddable":true,"href":"https:\/\/www.taeeuropa.eu\/pt\/wp-json\/wp\/v2\/product_tag?post=7776"}],"curies":[{"name":"wp","href":"https:\/\/api.w.org\/{rel}","templated":true}]}}