{"id":8031,"date":"2024-10-07T15:24:18","date_gmt":"2024-10-07T13:24:18","guid":{"rendered":"https:\/\/www.taeeuropa.eu\/?post_type=product&#038;p=8031"},"modified":"2024-10-07T17:20:06","modified_gmt":"2024-10-07T15:20:06","slug":"untables-y-dips","status":"publish","type":"product","link":"https:\/\/www.taeeuropa.eu\/pt\/produto\/untables-y-dips\/","title":{"rendered":"Pastas e molhos"},"content":{"rendered":"<p>Empresa familiar dedicada \u00e0 produ\u00e7\u00e3o de todos os tipos de pastas e molhos.<\/p>\n<ul>\n<li>Disp\u00f5e de 5 linhas de produ\u00e7\u00e3o e 7 linhas de embalagem.<\/li>\n<li>Os seus principais canais de venda s\u00e3o a HORECA e a produ\u00e7\u00e3o para terceiros, a n\u00edvel nacional.<\/li>\n<\/ul>\n<p>&nbsp;<\/p>","protected":false},"excerpt":{"rendered":"<p>Empresa familiar dedicada a la elaboraci\u00f3n de todo tipo de untables y dips. Cuenta con 5 l\u00edneas de producci\u00f3n y 7 l\u00edneas de envasado. Sus canales de venta principales son HORECA y fabricaci\u00f3n para terceros, a nivel nacional. &nbsp;<\/p>","protected":false},"featured_media":8033,"template":"","meta":{"om_disable_all_campaigns":false,"_monsterinsights_skip_tracking":false,"_monsterinsights_sitenote_active":false,"_monsterinsights_sitenote_note":"","_monsterinsights_sitenote_category":0,"neve_meta_sidebar":"","neve_meta_container":"","neve_meta_enable_content_width":"off","neve_meta_content_width":100,"neve_meta_title_alignment":"","neve_meta_author_avatar":"","neve_post_elements_order":"","neve_meta_disable_header":"","neve_meta_disable_footer":"","neve_meta_disable_title":""},"product_brand":[],"product_cat":[32,72,41,105],"product_tag":[],"class_list":{"0":"post-8031","1":"product","2":"type-product","3":"status-publish","4":"has-post-thumbnail","6":"product_cat-empresas-en-venta","7":"product_cat-entre-3me-y-5me","8":"product_cat-espana","9":"product_cat-untables","11":"first","12":"instock","13":"shipping-taxable","14":"product-type-simple"},"yoast_head":"<!-- This site is optimized with the Yoast SEO plugin v27.4 - https:\/\/yoast.com\/product\/yoast-seo-wordpress\/ -->\n<title>Untables y dips | TAE Europa<\/title>\n<meta name=\"description\" content=\"Empresa familiar dedicada a la elaboraci\u00f3n de todo tipo de untables y dips. Cuenta con 5 l\u00edneas de producci\u00f3n y 7 l\u00edneas de envasado.\" \/>\n<meta name=\"robots\" content=\"index, follow, max-snippet:-1, max-image-preview:large, max-video-preview:-1\" \/>\n<link rel=\"canonical\" href=\"https:\/\/www.taeeuropa.eu\/pt\/produto\/untables-y-dips\/\" \/>\n<meta property=\"og:locale\" content=\"pt_PT\" \/>\n<meta property=\"og:type\" content=\"article\" \/>\n<meta property=\"og:title\" content=\"Untables y dips | TAE Europa\" \/>\n<meta property=\"og:description\" content=\"Empresa familiar dedicada a la elaboraci\u00f3n de todo tipo de untables y dips. Cuenta con 5 l\u00edneas de producci\u00f3n y 7 l\u00edneas de envasado.\" \/>\n<meta property=\"og:url\" content=\"https:\/\/www.taeeuropa.eu\/pt\/produto\/untables-y-dips\/\" \/>\n<meta property=\"og:site_name\" content=\"TAE Europa\" \/>\n<meta property=\"article:modified_time\" content=\"2024-10-07T15:20:06+00:00\" \/>\n<meta property=\"og:image\" content=\"https:\/\/www.taeeuropa.eu\/wp-content\/uploads\/pateee.jpg\" \/>\n\t<meta property=\"og:image:width\" content=\"740\" \/>\n\t<meta property=\"og:image:height\" content=\"805\" \/>\n\t<meta property=\"og:image:type\" content=\"image\/jpeg\" \/>\n<meta name=\"twitter:card\" content=\"summary_large_image\" \/>\n<meta name=\"twitter:label1\" content=\"Tempo estimado de leitura\" \/>\n\t<meta name=\"twitter:data1\" content=\"1 minuto\" \/>\n<script type=\"application\/ld+json\" class=\"yoast-schema-graph\">{\"@context\":\"https:\\\/\\\/schema.org\",\"@graph\":[{\"@type\":\"WebPage\",\"@id\":\"https:\\\/\\\/www.taeeuropa.eu\\\/producto\\\/untables-y-dips\\\/\",\"url\":\"https:\\\/\\\/www.taeeuropa.eu\\\/producto\\\/untables-y-dips\\\/\",\"name\":\"Untables y dips | TAE Europa\",\"isPartOf\":{\"@id\":\"https:\\\/\\\/www.taeeuropa.eu\\\/#website\"},\"primaryImageOfPage\":{\"@id\":\"https:\\\/\\\/www.taeeuropa.eu\\\/producto\\\/untables-y-dips\\\/#primaryimage\"},\"image\":{\"@id\":\"https:\\\/\\\/www.taeeuropa.eu\\\/producto\\\/untables-y-dips\\\/#primaryimage\"},\"thumbnailUrl\":\"https:\\\/\\\/www.taeeuropa.eu\\\/wp-content\\\/uploads\\\/pateee.jpg\",\"datePublished\":\"2024-10-07T13:24:18+00:00\",\"dateModified\":\"2024-10-07T15:20:06+00:00\",\"description\":\"Empresa familiar dedicada a la elaboraci\u00f3n de todo tipo de untables y dips. Cuenta con 5 l\u00edneas de producci\u00f3n y 7 l\u00edneas de envasado.\",\"breadcrumb\":{\"@id\":\"https:\\\/\\\/www.taeeuropa.eu\\\/producto\\\/untables-y-dips\\\/#breadcrumb\"},\"inLanguage\":\"pt-PT\",\"potentialAction\":[{\"@type\":\"ReadAction\",\"target\":[\"https:\\\/\\\/www.taeeuropa.eu\\\/producto\\\/untables-y-dips\\\/\"]}]},{\"@type\":\"ImageObject\",\"inLanguage\":\"pt-PT\",\"@id\":\"https:\\\/\\\/www.taeeuropa.eu\\\/producto\\\/untables-y-dips\\\/#primaryimage\",\"url\":\"https:\\\/\\\/www.taeeuropa.eu\\\/wp-content\\\/uploads\\\/pateee.jpg\",\"contentUrl\":\"https:\\\/\\\/www.taeeuropa.eu\\\/wp-content\\\/uploads\\\/pateee.jpg\",\"width\":740,\"height\":805,\"caption\":\"Imagen de una empresa en venta dedicada a la producci\u00f3n con l\u00edneas de envasado de untables y dips, enfocada en el canal HORECA y fabricaci\u00f3n para terceros.\"},{\"@type\":\"BreadcrumbList\",\"@id\":\"https:\\\/\\\/www.taeeuropa.eu\\\/producto\\\/untables-y-dips\\\/#breadcrumb\",\"itemListElement\":[{\"@type\":\"ListItem\",\"position\":1,\"name\":\"Portada\",\"item\":\"https:\\\/\\\/www.taeeuropa.eu\\\/\"},{\"@type\":\"ListItem\",\"position\":2,\"name\":\"Tienda\",\"item\":\"https:\\\/\\\/www.taeeuropa.eu\\\/pt\\\/tienda\\\/\"},{\"@type\":\"ListItem\",\"position\":3,\"name\":\"Untables y dips\"}]},{\"@type\":\"WebSite\",\"@id\":\"https:\\\/\\\/www.taeeuropa.eu\\\/#website\",\"url\":\"https:\\\/\\\/www.taeeuropa.eu\\\/\",\"name\":\"TAE Europa\",\"description\":\"Fusiones y Adquisiciones | Sector agroalimentario\",\"publisher\":{\"@id\":\"https:\\\/\\\/www.taeeuropa.eu\\\/#organization\"},\"potentialAction\":[{\"@type\":\"SearchAction\",\"target\":{\"@type\":\"EntryPoint\",\"urlTemplate\":\"https:\\\/\\\/www.taeeuropa.eu\\\/?s={search_term_string}\"},\"query-input\":{\"@type\":\"PropertyValueSpecification\",\"valueRequired\":true,\"valueName\":\"search_term_string\"}}],\"inLanguage\":\"pt-PT\"},{\"@type\":\"Organization\",\"@id\":\"https:\\\/\\\/www.taeeuropa.eu\\\/#organization\",\"name\":\"TAE Europa\",\"url\":\"https:\\\/\\\/www.taeeuropa.eu\\\/\",\"logo\":{\"@type\":\"ImageObject\",\"inLanguage\":\"pt-PT\",\"@id\":\"https:\\\/\\\/www.taeeuropa.eu\\\/#\\\/schema\\\/logo\\\/image\\\/\",\"url\":\"https:\\\/\\\/www.taeeuropa.eu\\\/wp-content\\\/uploads\\\/Logo-fondo-blanco-1.jpg\",\"contentUrl\":\"https:\\\/\\\/www.taeeuropa.eu\\\/wp-content\\\/uploads\\\/Logo-fondo-blanco-1.jpg\",\"width\":460,\"height\":460,\"caption\":\"TAE Europa\"},\"image\":{\"@id\":\"https:\\\/\\\/www.taeeuropa.eu\\\/#\\\/schema\\\/logo\\\/image\\\/\"},\"sameAs\":[\"https:\\\/\\\/www.linkedin.com\\\/company\\\/taeeuropa\\\/\"]}]}<\/script>\n<!-- \/ Yoast SEO plugin. -->","yoast_head_json":{"title":"Untables y dips | TAE Europa","description":"Empresa familiar dedicada a la elaboraci\u00f3n de todo tipo de untables y dips. Cuenta con 5 l\u00edneas de producci\u00f3n y 7 l\u00edneas de envasado.","robots":{"index":"index","follow":"follow","max-snippet":"max-snippet:-1","max-image-preview":"max-image-preview:large","max-video-preview":"max-video-preview:-1"},"canonical":"https:\/\/www.taeeuropa.eu\/pt\/produto\/untables-y-dips\/","og_locale":"pt_PT","og_type":"article","og_title":"Untables y dips | TAE Europa","og_description":"Empresa familiar dedicada a la elaboraci\u00f3n de todo tipo de untables y dips. Cuenta con 5 l\u00edneas de producci\u00f3n y 7 l\u00edneas de envasado.","og_url":"https:\/\/www.taeeuropa.eu\/pt\/produto\/untables-y-dips\/","og_site_name":"TAE Europa","article_modified_time":"2024-10-07T15:20:06+00:00","og_image":[{"width":740,"height":805,"url":"https:\/\/www.taeeuropa.eu\/wp-content\/uploads\/pateee.jpg","type":"image\/jpeg"}],"twitter_card":"summary_large_image","twitter_misc":{"Tempo estimado de leitura":"1 minuto"},"schema":{"@context":"https:\/\/schema.org","@graph":[{"@type":"WebPage","@id":"https:\/\/www.taeeuropa.eu\/producto\/untables-y-dips\/","url":"https:\/\/www.taeeuropa.eu\/producto\/untables-y-dips\/","name":"Untables y dips | TAE Europa","isPartOf":{"@id":"https:\/\/www.taeeuropa.eu\/#website"},"primaryImageOfPage":{"@id":"https:\/\/www.taeeuropa.eu\/producto\/untables-y-dips\/#primaryimage"},"image":{"@id":"https:\/\/www.taeeuropa.eu\/producto\/untables-y-dips\/#primaryimage"},"thumbnailUrl":"https:\/\/www.taeeuropa.eu\/wp-content\/uploads\/pateee.jpg","datePublished":"2024-10-07T13:24:18+00:00","dateModified":"2024-10-07T15:20:06+00:00","description":"Empresa familiar dedicada a la elaboraci\u00f3n de todo tipo de untables y dips. Cuenta con 5 l\u00edneas de producci\u00f3n y 7 l\u00edneas de envasado.","breadcrumb":{"@id":"https:\/\/www.taeeuropa.eu\/producto\/untables-y-dips\/#breadcrumb"},"inLanguage":"pt-PT","potentialAction":[{"@type":"ReadAction","target":["https:\/\/www.taeeuropa.eu\/producto\/untables-y-dips\/"]}]},{"@type":"ImageObject","inLanguage":"pt-PT","@id":"https:\/\/www.taeeuropa.eu\/producto\/untables-y-dips\/#primaryimage","url":"https:\/\/www.taeeuropa.eu\/wp-content\/uploads\/pateee.jpg","contentUrl":"https:\/\/www.taeeuropa.eu\/wp-content\/uploads\/pateee.jpg","width":740,"height":805,"caption":"Imagen de una empresa en venta dedicada a la producci\u00f3n con l\u00edneas de envasado de untables y dips, enfocada en el canal HORECA y fabricaci\u00f3n para terceros."},{"@type":"BreadcrumbList","@id":"https:\/\/www.taeeuropa.eu\/producto\/untables-y-dips\/#breadcrumb","itemListElement":[{"@type":"ListItem","position":1,"name":"Portada","item":"https:\/\/www.taeeuropa.eu\/"},{"@type":"ListItem","position":2,"name":"Tienda","item":"https:\/\/www.taeeuropa.eu\/pt\/tienda\/"},{"@type":"ListItem","position":3,"name":"Untables y dips"}]},{"@type":"WebSite","@id":"https:\/\/www.taeeuropa.eu\/#website","url":"https:\/\/www.taeeuropa.eu\/","name":"TAE Europa","description":"Fusiones y Adquisiciones | Sector agroalimentario","publisher":{"@id":"https:\/\/www.taeeuropa.eu\/#organization"},"potentialAction":[{"@type":"SearchAction","target":{"@type":"EntryPoint","urlTemplate":"https:\/\/www.taeeuropa.eu\/?s={search_term_string}"},"query-input":{"@type":"PropertyValueSpecification","valueRequired":true,"valueName":"search_term_string"}}],"inLanguage":"pt-PT"},{"@type":"Organization","@id":"https:\/\/www.taeeuropa.eu\/#organization","name":"TAE Europa","url":"https:\/\/www.taeeuropa.eu\/","logo":{"@type":"ImageObject","inLanguage":"pt-PT","@id":"https:\/\/www.taeeuropa.eu\/#\/schema\/logo\/image\/","url":"https:\/\/www.taeeuropa.eu\/wp-content\/uploads\/Logo-fondo-blanco-1.jpg","contentUrl":"https:\/\/www.taeeuropa.eu\/wp-content\/uploads\/Logo-fondo-blanco-1.jpg","width":460,"height":460,"caption":"TAE Europa"},"image":{"@id":"https:\/\/www.taeeuropa.eu\/#\/schema\/logo\/image\/"},"sameAs":["https:\/\/www.linkedin.com\/company\/taeeuropa\/"]}]}},"_links":{"self":[{"href":"https:\/\/www.taeeuropa.eu\/pt\/wp-json\/wp\/v2\/product\/8031","targetHints":{"allow":["GET"]}}],"collection":[{"href":"https:\/\/www.taeeuropa.eu\/pt\/wp-json\/wp\/v2\/product"}],"about":[{"href":"https:\/\/www.taeeuropa.eu\/pt\/wp-json\/wp\/v2\/types\/product"}],"wp:featuredmedia":[{"embeddable":true,"href":"https:\/\/www.taeeuropa.eu\/pt\/wp-json\/wp\/v2\/media\/8033"}],"wp:attachment":[{"href":"https:\/\/www.taeeuropa.eu\/pt\/wp-json\/wp\/v2\/media?parent=8031"}],"wp:term":[{"taxonomy":"product_brand","embeddable":true,"href":"https:\/\/www.taeeuropa.eu\/pt\/wp-json\/wp\/v2\/product_brand?post=8031"},{"taxonomy":"product_cat","embeddable":true,"href":"https:\/\/www.taeeuropa.eu\/pt\/wp-json\/wp\/v2\/product_cat?post=8031"},{"taxonomy":"product_tag","embeddable":true,"href":"https:\/\/www.taeeuropa.eu\/pt\/wp-json\/wp\/v2\/product_tag?post=8031"}],"curies":[{"name":"wp","href":"https:\/\/api.w.org\/{rel}","templated":true}]}}